{"id":10,"date":"2010-03-22T18:36:19","date_gmt":"2010-03-22T18:36:19","guid":{"rendered":"http:\/\/192.168.13.234\/?page_id=10"},"modified":"2026-04-01T08:51:28","modified_gmt":"2026-04-01T08:51:28","slug":"vv-osh","status":"publish","type":"page","link":"https:\/\/oshol.hasici-ol.cz\/?page_id=10","title":{"rendered":"VV OSH"},"content":{"rendered":"<p>Pl\u00e1n pr\u00e1ce VV OSH na rok 2026 &#8211; <a href=\"https:\/\/oshol.hasici-ol.cz\/wp-content\/uploads\/2026\/04\/plan-prace-VV-OSH-2026.pdf\">pl\u00e1n pr\u00e1ce VV 2026<\/a><\/p>\n<p><a href=\"https:\/\/oshol.hasici-ol.cz\/wp-content\/uploads\/2026\/04\/SLOZENI-VYKONNEHO-VYBORU-OSH-OLOMOUC-2026-2031-2.pdf\">SLO\u017dEN\u00cd V\u00ddKONN\u00c9HO V\u00ddBORU OSH OLOMOUC 2026-2031 <\/a><\/p>\n<p><a href=\"https:\/\/oshol.hasici-ol.cz\/wp-content\/uploads\/2021\/10\/SLOZENI-VYKONNEHO-VYBORU-OSH-OLOMOUC-2021-2025.pdf\">Slo\u017een\u00ed VV OSH 2021-2025<\/a><\/p>\n<p><a href=\"https:\/\/oshol.hasici-ol.cz\/wp-content\/uploads\/2020\/05\/SLO\u017dEN\u00cd-V\u00ddKONN\u00c9HO-V\u00ddBORU-OSH-OLOMOUC-2020-2025.pdf\">Slo\u017een\u00ed VV OSH 2020-2021<\/a><\/p>\n<p><a href=\"https:\/\/oshol.hasici-ol.cz\/wp-content\/uploads\/2010\/03\/SLO\u017dEN\u00cd-V\u00ddKONN\u00c9HO-V\u00ddBORU-OSH-OLOMOUC.pdf\" target=\"_blank\" rel=\"noopener\">Slo\u017een\u00ed VV OSH 2015-2020<\/a><\/p>\n<p>Pl\u00e1n pr\u00e1ce VV OSH na rok 2021 &#8211;&nbsp;<a href=\"https:\/\/oshol.hasici-ol.cz\/wp-content\/uploads\/2021\/02\/Pl\u00e1n-pr\u00e1ce-VV-OSH-Olomouc-2021.pdf\">Pl\u00e1n pr\u00e1ce VV 2021<\/a><\/p>\n<p>Pl\u00e1n pr\u00e1ce VV OSH na rok 2020 &#8211;&nbsp;<a href=\"https:\/\/oshol.hasici-ol.cz\/wp-content\/uploads\/2021\/01\/Pl\u00e1n-pr\u00e1ce-VV-OSH-Olomouc-2020.pdf\">Pl\u00e1n pr\u00e1ce VV 2020<\/a><\/p>\n<p>Pl\u00e1n pr\u00e1ce VV OSH na rok 2019 &#8211;&nbsp;<a href=\"https:\/\/oshol.hasici-ol.cz\/wp-content\/uploads\/2019\/06\/Pl\u00e1n-pr\u00e1ce-VV-OSH-Olomouc-2019.pdf\">Pl\u00e1n pr\u00e1ce VV 2019<\/a><\/p>\n<p>Pl\u00e1n pr\u00e1ce VV OSH na rok 2018 &#8211; <a href=\"https:\/\/oshol.hasici-ol.cz\/wp-content\/uploads\/2018\/03\/Pl\u00e1n-pr\u00e1ce-VV-OSH-Olomouc-2018.pdf\">Pl\u00e1n pr\u00e1ce VV 2018<\/a><\/p>\n<p>Pl\u00e1n pr\u00e1ce VV OSH na rok 2015 &#8211; <a href=\"https:\/\/oshol.hasici-ol.cz\/wp-content\/uploads\/2010\/03\/Pl\u00e1n-pr\u00e1ce-VV-2015.pdf\">Pl\u00e1n pr\u00e1ce VV 2015<\/a><\/p>\n<p>Pl\u00e1n pr\u00e1ce VV OSH na rok 2014 &#8211; <a href=\"https:\/\/oshol.hasici-ol.cz\/wp-content\/uploads\/2010\/03\/Pl\u00e1n-pr\u00e1ce-VV-2014.pdf\">Pl\u00e1n pr\u00e1ce VV 2014<\/a><\/p>\n<p>Pl\u00e1n pr\u00e1ce VV OSH na rok 2013 &#8211; <a href=\"https:\/\/oshol.hasici-ol.cz\/wp-content\/uploads\/2010\/03\/Pl\u00e1n-pr\u00e1ce-VV-2013.pdf\">Pl\u00e1n pr\u00e1ce VV 2013<\/a><\/p>\n<p>Slo\u017een\u00ed VV OSH Olomouc od 5.5.2012 &#8211; <a href=\"https:\/\/oshol.hasici-ol.cz\/wp-content\/uploads\/2010\/03\/VV-OSH-Olomouc-od-25.5.20122.pdf\">VV-OSH-Olomouc od 25.5.2012<\/a><\/p>\n<p>Slo\u017een\u00ed VV OSH Olomouc od 1.1.2012 &#8211; <a href=\"https:\/\/oshol.hasici-ol.cz\/wp-content\/uploads\/2010\/03\/Slozeni-VV-OSH-Olomouc.pdf\">Slozeni VV OSH Olomouc<\/a><\/p>\n<p>Pl\u00e1n pr\u00e1ce VV OSH na rok 2012 &#8211;&nbsp;<a href=\"https:\/\/oshol.hasici-ol.cz\/wp-content\/uploads\/2010\/03\/Pl\u00e1n_pr\u00e1ce-VV-2012.pdf\">Pl\u00e1n_pr\u00e1ce VV 2012<\/a><\/p>\n<p>Pl\u00e1n pr\u00e1ce VV OSH na rok 2011 &#8211; <a href=\"https:\/\/oshol.hasici-ol.cz\/wp-content\/uploads\/2010\/03\/Plan-prace-VV-20111.doc\">Plan prace VV 2011<\/a><\/p>\n<p>Slo\u017een\u00ed VV OSH Olomouc &#8211; <a href=\"https:\/\/oshol.hasici-ol.cz\/wp-content\/uploads\/2010\/03\/Slozeni-VV-OSH-Olomouc3.doc\">Slozeni VV OSH Olomouc<\/a><\/p>\n","protected":false},"excerpt":{"rendered":"<p>Pl\u00e1n pr\u00e1ce VV OSH na rok 2026 &#8211; pl\u00e1n pr\u00e1ce VV 2026 SLO\u017dEN\u00cd V\u00ddKONN\u00c9HO V\u00ddBORU OSH OLOMOUC 2026-2031 Slo\u017een\u00ed VV OSH 2021-2025 Slo\u017een\u00ed VV OSH 2020-2021 Slo\u017een\u00ed VV OSH 2015-2020 Pl\u00e1n pr\u00e1ce VV OSH na &hellip;<\/p>\n","protected":false},"author":1,"featured_media":0,"parent":8,"menu_order":1,"comment_status":"closed","ping_status":"closed","template":"","meta":{"ngg_post_thumbnail":0,"footnotes":""},"class_list":["post-10","page","type-page","status-publish","hentry"],"_links":{"self":[{"href":"https:\/\/oshol.hasici-ol.cz\/index.php?rest_route=\/wp\/v2\/pages\/10","targetHints":{"allow":["GET"]}}],"collection":[{"href":"https:\/\/oshol.hasici-ol.cz\/index.php?rest_route=\/wp\/v2\/pages"}],"about":[{"href":"https:\/\/oshol.hasici-ol.cz\/index.php?rest_route=\/wp\/v2\/types\/page"}],"author":[{"embeddable":true,"href":"https:\/\/oshol.hasici-ol.cz\/index.php?rest_route=\/wp\/v2\/users\/1"}],"replies":[{"embeddable":true,"href":"https:\/\/oshol.hasici-ol.cz\/index.php?rest_route=%2Fwp%2Fv2%2Fcomments&post=10"}],"version-history":[{"count":34,"href":"https:\/\/oshol.hasici-ol.cz\/index.php?rest_route=\/wp\/v2\/pages\/10\/revisions"}],"predecessor-version":[{"id":7910,"href":"https:\/\/oshol.hasici-ol.cz\/index.php?rest_route=\/wp\/v2\/pages\/10\/revisions\/7910"}],"up":[{"embeddable":true,"href":"https:\/\/oshol.hasici-ol.cz\/index.php?rest_route=\/wp\/v2\/pages\/8"}],"wp:attachment":[{"href":"https:\/\/oshol.hasici-ol.cz\/index.php?rest_route=%2Fwp%2Fv2%2Fmedia&parent=10"}],"curies":[{"name":"wp","href":"https:\/\/api.w.org\/{rel}","templated":true}]}}