{"id":12,"date":"2010-03-22T18:36:28","date_gmt":"2010-03-22T18:36:28","guid":{"rendered":"http:\/\/192.168.13.234\/?page_id=12"},"modified":"2026-03-23T15:24:49","modified_gmt":"2026-03-23T15:24:49","slug":"okrr","status":"publish","type":"page","link":"https:\/\/oshol.hasici-ol.cz\/?page_id=12","title":{"rendered":"OKRR"},"content":{"rendered":"<p><a href=\"https:\/\/oshol.hasici-ol.cz\/wp-content\/uploads\/2026\/03\/SLOZENI-OKRESNI-KONTROLNI-A-REVIZNI-RADY-OSH-OLOMOUC-2026-2031.pdf\">SLO\u017dEN\u00cd OKRESN\u00cd KONTROLN\u00cd A REVIZN\u00cd RADY OSH OLOMOUC 2026-2031<\/a><\/p>\n<p><a href=\"https:\/\/oshol.hasici-ol.cz\/wp-content\/uploads\/2020\/05\/SLO\u017dEN\u00cd-OKRESN\u00cd-KONTROLN\u00cd-A-REVIZN\u00cd-RADY-OSH-OLOMOUC-2020-2025.pdf\">Slo\u017een\u00ed okresn\u00ed kontroln\u00ed a revizn\u00ed rady 2020-2025<\/a><\/p>\n<p><a href=\"https:\/\/oshol.hasici-ol.cz\/wp-content\/uploads\/2010\/03\/Slozeni-okresn\u00ed-kontrolni-a-revizni-rady-2015-2020.pdf\">Slozeni okresn\u00ed kontrolni a revizni rady 2015-2020<\/a><\/p>\n<p>Zpr\u00e1va rady za rok 2019 &#8211;&nbsp;<a href=\"https:\/\/oshol.hasici-ol.cz\/wp-content\/uploads\/2019\/12\/OKRR-podzim-2019-zprava.pdf\">OKRR podzim 2019, zprava<\/a><\/p>\n<p>Pl\u00e1n pr\u00e1ce rady na rok 2012 &#8211; <a href=\"https:\/\/oshol.hasici-ol.cz\/wp-content\/uploads\/2010\/03\/Plan-prace-OKRR-2012.pdf\">Plan prace OKRR 2012<\/a><\/p>\n<p>Zpr\u00e1va rady za rok 2011 &#8211; <a href=\"https:\/\/oshol.hasici-ol.cz\/wp-content\/uploads\/2010\/03\/Zprava-OKRR-za-rok-2011.pdf\">Zprava OKRR za rok 2011<\/a><\/p>\n<p>Zpr\u00e1va rady za 11\/2010 a\u017e 3\/2011 &#8211; <a href=\"https:\/\/oshol.hasici-ol.cz\/wp-content\/uploads\/2010\/03\/\u010cinnost_OKRR_1-2011.pdf\">\u010cinnost_OKRR_1-2011<\/a><\/p>\n<p>Zpr\u00e1va rady za rok 2010 &#8211; <a href=\"https:\/\/oshol.hasici-ol.cz\/wp-content\/uploads\/2010\/03\/Zprava-OKRR-za-rok-2010.doc\">Zprava OKRR za rok 2010<\/a><\/p>\n<p>Slo\u017een\u00ed OKRR OSH Olomouc &#8211; <a href=\"https:\/\/oshol.hasici-ol.cz\/wp-content\/uploads\/2010\/03\/Slozeni-OKRR-OSH-Olomouc.doc\">Slozeni OKRR OSH Olomouc<\/a><\/p>\n","protected":false},"excerpt":{"rendered":"<p>SLO\u017dEN\u00cd OKRESN\u00cd KONTROLN\u00cd A REVIZN\u00cd RADY OSH OLOMOUC 2026-2031 Slo\u017een\u00ed okresn\u00ed kontroln\u00ed a revizn\u00ed rady 2020-2025 Slozeni okresn\u00ed kontrolni a revizni rady 2015-2020 Zpr\u00e1va rady za rok 2019 &#8211;&nbsp;OKRR podzim 2019, zprava Pl\u00e1n pr\u00e1ce rady &hellip;<\/p>\n","protected":false},"author":1,"featured_media":0,"parent":8,"menu_order":2,"comment_status":"closed","ping_status":"closed","template":"","meta":{"ngg_post_thumbnail":0,"footnotes":""},"class_list":["post-12","page","type-page","status-publish","hentry"],"_links":{"self":[{"href":"https:\/\/oshol.hasici-ol.cz\/index.php?rest_route=\/wp\/v2\/pages\/12","targetHints":{"allow":["GET"]}}],"collection":[{"href":"https:\/\/oshol.hasici-ol.cz\/index.php?rest_route=\/wp\/v2\/pages"}],"about":[{"href":"https:\/\/oshol.hasici-ol.cz\/index.php?rest_route=\/wp\/v2\/types\/page"}],"author":[{"embeddable":true,"href":"https:\/\/oshol.hasici-ol.cz\/index.php?rest_route=\/wp\/v2\/users\/1"}],"replies":[{"embeddable":true,"href":"https:\/\/oshol.hasici-ol.cz\/index.php?rest_route=%2Fwp%2Fv2%2Fcomments&post=12"}],"version-history":[{"count":13,"href":"https:\/\/oshol.hasici-ol.cz\/index.php?rest_route=\/wp\/v2\/pages\/12\/revisions"}],"predecessor-version":[{"id":7887,"href":"https:\/\/oshol.hasici-ol.cz\/index.php?rest_route=\/wp\/v2\/pages\/12\/revisions\/7887"}],"up":[{"embeddable":true,"href":"https:\/\/oshol.hasici-ol.cz\/index.php?rest_route=\/wp\/v2\/pages\/8"}],"wp:attachment":[{"href":"https:\/\/oshol.hasici-ol.cz\/index.php?rest_route=%2Fwp%2Fv2%2Fmedia&parent=12"}],"curies":[{"name":"wp","href":"https:\/\/api.w.org\/{rel}","templated":true}]}}