{"id":14,"date":"2010-03-22T18:36:38","date_gmt":"2010-03-22T18:36:38","guid":{"rendered":"http:\/\/192.168.13.234\/?page_id=14"},"modified":"2026-03-23T15:55:09","modified_gmt":"2026-03-23T15:55:09","slug":"oorv","status":"publish","type":"page","link":"https:\/\/oshol.hasici-ol.cz\/?page_id=14","title":{"rendered":"OORR"},"content":{"rendered":"<p><strong>2026:<\/strong><\/p>\n<p><a href=\"https:\/\/oshol.hasici-ol.cz\/wp-content\/uploads\/2026\/03\/SLOZENI-ODBORNE-RADY-REPRESE-A-SPORTU-OSH-OLOMOUC-2026-2031.pdf\">SLO\u017dEN\u00cd ODBORN\u00c9 RADY REPRESE A SPORTU OSH OLOMOUC 2026-2031<\/a><\/p>\n<p><strong>2025:<\/strong><\/p>\n<p><a href=\"https:\/\/oshol.hasici-ol.cz\/wp-content\/uploads\/2021\/09\/SLOZENI-ODBORNE-RADY-VELITELU-OSH-OLOMOUC.pdf\">Slo\u017een\u00ed odborn\u00e9 rady represe 2021-2025<\/a><\/p>\n<p><a href=\"https:\/\/oshol.hasici-ol.cz\/wp-content\/uploads\/2020\/04\/SLO\u017dEN\u00cd-ODBORN\u00c9-RADY-VELITEL\u016e-OSH-OLOMOUC-1-1.pdf\">Slo\u017een\u00ed odborn\u00e9 rady represe 2020-2021<\/a><\/p>\n<p><strong>Rok 2023<\/strong><\/p>\n<p><a href=\"https:\/\/oshol.hasici-ol.cz\/wp-content\/uploads\/2023\/01\/Plan-prace-OORR-Olomouc-2023.pdf\">Pl\u00e1n pr\u00e1ce OORR na rok 2023<\/a><\/p>\n<p><strong>Rok 2021<\/strong><\/p>\n<p><a href=\"https:\/\/oshol.hasici-ol.cz\/wp-content\/uploads\/2021\/01\/V\u00fdcvikov\u00fd-rok-2021.doc\">V\u00fdcvikov\u00fd rok 2021<\/a><\/p>\n<p><a href=\"https:\/\/oshol.hasici-ol.cz\/wp-content\/uploads\/2021\/01\/T\u00e9mata-pravideln\u00e9-OP-2021.xlsx\">T\u00e9mata pravideln\u00e9 OP 2021<\/a><\/p>\n<p><strong>Rok 2020<\/strong><\/p>\n<p><a href=\"https:\/\/oshol.hasici-ol.cz\/wp-content\/uploads\/2019\/12\/Vycvikovy-rok-2020.pdf\">V\u00fdcvikov\u00fd rok 2020<\/a><\/p>\n<p><strong>Rok 2019<\/strong><\/p>\n<p><span style=\"color: #0000ff;\"><a style=\"color: #0000ff;\" href=\"https:\/\/oshol.hasici-ol.cz\/wp-content\/uploads\/2019\/12\/Zprava_o_cinnosti_OORV_2019.pdf\">Zpr\u00e1va o \u010dinnosti OORR za rok 2019<\/a><\/span><\/p>\n<p><span style=\"color: #0000ff;\"><a style=\"color: #0000ff;\" href=\"https:\/\/oshol.hasici-ol.cz\/wp-content\/uploads\/2019\/12\/Plan-prace-OORR-Olomouc-pro-2020.pdf\">Pl\u00e1n pr\u00e1ce OORR na rok 2020<\/a><\/span><\/p>\n<p><em>Informace \u00dast\u0159edn\u00ed odborn\u00e9 rady represe:<\/em><\/p>\n<p><a href=\"https:\/\/oshol.hasici-ol.cz\/wp-content\/uploads\/2019\/12\/Program_cinnosti_2020-2025.pdf\">Program \u010dinnosti SH \u010cMS 2020-2025<\/a><\/p>\n<p><span style=\"color: #3366ff;\"><a style=\"color: #3366ff;\" href=\"https:\/\/oshol.hasici-ol.cz\/wp-content\/uploads\/2019\/12\/Plan_prace_UORR_2020.pdf\">Pl\u00e1n pr\u00e1ce UORR 2020<\/a><\/span><\/p>\n<p>Zam\u011b\u0159en\u00ed OP JPO na rok 2020 &#8211;&nbsp;<span style=\"color: #3366ff;\"><a style=\"color: #3366ff;\" href=\"https:\/\/oshol.hasici-ol.cz\/wp-content\/uploads\/2019\/12\/Zamereni-OP-JPO-na-rok-2020-1.pdf\">1<\/a>,<a style=\"color: #3366ff;\" href=\"https:\/\/oshol.hasici-ol.cz\/wp-content\/uploads\/2019\/12\/Zamereni-OP-JPO-na-rok-2020-2.pdf\">&nbsp;2,&nbsp;<\/a><a style=\"color: #3366ff;\" href=\"https:\/\/oshol.hasici-ol.cz\/wp-content\/uploads\/2019\/12\/Zamereni-OP-JPO-na-rok-2020-3.pdf\">3<\/a>, <a style=\"color: #3366ff;\" href=\"https:\/\/oshol.hasici-ol.cz\/wp-content\/uploads\/2019\/12\/Zamereni-OP-JPO-na-rok-2020-4.pdf\">4,&nbsp;<\/a><a style=\"color: #3366ff;\" href=\"https:\/\/oshol.hasici-ol.cz\/wp-content\/uploads\/2019\/12\/Zamereni-OP-JPO-na-rok-2020-5.pdf\">5<\/a><\/span><\/p>\n<p><a href=\"https:\/\/oshol.hasici-ol.cz\/wp-content\/uploads\/2019\/12\/Zaznam_z_jednani_UORR_6.-7._12._2019-1.pdf\">Z\u00e1znam z jedn\u00e1n\u00ed UORR 6.-7.12.2019<\/a><\/p>\n<p><a href=\"https:\/\/oshol.hasici-ol.cz\/wp-content\/uploads\/2019\/12\/clanek_jednani_rady_represe_6.12.-1.pdf\">Jedn\u00e1n\u00ed rady represe 6.12.2019<\/a><\/p>\n<p><a href=\"https:\/\/oshol.hasici-ol.cz\/wp-content\/uploads\/2019\/12\/Ustredni-odborna-rada-represe-podava-pomocnou-ruku-velitelum.pdf\">UORR pod\u00e1v\u00e1 pomocnou ruku velitel\u016fm<\/a><\/p>\n<p><a href=\"https:\/\/oshol.hasici-ol.cz\/wp-content\/uploads\/2019\/12\/Presentace_oblasti_represe_SH_CMS_duben_2019.pdf\">SH \u010cMS Strategick\u00fd pl\u00e1n rozvoje \u00faseku represe (04\/2019)<\/a><\/p>\n<p><span style=\"color: #3366ff;\"><a style=\"color: #3366ff;\" href=\"https:\/\/oshol.hasici-ol.cz\/wp-content\/uploads\/2019\/12\/clanek_kurovcova_kalamita-1.pdf\">K\u016frovcov\u00e1 kalamita<\/a><\/span><\/p>\n<p><a href=\"https:\/\/oshol.hasici-ol.cz\/wp-content\/uploads\/2019\/12\/Nahrady_clenu_jednotek_SDH_obci-1.pdf\">N\u00e1hrady \u010dlen\u016f jednotek SDH obc\u00ed<\/a><\/p>\n<p><a href=\"https:\/\/oshol.hasici-ol.cz\/wp-content\/uploads\/2019\/12\/Narizeni_57-2013.pdf\">Na\u0159\u00edzen\u00ed 57. 2013<\/a><\/p>\n<p><a href=\"https:\/\/oshol.hasici-ol.cz\/wp-content\/uploads\/2019\/12\/Narizeni_3_2014.pdf\">Na\u0159\u00edzen\u00ed 3. 2014<\/a><\/p>\n<p><a href=\"https:\/\/oshol.hasici-ol.cz\/wp-content\/uploads\/2019\/12\/Plneni_ukolu_2015-2020_UOR_1.pdf\">Pln\u011bn\u00ed \u00fakol\u016f 2015-2020 UOOR<\/a><\/p>\n<p><span style=\"color: #3366ff;\"><a style=\"color: #3366ff;\" href=\"https:\/\/www.email.cz\/download\/k\/Uf5iAWv7IwTWAD95-tB2phsTzSPGYIdEv7DlO1gCIreYZL0mKxegTYJxxHuO_dAHq4nck5c\/Hasici_a_klimaticke_zmeny.pdf\">Hasi\u010di a klimatick\u00e9 zm\u011bny<\/a><\/span><\/p>\n<p><strong>Rok 2017<\/strong><\/p>\n<p><a href=\"https:\/\/oshol.hasici-ol.cz\/wp-content\/uploads\/2018\/03\/Zpr\u00e1va-o-\u010dinnosti-OORR-za-rok-2017.pdf\">Zpr\u00e1va o \u010dinnosti OORR za rok 2017<\/a><\/p>\n<p><a href=\"https:\/\/oshol.hasici-ol.cz\/wp-content\/uploads\/2010\/03\/T\u00e9mata-pravideln\u00e9-odborn\u00e9-p\u0159\u00edpravy-JSDH-2017.pdf\">T\u00e9mata pravideln\u00e9 odborn\u00e9 p\u0159\u00edpravy JSDH 2017<\/a><\/p>\n<p><strong>Rok 2015<\/strong><\/p>\n<p><a href=\"https:\/\/oshol.hasici-ol.cz\/wp-content\/uploads\/2010\/03\/Zpr\u00e1va-o-\u010dinnosti-OORV-za-rok-2015.docx\">Zpr\u00e1va o \u010dinnosti OORV za rok 2015<\/a><\/p>\n<p><strong>Zkou\u0161ky odbornosti Hasi\u010d I.-III. stupn\u011b (19.11.2015): <\/strong><a href=\"https:\/\/oshol.hasici-ol.cz\/wp-content\/uploads\/2010\/03\/Vyhl\u00e1\u0161en\u00ed-zkou\u0161ek.pdf\">Vyhl\u00e1\u0161en\u00ed zkou\u0161ek<\/a>, <a href=\"https:\/\/oshol.hasici-ol.cz\/wp-content\/uploads\/2010\/03\/Pokyn.pdf\">Pokyn<\/a>, <a href=\"https:\/\/oshol.hasici-ol.cz\/wp-content\/uploads\/2010\/03\/oblast-A-P\u0159edpisy.pdf\">oblast A &#8211; P\u0159edpisy<\/a>, <a href=\"https:\/\/oshol.hasici-ol.cz\/wp-content\/uploads\/2010\/03\/oblast-B-Prevence-a-ochrana-obyvatel.pdf\">oblast B &#8211; Prevence a ochrana obyvatel<\/a>, <a href=\"https:\/\/oshol.hasici-ol.cz\/wp-content\/uploads\/2010\/03\/oblast-C-N\u00e1zvoslov\u00ed.pdf\">oblast C &#8211; N\u00e1zvoslov\u00ed<\/a>, <a href=\"https:\/\/oshol.hasici-ol.cz\/wp-content\/uploads\/2010\/03\/oblast-D-Specieln\u00ed-z\u00e1sahy.pdf\">oblast D &#8211; Specieln\u00ed z\u00e1sahy<\/a>, <a href=\"https:\/\/oshol.hasici-ol.cz\/wp-content\/uploads\/2010\/03\/oblast-E-Ustni.pdf\">oblast E &#8211; Ustni<\/a>, <a href=\"https:\/\/oshol.hasici-ol.cz\/wp-content\/uploads\/2010\/03\/p\u0159ihl\u00e1\u0161ka-Hasi\u010d-I..doc\">p\u0159ihl\u00e1\u0161ka Hasi\u010d I.<\/a>, <a href=\"https:\/\/oshol.hasici-ol.cz\/wp-content\/uploads\/2010\/03\/p\u0159ihl\u00e1\u0161ka-Hasi\u010d-II..doc\">p\u0159ihl\u00e1\u0161ka Hasi\u010d II.<\/a>, <a href=\"https:\/\/oshol.hasici-ol.cz\/wp-content\/uploads\/2010\/03\/p\u0159ihl\u00e1\u0161ka-Hasi\u010d-III..doc\">p\u0159ihl\u00e1\u0161ka Hasi\u010d III.<\/a><\/p>\n<p>Ostatn\u00ed z\u00e1pisy v roku 2015 jsou k nahl\u00e9dnut\u00ed v kancel\u00e1\u0159i OSH Olomouc.<\/p>\n<p>Z\u00e1pis z jedn\u00e1n\u00ed rady 9.3.2015 &#8211; <a href=\"https:\/\/oshol.hasici-ol.cz\/wp-content\/uploads\/2010\/03\/Zapis_z_9.3.2015.pdf\">Zapis_z_9.3.2015<\/a><\/p>\n<p>Z\u00e1pis z jedn\u00e1n\u00ed rady 3.3.2015 &#8211; <a href=\"https:\/\/oshol.hasici-ol.cz\/wp-content\/uploads\/2010\/03\/Zapis_z_3.3.2015.pdf\">Zapis_z_3.3.2015<\/a><\/p>\n<p>Pl\u00e1n pr\u00e1ce na rok 2015 &#8211; <a href=\"https:\/\/oshol.hasici-ol.cz\/wp-content\/uploads\/2010\/03\/Plan-prace-OORV-pro-2015.pdf\">Plan prace OORV pro 2015<\/a><\/p>\n<p><a href=\"https:\/\/oshol.hasici-ol.cz\/wp-content\/uploads\/2010\/03\/Vycvikovy_rok_2015.pdf\">Vycvikovy_rok_2015<\/a><\/p>\n<p><strong>ROK 2014, 2013<br \/>\n<\/strong><\/p>\n<p>Prezentace ze setk\u00e1n\u00ed velitel\u016f z 27.3.2014 &#8211; <a href=\"https:\/\/oshol.hasici-ol.cz\/wp-content\/uploads\/2010\/03\/Semin\u00e1\u0159-velitel\u016f-P\u0159ibyslav.ppt\">Semin\u00e1\u0159 velitel\u016f P\u0159ibyslav<\/a> +&nbsp;<a href=\"https:\/\/oshol.hasici-ol.cz\/wp-content\/uploads\/2010\/03\/Odborna_priprava_clenu_JSDHO.ppt\">Odborna_priprava_clenu_JSDHO<\/a> + <a href=\"https:\/\/oshol.hasici-ol.cz\/wp-content\/uploads\/2010\/03\/Zakladni_temata_pravidelne_OP_2014.pdf\">Zakladni_temata_pravidelne_OP_2014<\/a><\/p>\n<p>Pl\u00e1n pr\u00e1ce na rok 2014 &#8211; <a href=\"https:\/\/oshol.hasici-ol.cz\/wp-content\/uploads\/2010\/03\/Pl\u00e1n-pr\u00e1ce-OORV-2014.pdf\">Pl\u00e1n pr\u00e1ce OORV 2014<\/a><\/p>\n<p>Prezentace ze setk\u00e1n\u00ed velitel\u016f z 3.12.2013 &#8211;<\/p>\n<p>Pom\u016fcka okrsk\u016fm pro \u0161kolen\u00ed velitel\u016f JPO &#8211; <a href=\"https:\/\/oshol.hasici-ol.cz\/wp-content\/uploads\/2010\/03\/Velitele_Okrsku..ppt\">Velitele_Okrsku.<\/a><\/p>\n<p>Pl\u00e1n pr\u00e1ce na rok 2013 &#8211; <a href=\"https:\/\/oshol.hasici-ol.cz\/wp-content\/uploads\/2010\/03\/Pl\u00e1n-pr\u00e1ce-OORV-2013.pdf\">Pl\u00e1n pr\u00e1ce OORV 2013<\/a><\/p>\n<p><strong>ROK 2012<\/strong><\/p>\n<p>Z\u00e1pis z jedn\u00e1n\u00ed rady z 8.11.2012 &#8211; <a href=\"https:\/\/oshol.hasici-ol.cz\/wp-content\/uploads\/2010\/03\/Jedn\u00e1n\u00ed-OORV-8.11.2012.pdf\">Jedn\u00e1n\u00ed OORV 8.11.2012<\/a><\/p>\n<p>Z\u00e1pis z jedn\u00e1n\u00ed rady z 20.9.2012 &#8211; <a href=\"https:\/\/oshol.hasici-ol.cz\/wp-content\/uploads\/2010\/03\/Jedn\u00e1n\u00ed-OORV-20.9.2012.pdf\">Jedn\u00e1n\u00ed OORV 20.9.2012<\/a><\/p>\n<p>Zkou\u0161ky Hasi\u010d II. a III. stupn\u011b &#8211; <a href=\"https:\/\/oshol.hasici-ol.cz\/wp-content\/uploads\/2010\/03\/Hasic-l-lll1.pdf\">Hasic l-lll<\/a>, <a href=\"https:\/\/oshol.hasici-ol.cz\/wp-content\/uploads\/2010\/03\/testove_otazky.pdf\">testove_otazky<\/a>, <a href=\"https:\/\/oshol.hasici-ol.cz\/wp-content\/uploads\/2010\/03\/spravne_odpovedi.pdf\">spravne_odpovedi<\/a>, <a href=\"https:\/\/oshol.hasici-ol.cz\/wp-content\/uploads\/2010\/03\/Metodicky_pokyn.pdf\">Metodicky_pokyn<\/a><\/p>\n<p>Z\u00e1pis z jedn\u00e1n\u00ed rady z 31.5.2012 &#8211; <a href=\"https:\/\/oshol.hasici-ol.cz\/wp-content\/uploads\/2010\/03\/Jedn\u00e1n\u00ed-OORV-31.5.2012.pdf\">Jedn\u00e1n\u00ed OORV 31.5.2012<\/a><\/p>\n<p>Z\u00e1pis z jedn\u00e1n\u00ed rady z 23.3.2012 &#8211; <a href=\"https:\/\/oshol.hasici-ol.cz\/wp-content\/uploads\/2010\/03\/Jedn\u00e1n\u00ed-OORV-23.3.2012.pdf\">Jedn\u00e1n\u00ed OORV 23.3.2012<\/a><\/p>\n<p>Z\u00e1pis z jedn\u00e1n\u00ed rady z 19.2.2012 &#8211; <a href=\"https:\/\/oshol.hasici-ol.cz\/wp-content\/uploads\/2010\/03\/Jednan\u00ed-OORV-19.2.20121.pdf\">Jednan\u00ed OORV 19.2.2012<\/a><\/p>\n<p>Z\u00e1pis z jedn\u00e1n\u00ed rady 25.1.2012 &#8211; <a href=\"https:\/\/oshol.hasici-ol.cz\/wp-content\/uploads\/2010\/03\/Jednan\u00ed-OORV-25.1.2012.pdf\">Jednan\u00ed OORV 25.1.2012<\/a><\/p>\n<p><strong>Slo\u017een\u00ed OORV od 12.11.2011<\/strong> &#8211; <a href=\"https:\/\/oshol.hasici-ol.cz\/wp-content\/uploads\/2010\/03\/Slozeni-OORV-OSH-Olomouc1.pdf\">Slozeni OORV OSH Olomouc<\/a><\/p>\n<p>Pl\u00e1n pr\u00e1ce rady na rok 2012 &#8211; <a href=\"https:\/\/oshol.hasici-ol.cz\/wp-content\/uploads\/2010\/03\/Pl\u00e1n-pr\u00e1ce-OORV-2012.pdf\">Pl\u00e1n pr\u00e1ce OORV 2012<\/a><\/p>\n<p><strong>ROK 2011<\/strong><\/p>\n<p>Z\u00e1pis z jedn\u00e1n\u00ed rady 29.12.2011 &#8211; <a href=\"https:\/\/oshol.hasici-ol.cz\/wp-content\/uploads\/2010\/03\/Jednan\u00ed-OORV-29.12.2011.pdf\">Jednan\u00ed OORV 29.12.2011<\/a><\/p>\n<p>Z\u00e1pis z jedn\u00e1n\u00ed rady 3.11.2011 &#8211; <a href=\"https:\/\/oshol.hasici-ol.cz\/wp-content\/uploads\/2010\/03\/Jednan\u00ed-OORV-3.11.2011.pdf\">Jednan\u00ed OORV 3.11.2011<\/a><\/p>\n<p>Z\u00e1pis z jedn\u00e1n\u00ed rady 14.10.2011 &#8211; <a href=\"https:\/\/oshol.hasici-ol.cz\/wp-content\/uploads\/2010\/03\/Jednani-OORV-14.10.2011.pdf\">Jednani OORV 14.10.2011<\/a><\/p>\n<p>Z\u00e1pis z jedn\u00e1n\u00ed rady 19.5.2011 &#8211; <a href=\"https:\/\/oshol.hasici-ol.cz\/wp-content\/uploads\/2010\/03\/Jednani-OORV-19.5.2011.doc\">Jednani OORV 19.5.2011<\/a><\/p>\n<p>Z\u00e1pis z jedn\u00e1n\u00ed rady 14.4.2011 &#8211; <a href=\"https:\/\/oshol.hasici-ol.cz\/wp-content\/uploads\/2010\/03\/Jednani-OORV-14.4.2011.doc\">Jednani OORV 14.4.2011<\/a><\/p>\n<p>Z\u00e1pis z jedn\u00e1n\u00ed rady 9.3.2011 &#8211; <a href=\"https:\/\/oshol.hasici-ol.cz\/wp-content\/uploads\/2010\/03\/Jednani_OORV-9.3.2011.doc\">Jednani_OORV 9.3.2011<\/a><\/p>\n<p>Z\u00e1pis z jedn\u00e1n\u00ed rady 10.2.2011 &#8211; <a href=\"https:\/\/oshol.hasici-ol.cz\/wp-content\/uploads\/2010\/03\/Zapis_z_jednani__OORV_10.2.2011.doc\">Zapis_z_jednani__OORV_10.2.2011<\/a><\/p>\n<p><strong>Rok 2010<\/strong><\/p>\n<p>Zpr\u00e1va rady velitel\u016f za rok 2010 &#8211; <a href=\"https:\/\/oshol.hasici-ol.cz\/wp-content\/uploads\/2010\/03\/Zpr\u00e1va-OORV-za-rok-2010.doc\">Zpr\u00e1va OORV za rok 2010<\/a><\/p>\n<p>Z\u00e1pis z jedn\u00e1n\u00ed rady 7.10.2010 &#8211; <a href=\"https:\/\/oshol.hasici-ol.cz\/wp-content\/uploads\/2010\/03\/jednani-OORV-2010-10-07.doc\">jednani OORV 2010-10-07<\/a><\/p>\n<p>Z\u00e1pis z jedn\u00e1n\u00ed rady 1.9.2010 &#8211; <a href=\"https:\/\/oshol.hasici-ol.cz\/wp-content\/uploads\/2010\/03\/Zapis-z-jednani-OORV-1.9.2010.doc\">Zapis z jednani OORV 1.9.2010<\/a><\/p>\n<p>Z\u00e1pis z jedn\u00e1n\u00ed rady 5.5.2010 &#8211; <a href=\"https:\/\/oshol.hasici-ol.cz\/wp-content\/uploads\/2010\/03\/Jednani-OORV-5.5.2010.doc\">Jednani OORV 5.5.2010<\/a><\/p>\n<p>Z\u00e1pis z voledn\u00edho jedn\u00e1n\u00ed rady &#8211; <a href=\"https:\/\/oshol.hasici-ol.cz\/wp-content\/uploads\/2010\/03\/Zapis-z-OORV-I.pdf\">Zapis z OORV I<\/a><\/p>\n<p>Slo\u017een\u00ed OORV &#8211; <a href=\"https:\/\/oshol.hasici-ol.cz\/wp-content\/uploads\/2010\/03\/Slozeni-OORV-OSH-Olomouc.pdf\">Slozeni OORV OSH Olomouc<\/a><\/p>\n<p>Zpr\u00e1va rady velitel\u016f za rok 2009 &#8211; <a href=\"https:\/\/oshol.hasici-ol.cz\/wp-content\/uploads\/2010\/03\/Zprava-OORV-2009.pdf\">Zprava OORV 2009<\/a><\/p>\n","protected":false},"excerpt":{"rendered":"<p>2026: SLO\u017dEN\u00cd ODBORN\u00c9 RADY REPRESE A SPORTU OSH OLOMOUC 2026-2031 2025: Slo\u017een\u00ed odborn\u00e9 rady represe 2021-2025 Slo\u017een\u00ed odborn\u00e9 rady represe 2020-2021 Rok 2023 Pl\u00e1n pr\u00e1ce OORR na rok 2023 Rok 2021 V\u00fdcvikov\u00fd rok 2021 T\u00e9mata &hellip;<\/p>\n","protected":false},"author":1,"featured_media":0,"parent":8,"menu_order":5,"comment_status":"closed","ping_status":"closed","template":"","meta":{"ngg_post_thumbnail":0,"footnotes":""},"class_list":["post-14","page","type-page","status-publish","hentry"],"_links":{"self":[{"href":"https:\/\/oshol.hasici-ol.cz\/index.php?rest_route=\/wp\/v2\/pages\/14","targetHints":{"allow":["GET"]}}],"collection":[{"href":"https:\/\/oshol.hasici-ol.cz\/index.php?rest_route=\/wp\/v2\/pages"}],"about":[{"href":"https:\/\/oshol.hasici-ol.cz\/index.php?rest_route=\/wp\/v2\/types\/page"}],"author":[{"embeddable":true,"href":"https:\/\/oshol.hasici-ol.cz\/index.php?rest_route=\/wp\/v2\/users\/1"}],"replies":[{"embeddable":true,"href":"https:\/\/oshol.hasici-ol.cz\/index.php?rest_route=%2Fwp%2Fv2%2Fcomments&post=14"}],"version-history":[{"count":71,"href":"https:\/\/oshol.hasici-ol.cz\/index.php?rest_route=\/wp\/v2\/pages\/14\/revisions"}],"predecessor-version":[{"id":7892,"href":"https:\/\/oshol.hasici-ol.cz\/index.php?rest_route=\/wp\/v2\/pages\/14\/revisions\/7892"}],"up":[{"embeddable":true,"href":"https:\/\/oshol.hasici-ol.cz\/index.php?rest_route=\/wp\/v2\/pages\/8"}],"wp:attachment":[{"href":"https:\/\/oshol.hasici-ol.cz\/index.php?rest_route=%2Fwp%2Fv2%2Fmedia&parent=14"}],"curies":[{"name":"wp","href":"https:\/\/api.w.org\/{rel}","templated":true}]}}