{"id":16,"date":"2010-03-22T18:36:49","date_gmt":"2010-03-22T18:36:49","guid":{"rendered":"http:\/\/192.168.13.234\/?page_id=16"},"modified":"2026-04-15T08:05:06","modified_gmt":"2026-04-15T08:05:06","slug":"oorm","status":"publish","type":"page","link":"https:\/\/oshol.hasici-ol.cz\/?page_id=16","title":{"rendered":"OORM"},"content":{"rendered":"<h4>Rok 2026<\/h4>\n<p><a href=\"https:\/\/oshol.hasici-ol.cz\/wp-content\/uploads\/2026\/04\/zapis8.4.2026.docx\">z\u00e1pis 08.04.2026<\/a><\/p>\n<p><a href=\"https:\/\/oshol.hasici-ol.cz\/wp-content\/uploads\/2026\/04\/Zapis-17.2.2026-1.docx\">Z\u00e1pis 17.02.2026<\/a><\/p>\n<p><a href=\"https:\/\/oshol.hasici-ol.cz\/wp-content\/uploads\/2026\/04\/PLAN-PRACE-OORM-NA-ROK-2026-2.docx\">PL\u00c1N PR\u00c1CE OORM NA ROK 2026 <\/a><\/p>\n<p><a href=\"https:\/\/oshol.hasici-ol.cz\/wp-content\/uploads\/2026\/03\/SLOZENI-ODBORNE-RADY-MLADEZE-OSH-OLOMOUC.pdf\">SLO\u017dEN\u00cd ODBORN\u00c9 RADY ML\u00c1DE\u017dE OSH OLOMOUC 2026-2031<\/a>&nbsp;<\/p>\n<h4>Rok 2025<\/h4>\n<p><a href=\"https:\/\/oshol.hasici-ol.cz\/wp-content\/uploads\/2026\/03\/Zapis-z-OORM-21.10.2025-1.docx\">Z\u00e1pis z OORM 21.10.2025<\/a><\/p>\n<p><a href=\"https:\/\/oshol.hasici-ol.cz\/wp-content\/uploads\/2026\/04\/Zapis-18.9.2025-1.docx\">Z\u00e1pis 18.9.2025<\/a><\/p>\n<p><a href=\"https:\/\/oshol.hasici-ol.cz\/wp-content\/uploads\/2026\/04\/Zapis-17.06.2025-1.docx\">Z\u00e1pis 17.06.2025<\/a><\/p>\n<p><a href=\"https:\/\/oshol.hasici-ol.cz\/wp-content\/uploads\/2026\/04\/Zapis-28.5.2025-1.docx\">Z\u00e1pis 28.5.2025<\/a><\/p>\n<p><a href=\"https:\/\/oshol.hasici-ol.cz\/wp-content\/uploads\/2026\/04\/zapis-25.3.2025-1.docx\">z\u00e1pis 25.3.2025<\/a><\/p>\n<p><a href=\"https:\/\/oshol.hasici-ol.cz\/wp-content\/uploads\/2026\/04\/Zapis-19.2.2025-1.docx\">Z\u00e1pis 19.2.2025<\/a><\/p>\n<p><a href=\"https:\/\/oshol.hasici-ol.cz\/wp-content\/uploads\/2026\/04\/zapis-22.1.2025-1.docx\">z\u00e1pis 22.1.2025 <\/a><\/p>\n<p><a href=\"https:\/\/oshol.hasici-ol.cz\/wp-content\/uploads\/2026\/03\/PLAN-PRACE-OORM-2025.docx\">PL\u00c1N PR\u00c1CE OORM 2025<\/a><\/p>\n<h4>Rok 2024<\/h4>\n<p><a href=\"https:\/\/oshol.hasici-ol.cz\/wp-content\/uploads\/2026\/04\/zapis-27.3.2024-1-1.docx\">z\u00e1pis z jedn\u00e1n\u00ed rady 27.3.2024 <\/a><\/p>\n<p><a href=\"https:\/\/oshol.hasici-ol.cz\/wp-content\/uploads\/2026\/04\/zapis-27.8.2024-1.docx\">z\u00e1pis z jedn\u00e1n\u00ed rady 27.8.2024<\/a><\/p>\n<p><a href=\"https:\/\/oshol.hasici-ol.cz\/wp-content\/uploads\/2026\/04\/zapis-19.6.2024-1.docx\">z\u00e1pis z jedn\u00e1n\u00ed rady 19.6.2024 <\/a><\/p>\n<p><a href=\"https:\/\/oshol.hasici-ol.cz\/wp-content\/uploads\/2026\/04\/zapis-7.5.2024-1.docx\">z\u00e1pis z jedn\u00e1n\u00ed rady 7.5.2024&nbsp;<\/a><\/p>\n<p><a href=\"https:\/\/oshol.hasici-ol.cz\/wp-content\/uploads\/2026\/04\/zapis-27.3.2024-1.docx\">z\u00e1pis z jedn\u00e1n\u00ed rady 27.3.2024 <\/a><\/p>\n<p><a href=\"https:\/\/oshol.hasici-ol.cz\/wp-content\/uploads\/2024\/03\/Zapis-z-OORM-7.2.2024.docx\">Z\u00e1pis z jedn\u00e1n\u00ed rady 7.2.2024<\/a><\/p>\n<p><a href=\"https:\/\/oshol.hasici-ol.cz\/wp-content\/uploads\/2024\/03\/Zapis-z-OORM-24.1.2024.docx\">Z\u00e1pis z jedn\u00e1n\u00ed rady&nbsp; 24.1.2024<\/a><\/p>\n<h4><strong>Rok 2023<\/strong><\/h4>\n<p><a href=\"https:\/\/oshol.hasici-ol.cz\/wp-content\/uploads\/2023\/12\/Zapis-z-OORM-29.11.2023.docx\">Z\u00e1pis z jedn\u00e1n\u00ed rady 29.11.2023<\/a><\/p>\n<p><a href=\"https:\/\/oshol.hasici-ol.cz\/wp-content\/uploads\/2023\/10\/Zapis-z-OORM-18.10.2023.docx\">Z\u00e1pis z jedn\u00e1n\u00ed rady 18.10.2023<\/a><\/p>\n<p><a href=\"https:\/\/oshol.hasici-ol.cz\/wp-content\/uploads\/2023\/09\/Zapis-z-OORM-24.8.2023.docx\">Z\u00e1pis z jedn\u00e1n\u00ed rady 24.08.2023<\/a><\/p>\n<p><a href=\"https:\/\/oshol.hasici-ol.cz\/wp-content\/uploads\/2024\/04\/Zapis-z-OORM-29.5.2023-1.docx\">Z\u00e1pis z jedn\u00e1n\u00ed rady 29.05.2023 <\/a><\/p>\n<p><a href=\"https:\/\/oshol.hasici-ol.cz\/wp-content\/uploads\/2023\/04\/Zapis-z-OORM-17.4.23.pdf\">Z\u00e1pis z jedn\u00e1n\u00ed rady 17.04.2023<\/a><\/p>\n<p><a href=\"https:\/\/oshol.hasici-ol.cz\/wp-content\/uploads\/2023\/04\/Zapis-z-rady-5.4.2023.pdf\">Z\u00e1pis z jedn\u00e1n\u00ed rady 05.04.2023<\/a><\/p>\n<p><a href=\"https:\/\/oshol.hasici-ol.cz\/wp-content\/uploads\/2024\/04\/Zapis-OORM-6.3.23-1.docx\">Z\u00e1pis z jedn\u00e1n\u00ed rady 06.03.2023<\/a><\/p>\n<p><a style=\"font-size: revert;\" href=\"https:\/\/oshol.hasici-ol.cz\/wp-content\/uploads\/2023\/03\/Zapis-z-OORM-14.2.2023.pdf\">Z\u00e1pis z jedn\u00e1n\u00ed rady 14.02.2023<\/a><\/p>\n<p><a href=\"https:\/\/oshol.hasici-ol.cz\/wp-content\/uploads\/2023\/01\/PLAN-PRACE-OORM-OLOMOUC-pro-rok-2023.pdf\">Pl\u00e1n pr\u00e1ce OORM na rok 2023<\/a><\/p>\n<p><strong>Rok 2022<\/strong><\/p>\n<p><a href=\"https:\/\/oshol.hasici-ol.cz\/wp-content\/uploads\/2022\/10\/Zapis-z-OORM-21.09.2022.pdf\">Z\u00e1pis z jedn\u00e1n\u00ed rady 21.9.2022<\/a><\/p>\n<p><a href=\"https:\/\/oshol.hasici-ol.cz\/wp-content\/uploads\/2022\/10\/Zapis-OORM-24.8.22.pdf\">Z\u00e1pis z jedn\u00e1n\u00ed rady 24.8.2022<\/a><\/p>\n<p><a href=\"https:\/\/oshol.hasici-ol.cz\/wp-content\/uploads\/2022\/07\/Zapis-OORM-29.06.2022.pdf\">Z\u00e1pis z jedn\u00e1n\u00ed rady 29.6.2022<\/a><\/p>\n<p><a href=\"https:\/\/oshol.hasici-ol.cz\/wp-content\/uploads\/2022\/04\/Zapis-OORM-11.04.2022.pdf\">Z\u00e1pis z jedn\u00e1n\u00ed rady 11.4.2022<\/a><\/p>\n<p><a href=\"https:\/\/oshol.hasici-ol.cz\/wp-content\/uploads\/2022\/04\/Zapis-z-OORM-22.3..pdf\">Z\u00e1pis z jedn\u00e1n\u00ed rady 22.3.2022<\/a><\/p>\n<p><a href=\"https:\/\/oshol.hasici-ol.cz\/wp-content\/uploads\/2022\/02\/Zapis-z-OORM-1.2..pdf\">Z\u00e1pis z jedn\u00e1n\u00ed rady 1.2.2022<\/a><\/p>\n<p><a href=\"https:\/\/oshol.hasici-ol.cz\/wp-content\/uploads\/2022\/02\/Zapis-z-OORM-18.1..pdf\">Z\u00e1pis z jedn\u00e1n\u00ed rady 18.1.2022<\/a><\/p>\n<p><strong>Rok 2021<\/strong><\/p>\n<p><a href=\"https:\/\/oshol.hasici-ol.cz\/wp-content\/uploads\/2021\/10\/ZapisOORM-18.10.2021.pdf\">Z\u00e1pis z jedn\u00e1n\u00ed rady 18.10.2021<\/a><\/p>\n<p><a href=\"https:\/\/oshol.hasici-ol.cz\/wp-content\/uploads\/2021\/10\/OORM-21.9.2021-c14.pdf\">Z\u00e1pis z jedn\u00e1n\u00ed rady 21.9.2021<\/a><\/p>\n<p><a href=\"https:\/\/oshol.hasici-ol.cz\/wp-content\/uploads\/2021\/09\/OORM-25.8.2021.pdf\">Z\u00e1pis z jedn\u00e1n\u00ed rady 25.8.2021<\/a><\/p>\n<p><a href=\"https:\/\/oshol.hasici-ol.cz\/wp-content\/uploads\/2021\/07\/OORM-14.7.2021-c.12.pdf\">Z\u00e1pis z jedn\u00e1n\u00ed rady 14.7.2021<\/a><\/p>\n<p><a href=\"https:\/\/oshol.hasici-ol.cz\/wp-content\/uploads\/2021\/07\/OORM-7.6.2021.pdf\">Z\u00e1pis z jedn\u00e1n\u00ed rady 7.6.2021<\/a><\/p>\n<p><a href=\"https:\/\/oshol.hasici-ol.cz\/wp-content\/uploads\/2021\/06\/Zapis-z-OORM-okres-Dorost.pdf\">Z\u00e1pis z jedn\u00e1n\u00ed rady 29.5.2021<\/a><\/p>\n<p><a href=\"https:\/\/oshol.hasici-ol.cz\/wp-content\/uploads\/2021\/05\/Zapis-ze-skoleni-vedoucich-Kolektivu-MH.pdf\">Z\u00e1pis ze \u0161kolen\u00ed vedouc\u00edch Kolektiv\u016f MH<\/a><\/p>\n<p><a href=\"https:\/\/oshol.hasici-ol.cz\/wp-content\/uploads\/2021\/05\/OORM-11.5.2021.pdf\">Z\u00e1pis z jedn\u00e1n\u00ed rady 11.5.2021<\/a><\/p>\n<p><a href=\"https:\/\/oshol.hasici-ol.cz\/wp-content\/uploads\/2021\/05\/OORM-5.5.2021-C.8.pdf\">Z\u00e1pis z jedn\u00e1n\u00ed rady 5.5.2021<\/a><\/p>\n<p><a href=\"https:\/\/oshol.hasici-ol.cz\/wp-content\/uploads\/2021\/04\/Z\u00e1pis-z-OORM-23.3.2021.docx\">Z\u00e1pis z jedn\u00e1n\u00ed rady 23.3.2021<\/a><\/p>\n<p><b>Rok 2020<\/b><\/p>\n<p><a href=\"https:\/\/oshol.hasici-ol.cz\/wp-content\/uploads\/2021\/02\/SLO\u017dEN\u00cd-ODBORN\u00c9-RADY-ML\u00c1DE\u017dE-OSH-OLOMOUC-1.pdf\">Slo\u017een\u00ed okresn\u00ed odborn\u00e9 rady ml\u00e1de\u017ee 2020-2025<\/a><\/p>\n<p>Registra\u010dn\u00ed list kolektivu MH (nov\u00fd) &#8211;&nbsp;<a href=\"https:\/\/oshol.hasici-ol.cz\/wp-content\/uploads\/2019\/10\/Registra\u010dn\u00ed-list-od-2019.xls\">Registra\u010dn\u00ed list<\/a><\/p>\n<p><a href=\"https:\/\/oshol.hasici-ol.cz\/wp-content\/uploads\/2021\/01\/OORM-10.12.2020.pdf\">Z\u00e1pis z jedn\u00e1n\u00ed rady 10.12.2020<\/a><\/p>\n<p><a href=\"https:\/\/oshol.hasici-ol.cz\/wp-content\/uploads\/2020\/09\/OORM-14.9.2020-\u010d.5.pdf\">Z\u00e1pis z jedn\u00e1n\u00ed rady 14.9.2020<\/a><\/p>\n<p><a href=\"https:\/\/oshol.hasici-ol.cz\/wp-content\/uploads\/2020\/09\/OORM-24.8.2020-\u010d.4.pdf\">Z\u00e1pis z jedn\u00e1n\u00ed rady 24.8.2020<\/a><\/p>\n<p><a href=\"https:\/\/oshol.hasici-ol.cz\/wp-content\/uploads\/2020\/07\/OORM-2.7.2020-\u010d.4.pdf\">Z\u00e1pis z jedn\u00e1n\u00ed rady 2.7.2020<\/a><\/p>\n<p><a href=\"https:\/\/oshol.hasici-ol.cz\/wp-content\/uploads\/2020\/06\/OORM-16.6.2020-2.pdf\">Z\u00e1pis z jedn\u00e1n\u00ed rady 16.6.2020<\/a><\/p>\n<p><a href=\"https:\/\/oshol.hasici-ol.cz\/wp-content\/uploads\/2020\/05\/OORM-7.5.-\u010d1-1.pdf\">Z\u00e1pis z jedn\u00e1n\u00ed rady 7.5.2020<\/a><\/p>\n<p><a href=\"https:\/\/oshol.hasici-ol.cz\/wp-content\/uploads\/2020\/02\/OORM-12.2.2020.docx\">Z\u00e1pis z jedn\u00e1n\u00ed rady 12.2.2020<\/a><\/p>\n<p><a href=\"https:\/\/oshol.hasici-ol.cz\/wp-content\/uploads\/2020\/02\/OORM-13.1.2020.docx\">Z\u00e1pis z jedn\u00e1n\u00ed rady 13.1.2020<\/a><\/p>\n<p><a href=\"https:\/\/oshol.hasici-ol.cz\/wp-content\/uploads\/2019\/12\/Plan-prace-OORM-2020.pdf\">Pl\u00e1n pr\u00e1ce OORM na rok 2020<\/a><\/p>\n<p><strong>Rok 2019<\/strong><\/p>\n<p><a href=\"https:\/\/oshol.hasici-ol.cz\/wp-content\/uploads\/2019\/12\/Zpr\u00e1va-OORM-za-rok2019.pdf\">Zpr\u00e1va OORM za rok 2019<\/a><\/p>\n<p><a href=\"https:\/\/oshol.hasici-ol.cz\/wp-content\/uploads\/2020\/01\/OORM-19.11.2019.pdf\">Z\u00e1pis z jedn\u00e1n\u00ed rady 19.11.2019<\/a><\/p>\n<p><a href=\"https:\/\/oshol.hasici-ol.cz\/wp-content\/uploads\/2019\/11\/OORM-26.10.2019.pdf\">Z\u00e1pis z jedn\u00e1n\u00ed rady 26.10.2019<\/a><\/p>\n<p><a href=\"https:\/\/oshol.hasici-ol.cz\/wp-content\/uploads\/2019\/11\/OORM-30.9.2019.pdf\">Z\u00e1pis z jedn\u00e1n\u00ed rady 30.9.2019<\/a><\/p>\n<p><a href=\"https:\/\/oshol.hasici-ol.cz\/wp-content\/uploads\/2019\/09\/Jedn\u00e1n\u00ed-rady-12.8.2019.pdf\">Z\u00e1pis z jedn\u00e1n\u00ed rady<\/a><a href=\"https:\/\/oshol.hasici-ol.cz\/wp-content\/uploads\/2019\/09\/Jedn\u00e1n\u00ed-rady-12.8.2019.pdf\"> 12.8.2019<\/a><\/p>\n<p><a href=\"https:\/\/oshol.hasici-ol.cz\/wp-content\/uploads\/2019\/08\/Z\u00e1pis-z-OORM-19.6..pdf\">Z\u00e1pis z jedn\u00e1n\u00ed rady 19.6.2019<\/a><\/p>\n<p><a href=\"https:\/\/oshol.hasici-ol.cz\/wp-content\/uploads\/2019\/08\/OORM-21.5.2019.pdf\">Z\u00e1pis z jedn\u00e1n\u00ed rady 21.5.2019<\/a><\/p>\n<p><a href=\"https:\/\/oshol.hasici-ol.cz\/wp-content\/uploads\/2019\/08\/OORM-23.4.2019.pdf\">Z\u00e1pis z jedn\u00e1n\u00ed rady 23.4.2019<\/a><\/p>\n<p><a href=\"https:\/\/oshol.hasici-ol.cz\/wp-content\/uploads\/2019\/04\/OORM-30.3.2019.pdf\">Z\u00e1pis z jedn\u00e1n\u00ed rady 30.3.2019<\/a><\/p>\n<p><a href=\"https:\/\/oshol.hasici-ol.cz\/wp-content\/uploads\/2019\/03\/OORM-27.2.2019.pdf\">Z\u00e1pis z jedn\u00e1n\u00ed rady 27.2.2019<\/a><\/p>\n<p><a href=\"https:\/\/oshol.hasici-ol.cz\/wp-content\/uploads\/2019\/02\/OORM-23.1.2019.pdf\">Z\u00e1pis z jedn\u00e1n\u00ed rady 23.1.2019<\/a><\/p>\n<p><a href=\"https:\/\/oshol.hasici-ol.cz\/wp-content\/uploads\/2019\/02\/Pl\u00e1n-pr\u00e1ce-OORM-na-rok-2019.pdf\">Pl\u00e1n pr\u00e1ce OORM na rok 2019<\/a><\/p>\n<p><a href=\"https:\/\/oshol.hasici-ol.cz\/wp-content\/uploads\/2019\/05\/OORM-2019.pdf\">Slo\u017een\u00ed OORM 2019<\/a><\/p>\n<p><strong>Rok 2018<\/strong><\/p>\n<p><a href=\"https:\/\/oshol.hasici-ol.cz\/wp-content\/uploads\/2019\/01\/Zpr\u00e1va-OORM-za-rok-2018.pdf\">Zpr\u00e1va OORM za rok 2018<\/a><\/p>\n<p><a href=\"https:\/\/oshol.hasici-ol.cz\/wp-content\/uploads\/2019\/01\/OORM-12.11.2018-1.pdf\">Z\u00e1pis z jedn\u00e1n\u00ed rady 12.11.2018<\/a><\/p>\n<p><a href=\"https:\/\/oshol.hasici-ol.cz\/wp-content\/uploads\/2019\/01\/OORM-27.10.2018.pdf\">Z\u00e1pis z jedn\u00e1n\u00ed rady 27.10.2018<\/a><\/p>\n<p><a href=\"https:\/\/oshol.hasici-ol.cz\/wp-content\/uploads\/2018\/10\/OORM-26.9.2018.pdf\">Z\u00e1pis z jedn\u00e1n\u00ed rady 26.9.2018<\/a><\/p>\n<p><a href=\"https:\/\/oshol.hasici-ol.cz\/wp-content\/uploads\/2018\/10\/OORM-29.8.2018.pdf\">Z\u00e1pis z jedn\u00e1n\u00ed rady 29.8.2018<\/a><\/p>\n<p><a href=\"https:\/\/oshol.hasici-ol.cz\/wp-content\/uploads\/2018\/09\/OORM-6.8.2018.pdf\">Z\u00e1pis z jedn\u00e1n\u00ed rady 6.8.2018<\/a><\/p>\n<p><a href=\"https:\/\/oshol.hasici-ol.cz\/wp-content\/uploads\/2018\/07\/Z\u00e1pis-z-jedn\u00e1n\u00ed-OORM-19.6.2018.pdf\">Z\u00e1pis z jedn\u00e1n\u00ed rady 19.6.2018<\/a><\/p>\n<p><a href=\"https:\/\/oshol.hasici-ol.cz\/wp-content\/uploads\/2018\/06\/OORM-30.5.2018.pdf\">Z\u00e1pis z jedn\u00e1n\u00ed rady 30.5.2018<\/a><\/p>\n<p><a href=\"https:\/\/oshol.hasici-ol.cz\/wp-content\/uploads\/2018\/05\/Z\u00e1pis-OORM-24.4.2018.pdf\">Z\u00e1pis z jedn\u00e1n\u00ed rady 24.4.2018<\/a><\/p>\n<p><a href=\"https:\/\/oshol.hasici-ol.cz\/wp-content\/uploads\/2018\/04\/OORM-26.3.2018.pdf\">Z\u00e1pis z jedn\u00e1n\u00ed rady 26.3.2018<\/a><\/p>\n<p><a href=\"https:\/\/oshol.hasici-ol.cz\/wp-content\/uploads\/2018\/03\/OORM-20.2.2018.pdf\">Z\u00e1pis z jedn\u00e1n\u00ed rady 20.2.2018<\/a><\/p>\n<p><a href=\"https:\/\/oshol.hasici-ol.cz\/wp-content\/uploads\/2010\/03\/z\u00e1pis-OORM-17.1.1.pdf\" target=\"_blank\" rel=\"noopener\">Z\u00e1pis z jedn\u00e1n\u00ed rady 17.1.2018<\/a><strong><br \/>\n<\/strong><\/p>\n<p><a href=\"https:\/\/oshol.hasici-ol.cz\/wp-content\/uploads\/2010\/03\/Pl\u00e1n-pr\u00e1ce-OORM-2018.pdf\" target=\"_blank\" rel=\"noopener\">Pl\u00e1n pr\u00e1ce OORM 2018<\/a><strong><br \/>\n<\/strong><\/p>\n<p><strong>Rok 2017<\/strong><\/p>\n<p><a href=\"https:\/\/oshol.hasici-ol.cz\/wp-content\/uploads\/2010\/03\/zpr\u00e1va-OORM-za-rok-2017.pdf\" target=\"_blank\" rel=\"noopener\">Zpr\u00e1va o \u010dinnosti OORM za rok 2017<\/a><\/p>\n<p><a href=\"https:\/\/oshol.hasici-ol.cz\/wp-content\/uploads\/2010\/03\/OORM-15.11.2017.pdf\" target=\"_blank\" rel=\"noopener\">Z\u00e1pis z jedn\u00e1n\u00ed rady 15.11.2017<\/a><\/p>\n<p><a href=\"https:\/\/oshol.hasici-ol.cz\/wp-content\/uploads\/2010\/03\/Z\u00e1pis-z-jedn\u00e1n\u00ed-rady-2.10.20171.pdf\" target=\"_self\" rel=\"noopener\">Z\u00e1pis z jedn\u00e1n\u00ed rady 2.10.2017<\/a><\/p>\n<p><a href=\"https:\/\/oshol.hasici-ol.cz\/wp-content\/uploads\/2010\/03\/Z\u00e1pis-z-jedn\u00e1n\u00ed-rady-14.8.2017.pdf\">Z\u00e1pis z jedn\u00e1n\u00ed rady 14.8.2017<\/a><\/p>\n<p><a href=\"https:\/\/oshol.hasici-ol.cz\/wp-content\/uploads\/2010\/03\/Z\u00e1pis-z-jedn\u00e1n\u00ed-rady-14.6.2017.pdf\">Z\u00e1pis z jedn\u00e1n\u00ed rady 14.6.2017<\/a><\/p>\n<p><a href=\"https:\/\/oshol.hasici-ol.cz\/wp-content\/uploads\/2010\/03\/Z\u00e1pis-z-jedn\u00e1n\u00ed-rady-17.5.2017.pdf\">Z\u00e1pis z jedn\u00e1n\u00ed rady 17.5.2017<\/a><\/p>\n<p><a href=\"https:\/\/oshol.hasici-ol.cz\/wp-content\/uploads\/2010\/03\/Z\u00e1pis-z-jedn\u00e1n\u00ed-rady-26.4.2017.pdf\">Z\u00e1pis z jedn\u00e1n\u00ed rady 26.4.2017<\/a><\/p>\n<p><a href=\"https:\/\/oshol.hasici-ol.cz\/wp-content\/uploads\/2010\/03\/Z\u00e1pis-z-jedn\u00e1n\u00ed-rady-27.3.2017.pdf\">Z\u00e1pis z jedn\u00e1n\u00ed rady 27.3.2017<\/a><\/p>\n<p><a href=\"https:\/\/oshol.hasici-ol.cz\/wp-content\/uploads\/2010\/03\/Z\u00e1pis-z-jedn\u00e1n\u00ed-rady-22.2.2017.pdf\">Z\u00e1pis z jedn\u00e1n\u00ed rady 22.2.2017<\/a><\/p>\n<p><a href=\"https:\/\/oshol.hasici-ol.cz\/wp-content\/uploads\/2010\/03\/Z\u00e1pis-z-jedn\u00e1n\u00ed-rady-23.1.2017.pdf\">Z\u00e1pis z jedn\u00e1n\u00ed rady 23.1.2017<\/a><\/p>\n<p><a href=\"https:\/\/oshol.hasici-ol.cz\/wp-content\/uploads\/2010\/03\/Pl\u00e1n-pr\u00e1ce-OORM-2017.pdf\">Pl\u00e1n pr\u00e1ce OORM 2017<\/a><\/p>\n<p><strong>Rok 2016<\/strong><\/p>\n<p><a href=\"https:\/\/oshol.hasici-ol.cz\/wp-content\/uploads\/2010\/03\/Z\u00e1pis-z-jedn\u00e1n\u00ed-rady-29.11.2016.pdf\">Z\u00e1pis z jedn\u00e1n\u00ed rady 29.11.2016<\/a><\/p>\n<p><a href=\"https:\/\/oshol.hasici-ol.cz\/wp-content\/uploads\/2010\/03\/Z\u00e1pis-z-jedn\u00e1n\u00ed-rady-26.10.2016.pdf\">Z\u00e1pis z jedn\u00e1n\u00ed rady 26.10.2016<\/a><\/p>\n<p><a href=\"https:\/\/oshol.hasici-ol.cz\/wp-content\/uploads\/2010\/03\/Z\u00e1pis-z-jedn\u00e1n\u00ed-rady-27.9.2016.pdf\">Z\u00e1pis z jedn\u00e1n\u00ed rady 27.9.2016<\/a><\/p>\n<p><a href=\"https:\/\/oshol.hasici-ol.cz\/wp-content\/uploads\/2010\/03\/Z\u00e1pis-ze-\u0161kolen\u00ed-vedouc\u00edch-7.9.2016.pdf\">Z\u00e1pis ze \u0161kolen\u00ed vedouc\u00edch 7.9.2016<\/a><\/p>\n<p><a href=\"https:\/\/oshol.hasici-ol.cz\/wp-content\/uploads\/2010\/03\/Z\u00e1pis-z-jedn\u00e1n\u00ed-rady-23.8.2016.pdf\">Z\u00e1pis z jedn\u00e1n\u00ed rady 23.8.2016<\/a><\/p>\n<p><a href=\"https:\/\/oshol.hasici-ol.cz\/wp-content\/uploads\/2010\/03\/Z\u00e1pis-z-jedn\u00e1n\u00ed-rady-15.6.2016.pdf\">Z\u00e1pis z jedn\u00e1n\u00ed rady 15.6.2016<\/a><\/p>\n<p><a href=\"https:\/\/oshol.hasici-ol.cz\/wp-content\/uploads\/2010\/03\/Z\u00e1pis-z-jedn\u00e1n\u00ed-rady-25.5.2016.pdf\">Z\u00e1pis z jedn\u00e1n\u00ed rady 25.5.2016<\/a><\/p>\n<p><a href=\"https:\/\/oshol.hasici-ol.cz\/wp-content\/uploads\/2010\/03\/Z\u00e1pis-z-jedn\u00e1n\u00ed-rady-26.4.2016.pdf\">Z\u00e1pis z jedn\u00e1n\u00ed rady 26.4.2016<\/a><\/p>\n<p><a href=\"https:\/\/oshol.hasici-ol.cz\/wp-content\/uploads\/2010\/03\/Z\u00e1pis-z-jedn\u00e1n\u00ed-rady-9.3.2016.pdf\">Z\u00e1pis z jedn\u00e1n\u00ed rady 9.3.2016<\/a><\/p>\n<p><a href=\"https:\/\/oshol.hasici-ol.cz\/wp-content\/uploads\/2010\/03\/Z\u00e1pis-z-jedn\u00e1n\u00ed-rady-25.2.2016.pdf\">Z\u00e1pis z jedn\u00e1n\u00ed rady 25.2.2016<\/a><\/p>\n<p><a href=\"https:\/\/oshol.hasici-ol.cz\/wp-content\/uploads\/2010\/03\/Z\u00e1pis-z-jedn\u00e1n\u00ed-rady-20.1.2016.pdf\">Z\u00e1pis z jedn\u00e1n\u00ed rady 20.1.2016<\/a><\/p>\n<p><a href=\"https:\/\/oshol.hasici-ol.cz\/wp-content\/uploads\/2010\/03\/Pl\u00e1n-pr\u00e1ce-OORM-2016.pdf\">Pl\u00e1n pr\u00e1ce OORM 2016<\/a><\/p>\n<p><strong>2015<\/strong><\/p>\n<p><a href=\"https:\/\/oshol.hasici-ol.cz\/wp-content\/uploads\/2010\/03\/Zpr\u00e1va-o-\u010dinnosti-OORM-za-rok-2015.docx\">Zpr\u00e1va o \u010dinnosti OORM za rok 2015<\/a><\/p>\n<p>Z\u00e1pis z jedn\u00e1n\u00ed rady z 24.11.2015 &#8211; <a href=\"https:\/\/oshol.hasici-ol.cz\/wp-content\/uploads\/2010\/03\/Jednani-rady-24.11.2015.pdf\">Jednani rady 24.11.2015<\/a><\/p>\n<p>Z\u00e1pis z jedn\u00e1n\u00ed rady z 27.10.2015 &#8211; <a href=\"https:\/\/oshol.hasici-ol.cz\/wp-content\/uploads\/2010\/03\/Jedn\u00e1n\u00ed-rady-27.10.2015.pdf\">Jedn\u00e1n\u00ed rady 27.10.2015<\/a><\/p>\n<p>Z\u00e1pis z jedn\u00e1n\u00ed rady z 23.9.2015 &#8211; <a href=\"https:\/\/oshol.hasici-ol.cz\/wp-content\/uploads\/2010\/03\/Jedn\u00e1n\u00ed-rady-23.9.2015.pdf\">Jedn\u00e1n\u00ed rady 23.9.2015<\/a><\/p>\n<p>Z\u00e1pis z jedn\u00e1n\u00ed rady z 25.8.2015 &#8211; <a href=\"https:\/\/oshol.hasici-ol.cz\/wp-content\/uploads\/2010\/03\/Jedn\u00e1n\u00ed-rady-25.8.2015.pdf\">Jedn\u00e1n\u00ed rady 25.8.2015<\/a><\/p>\n<p>Z\u00e1pis z jedn\u00e1n\u00ed rady z 24.6.2015 &#8211; <a href=\"https:\/\/oshol.hasici-ol.cz\/wp-content\/uploads\/2010\/03\/Jedn\u00e1n\u00ed-rady-24.6.20151.pdf\">Jedn\u00e1n\u00ed rady 24.6.2015<\/a><\/p>\n<p>Z\u00e1pis z jedn\u00e1n\u00ed rady z 27.5.2015 &#8211; <a href=\"https:\/\/oshol.hasici-ol.cz\/wp-content\/uploads\/2010\/03\/Jedn\u00e1n\u00ed-rady-27.5.2015.pdf\">Jedn\u00e1n\u00ed rady 27.5.2015<\/a><\/p>\n<p>Z\u00e1pis z jedn\u00e1n\u00ed rady z 22.4.2015 &#8211; <a href=\"https:\/\/oshol.hasici-ol.cz\/wp-content\/uploads\/2010\/03\/Jedn\u00e1n\u00ed-rady-22.4.2015.pdf\">Jedn\u00e1n\u00ed rady 22.4.2015<\/a><\/p>\n<p>Z\u00e1pis z jedn\u00e1n\u00ed rady z 11.3.2015 &#8211; <a href=\"https:\/\/oshol.hasici-ol.cz\/wp-content\/uploads\/2010\/03\/Jedn\u00e1n\u00ed-rady-11.3.2015.pdf\">Jedn\u00e1n\u00ed rady 11.3.2015<\/a><\/p>\n<p><em><strong>Slo\u017een\u00ed rady OORM od 5.3.2015<\/strong> &#8211; <a href=\"https:\/\/oshol.hasici-ol.cz\/wp-content\/uploads\/2010\/03\/OORM-od-5.3.20151.pdf\">OORM od 5.3.2015<\/a><br \/>\n<\/em><\/p>\n<p>Z\u00e1pis z jedn\u00e1n\u00ed rady z 10.2.2015 &#8211; <a href=\"https:\/\/oshol.hasici-ol.cz\/wp-content\/uploads\/2010\/03\/Jedn\u00e1n\u00ed-rady-10.2.2015.pdf\">Jedn\u00e1n\u00ed rady 10.2.2015<\/a><\/p>\n<p>Z\u00e1pis z jedn\u00e1n\u00ed rady z 14.1.2015 &#8211; <a href=\"https:\/\/oshol.hasici-ol.cz\/wp-content\/uploads\/2010\/03\/Jedn\u00e1n\u00ed-rady-14.1.2015.pdf\">Jedn\u00e1n\u00ed rady 14.1.2015<\/a><\/p>\n<p>Pl\u00e1n pr\u00e1ce na rok 2015 &#8211; <a href=\"https:\/\/oshol.hasici-ol.cz\/wp-content\/uploads\/2010\/03\/Pl\u00e1n-pr\u00e1ce-OORM-na-rok-2015.pdf\">Pl\u00e1n pr\u00e1ce OORM na rok 2015<\/a><\/p>\n","protected":false},"excerpt":{"rendered":"<p>Rok 2026 z\u00e1pis 08.04.2026 Z\u00e1pis 17.02.2026 PL\u00c1N PR\u00c1CE OORM NA ROK 2026 SLO\u017dEN\u00cd ODBORN\u00c9 RADY ML\u00c1DE\u017dE OSH OLOMOUC 2026-2031&nbsp; Rok 2025 Z\u00e1pis z OORM 21.10.2025 Z\u00e1pis 18.9.2025 Z\u00e1pis 17.06.2025 Z\u00e1pis 28.5.2025 z\u00e1pis 25.3.2025 Z\u00e1pis 19.2.2025 &hellip;<\/p>\n","protected":false},"author":1,"featured_media":0,"parent":8,"menu_order":4,"comment_status":"closed","ping_status":"closed","template":"","meta":{"ngg_post_thumbnail":0,"footnotes":""},"class_list":["post-16","page","type-page","status-publish","hentry"],"_links":{"self":[{"href":"https:\/\/oshol.hasici-ol.cz\/index.php?rest_route=\/wp\/v2\/pages\/16","targetHints":{"allow":["GET"]}}],"collection":[{"href":"https:\/\/oshol.hasici-ol.cz\/index.php?rest_route=\/wp\/v2\/pages"}],"about":[{"href":"https:\/\/oshol.hasici-ol.cz\/index.php?rest_route=\/wp\/v2\/types\/page"}],"author":[{"embeddable":true,"href":"https:\/\/oshol.hasici-ol.cz\/index.php?rest_route=\/wp\/v2\/users\/1"}],"replies":[{"embeddable":true,"href":"https:\/\/oshol.hasici-ol.cz\/index.php?rest_route=%2Fwp%2Fv2%2Fcomments&post=16"}],"version-history":[{"count":170,"href":"https:\/\/oshol.hasici-ol.cz\/index.php?rest_route=\/wp\/v2\/pages\/16\/revisions"}],"predecessor-version":[{"id":7959,"href":"https:\/\/oshol.hasici-ol.cz\/index.php?rest_route=\/wp\/v2\/pages\/16\/revisions\/7959"}],"up":[{"embeddable":true,"href":"https:\/\/oshol.hasici-ol.cz\/index.php?rest_route=\/wp\/v2\/pages\/8"}],"wp:attachment":[{"href":"https:\/\/oshol.hasici-ol.cz\/index.php?rest_route=%2Fwp%2Fv2%2Fmedia&parent=16"}],"curies":[{"name":"wp","href":"https:\/\/api.w.org\/{rel}","templated":true}]}}