{"id":18,"date":"2010-03-22T18:36:58","date_gmt":"2010-03-22T18:36:58","guid":{"rendered":"http:\/\/192.168.13.234\/?page_id=18"},"modified":"2026-03-23T15:15:59","modified_gmt":"2026-03-23T15:15:59","slug":"oorp","status":"publish","type":"page","link":"https:\/\/oshol.hasici-ol.cz\/?page_id=18","title":{"rendered":"OORP"},"content":{"rendered":"<p><strong>2026:<\/strong><\/p>\n<p><a href=\"https:\/\/oshol.hasici-ol.cz\/wp-content\/uploads\/2026\/03\/SLOZENI-OKRESNI-ODBORNE-RADY-PREVENCE-OSH-OLOMOUC-2026-2031.pdf\">SLO\u017dEN\u00cd OKRESN\u00cd ODBORN\u00c9 RADY PREVENCE OSH OLOMOUC 2026-2031<\/a><\/p>\n<p><strong>2025:<\/strong><\/p>\n<p><a href=\"https:\/\/oshol.hasici-ol.cz\/wp-content\/uploads\/2020\/08\/SLO\u017dEN\u00cd-OKRESN\u00cd-ODBORN\u00c9-RADY-PREVENCE-OSH-OLOMOUC-2020-2025.pdf\">SLO\u017dEN\u00cd OKRESN\u00cd ODBORN\u00c9 RADY PREVENCE 2020-2025<\/a><\/p>\n<p><strong>2023:<\/strong><\/p>\n<p><a href=\"https:\/\/oshol.hasici-ol.cz\/wp-content\/uploads\/2023\/10\/Zprava-o-cinnosti-OORP-za-rok-2023.docx\">Zpr\u00e1va o \u010dinnosti OORP za rok 2023<\/a><\/p>\n<p><a href=\"https:\/\/oshol.hasici-ol.cz\/wp-content\/uploads\/2023\/01\/Plan-cinnosti-OORP-2023.docx\">Pl\u00e1n pr\u00e1ce OORP na rok 2023<\/a><\/p>\n<p><strong>2022:<\/strong><\/p>\n<p><a href=\"https:\/\/oshol.hasici-ol.cz\/wp-content\/uploads\/2023\/01\/Zprava-o-cinnosti-OORP-za-rok-2022.docx\">Zpr\u00e1va o \u010dinnosti OORP za rok 2022<\/a><\/p>\n<p><strong>2020:<\/strong><\/p>\n<p>Pl\u00e1n pr\u00e1ce rady na rok 2020 &#8211; <a href=\"https:\/\/oshol.hasici-ol.cz\/wp-content\/uploads\/2019\/12\/Plan-cinnosti-OORP-2020.pdf\">Plan cinnosti OORP 2020<\/a><\/p>\n<p><strong>2019:<\/strong><\/p>\n<p>Zpr\u00e1va rady prevence za rok 2019 &#8211;&nbsp;<span style=\"color: #0000ff;\"><a style=\"color: #0000ff;\" href=\"https:\/\/oshol.hasici-ol.cz\/wp-content\/uploads\/2019\/12\/Zprava-o-cinnosti-OORP-za-rok-2019.pdf\">Zprava o cinnosti OORP za rok 2019<\/a><\/span><\/p>\n<p><strong>2010-2015:<\/strong><\/p>\n<p><a href=\"https:\/\/oshol.hasici-ol.cz\/wp-content\/uploads\/2010\/03\/Zpr\u00e1va-o-\u010dinnosti-OORP-za-rok-2015.docx\">Zpr\u00e1va o \u010dinnosti OORP za rok 2015<\/a><\/p>\n<p><a href=\"https:\/\/oshol.hasici-ol.cz\/wp-content\/uploads\/2010\/03\/Slozeni-OOR-prevence-2015-2020.pdf\">Slozeni OOR prevence 2015-2020<\/a><\/p>\n<p>Opakovac\u00ed \u0161kolen\u00ed Preventista II a III 6.11.2014 &#8211; <a href=\"https:\/\/oshol.hasici-ol.cz\/wp-content\/uploads\/2010\/03\/Skoleni-preventistu.pdf\">Skoleni preventistu<\/a><\/p>\n<p>Pl\u00e1n pr\u00e1ce rady na rok 2014 &#8211; <a href=\"https:\/\/oshol.hasici-ol.cz\/wp-content\/uploads\/2010\/03\/Pl\u00e1n-pr\u00e1ce-OORP-2014.pdf\">Pl\u00e1n pr\u00e1ce OORP 2014<\/a><\/p>\n<p>Pl\u00e1n pr\u00e1ce rady na rok 2013 &#8211; <a href=\"https:\/\/oshol.hasici-ol.cz\/wp-content\/uploads\/2010\/03\/Pl\u00e1n-\u010dinnosti-OORP-2013.pdf\">Pl\u00e1n \u010dinnosti OORP 2013<\/a><\/p>\n<p>TESTY Preventista 2013 &#8211; <a href=\"https:\/\/oshol.hasici-ol.cz\/wp-content\/uploads\/2010\/03\/TESTY-II.-20131.doc\">TESTY II. 2013<\/a> + <a href=\"https:\/\/oshol.hasici-ol.cz\/wp-content\/uploads\/2010\/03\/TESTY-III.-20131.doc\">TESTY III. 2013<\/a><\/p>\n<p>Pl\u00e1n pr\u00e1ce rady na rok 2012 &#8211; <a href=\"https:\/\/oshol.hasici-ol.cz\/wp-content\/uploads\/2010\/03\/Plan-cinnosti-OORP-2012.pdf\">Plan cinnosti OORP 2012<\/a><\/p>\n<p>Zpr\u00e1va rady prevence za rok 2011 &#8211; <a href=\"https:\/\/oshol.hasici-ol.cz\/wp-content\/uploads\/2010\/03\/Zprava-OORP-za-rok-2011.pdf\">Zprava OORP za rok 2011<\/a><\/p>\n<p>Zpr\u00e1va rady od 11\/2010 a\u017e 3\/2011 &#8211; <a href=\"https:\/\/oshol.hasici-ol.cz\/wp-content\/uploads\/2010\/03\/Zprava-OORP-1-2011.doc\">Zprava OORP 1-2011<\/a><\/p>\n<p>Zpr\u00e1va rady prevence za rok 2010 &#8211; <a href=\"https:\/\/oshol.hasici-ol.cz\/wp-content\/uploads\/2010\/03\/Zprava-OORP-za-rok-20101.doc\">Zprava OORP za rok 2010<\/a><\/p>\n<p>Z\u00e1pis z jedn\u00e1n\u00ed rady 2\/2010 &#8211; <a href=\"https:\/\/oshol.hasici-ol.cz\/wp-content\/uploads\/2010\/03\/Zapis-ze-zasedani-OORP-2010-02.doc\">Zapis ze zasedani OORP 2010-02<\/a><\/p>\n<p>Z\u00e1pis z jedn\u00e1n\u00ed rady 1\/2010 &#8211; <a href=\"https:\/\/oshol.hasici-ol.cz\/wp-content\/uploads\/2010\/03\/Zapis-ze-zasedani-OORP-2010-01.doc\">Zapis ze zasedani OORP 2010-01<\/a><\/p>\n","protected":false},"excerpt":{"rendered":"<p>2026: SLO\u017dEN\u00cd OKRESN\u00cd ODBORN\u00c9 RADY PREVENCE OSH OLOMOUC 2026-2031 2025: SLO\u017dEN\u00cd OKRESN\u00cd ODBORN\u00c9 RADY PREVENCE 2020-2025 2023: Zpr\u00e1va o \u010dinnosti OORP za rok 2023 Pl\u00e1n pr\u00e1ce OORP na rok 2023 2022: Zpr\u00e1va o \u010dinnosti OORP &hellip;<\/p>\n","protected":false},"author":1,"featured_media":0,"parent":8,"menu_order":5,"comment_status":"closed","ping_status":"closed","template":"","meta":{"ngg_post_thumbnail":0,"footnotes":""},"class_list":["post-18","page","type-page","status-publish","hentry"],"_links":{"self":[{"href":"https:\/\/oshol.hasici-ol.cz\/index.php?rest_route=\/wp\/v2\/pages\/18","targetHints":{"allow":["GET"]}}],"collection":[{"href":"https:\/\/oshol.hasici-ol.cz\/index.php?rest_route=\/wp\/v2\/pages"}],"about":[{"href":"https:\/\/oshol.hasici-ol.cz\/index.php?rest_route=\/wp\/v2\/types\/page"}],"author":[{"embeddable":true,"href":"https:\/\/oshol.hasici-ol.cz\/index.php?rest_route=\/wp\/v2\/users\/1"}],"replies":[{"embeddable":true,"href":"https:\/\/oshol.hasici-ol.cz\/index.php?rest_route=%2Fwp%2Fv2%2Fcomments&post=18"}],"version-history":[{"count":28,"href":"https:\/\/oshol.hasici-ol.cz\/index.php?rest_route=\/wp\/v2\/pages\/18\/revisions"}],"predecessor-version":[{"id":7885,"href":"https:\/\/oshol.hasici-ol.cz\/index.php?rest_route=\/wp\/v2\/pages\/18\/revisions\/7885"}],"up":[{"embeddable":true,"href":"https:\/\/oshol.hasici-ol.cz\/index.php?rest_route=\/wp\/v2\/pages\/8"}],"wp:attachment":[{"href":"https:\/\/oshol.hasici-ol.cz\/index.php?rest_route=%2Fwp%2Fv2%2Fmedia&parent=18"}],"curies":[{"name":"wp","href":"https:\/\/api.w.org\/{rel}","templated":true}]}}