{"id":20,"date":"2010-03-22T18:37:09","date_gmt":"2010-03-22T18:37:09","guid":{"rendered":"http:\/\/192.168.13.234\/?page_id=20"},"modified":"2018-01-04T12:05:19","modified_gmt":"2018-01-04T12:05:19","slug":"aktiv-zh","status":"publish","type":"page","link":"https:\/\/oshol.hasici-ol.cz\/?page_id=20","title":{"rendered":"Aktiv ZH"},"content":{"rendered":"<p>Seznam Zaslou\u017eil\u00fdch hasi\u010d\u016f na\u0161eho okresu &#8211; <a href=\"https:\/\/oshol.hasici-ol.cz\/wp-content\/uploads\/2010\/03\/Titul-ZH-Olomoucky-kraj-dopln\u011bn\u00fd.xls\" target=\"_blank\">Titul ZH &#8211; Olomouc<\/a><\/p>\n<p><a href=\"https:\/\/oshol.hasici-ol.cz\/wp-content\/uploads\/2010\/03\/V\u00ddRO\u010cN\u00cd-ZPR\u00c1VA-AZH-2015.pdf\">V\u00ddRO\u010cN\u00cd ZPR\u00c1VA AZH 2015<\/a><\/p>\n","protected":false},"excerpt":{"rendered":"<p>Seznam Zaslou\u017eil\u00fdch hasi\u010d\u016f na\u0161eho okresu &#8211; Titul ZH &#8211; Olomouc V\u00ddRO\u010cN\u00cd ZPR\u00c1VA AZH 2015<\/p>\n","protected":false},"author":1,"featured_media":0,"parent":8,"menu_order":6,"comment_status":"closed","ping_status":"closed","template":"","meta":{"ngg_post_thumbnail":0,"footnotes":""},"class_list":["post-20","page","type-page","status-publish","hentry"],"_links":{"self":[{"href":"https:\/\/oshol.hasici-ol.cz\/index.php?rest_route=\/wp\/v2\/pages\/20","targetHints":{"allow":["GET"]}}],"collection":[{"href":"https:\/\/oshol.hasici-ol.cz\/index.php?rest_route=\/wp\/v2\/pages"}],"about":[{"href":"https:\/\/oshol.hasici-ol.cz\/index.php?rest_route=\/wp\/v2\/types\/page"}],"author":[{"embeddable":true,"href":"https:\/\/oshol.hasici-ol.cz\/index.php?rest_route=\/wp\/v2\/users\/1"}],"replies":[{"embeddable":true,"href":"https:\/\/oshol.hasici-ol.cz\/index.php?rest_route=%2Fwp%2Fv2%2Fcomments&post=20"}],"version-history":[{"count":8,"href":"https:\/\/oshol.hasici-ol.cz\/index.php?rest_route=\/wp\/v2\/pages\/20\/revisions"}],"predecessor-version":[{"id":721,"href":"https:\/\/oshol.hasici-ol.cz\/index.php?rest_route=\/wp\/v2\/pages\/20\/revisions\/721"}],"up":[{"embeddable":true,"href":"https:\/\/oshol.hasici-ol.cz\/index.php?rest_route=\/wp\/v2\/pages\/8"}],"wp:attachment":[{"href":"https:\/\/oshol.hasici-ol.cz\/index.php?rest_route=%2Fwp%2Fv2%2Fmedia&parent=20"}],"curies":[{"name":"wp","href":"https:\/\/api.w.org\/{rel}","templated":true}]}}