{"id":24,"date":"2010-03-22T18:37:33","date_gmt":"2010-03-22T18:37:33","guid":{"rendered":"http:\/\/192.168.13.234\/?page_id=24"},"modified":"2025-04-28T11:54:23","modified_gmt":"2025-04-28T11:54:23","slug":"po-ocima-deti","status":"publish","type":"page","link":"https:\/\/oshol.hasici-ol.cz\/?page_id=24","title":{"rendered":"PO o\u010dima d\u011bt\u00ed"},"content":{"rendered":"<p><strong>2025<\/strong><\/p>\n<p><a href=\"https:\/\/oshol.hasici-ol.cz\/wp-content\/uploads\/2025\/04\/Vysledky_krajske_kolo-2025.xls\">Vysledky_krajske_kolo<\/a><\/p>\n<p><a href=\"https:\/\/oshol.hasici-ol.cz\/wp-content\/uploads\/2025\/04\/Vysledky_okresni_kolo-POODM-2025.pdf\">Vysledky_okresni_kolo<\/a><\/p>\n<p><strong>2024<\/strong><\/p>\n<p><a href=\"https:\/\/oshol.hasici-ol.cz\/wp-content\/uploads\/2024\/05\/Vysledky-POODM-2024-krajske-kolo.pdf\">V\u00fdsledky krajsk\u00e9ho kola<\/a><\/p>\n<p><a href=\"https:\/\/oshol.hasici-ol.cz\/wp-content\/uploads\/2024\/05\/Vysledky-POODM-2024-okresni-kolo.xlsx\">V\u00fdsledky okresn\u00edho kola<\/a><\/p>\n<p><strong>2023<\/strong><\/p>\n<p><a href=\"https:\/\/oshol.hasici-ol.cz\/wp-content\/uploads\/2023\/04\/POODM-2023-kraj-Olomouc_opr.pdf\">V\u00fdsledky krajsk\u00e9ho kola<\/a><\/p>\n<p><a href=\"https:\/\/oshol.hasici-ol.cz\/wp-content\/uploads\/2023\/04\/Vysledky_okresni_kolo_POODM_2023_OSH-Olomouc.pdf\">V\u00fdsledky okresn\u00edho kola<\/a><\/p>\n<p><strong>2022<\/strong><\/p>\n<p><a href=\"https:\/\/oshol.hasici-ol.cz\/wp-content\/uploads\/2022\/05\/Vysledky_POODM_2022_krajske_kolo_Olomoucky.pdf\">V\u00fdsledky krajsk\u00e9ho kola<\/a><\/p>\n<p><a href=\"https:\/\/oshol.hasici-ol.cz\/wp-content\/uploads\/2022\/05\/Vysledky_POODM_2022_okresni_kolo.pdf\">V\u00fdsledky okresn\u00edho kola<\/a><\/p>\n<p><strong>2021<\/strong><\/p>\n<p><a href=\"https:\/\/oshol.hasici-ol.cz\/wp-content\/uploads\/2021\/11\/POOD-Vysledky-KK-2021.pdf\">V\u00fdsledky krajsk\u00e9ho kola<\/a><\/p>\n<p><a href=\"https:\/\/oshol.hasici-ol.cz\/wp-content\/uploads\/2021\/04\/vysledky-poodm-2021-okresni-kolo-Olomouc-.xlsx\">V\u00fdsledky okresn\u00edho kola<\/a><\/p>\n<p><strong>2020<\/strong><\/p>\n<p><a href=\"https:\/\/oshol.hasici-ol.cz\/wp-content\/uploads\/2020\/11\/vysledky-poodm-2020-okresni-kolo-OSH-Olomouc.xls\">Vyhodnocen\u00ed okresn\u00edho kola<\/a><\/p>\n<p><a href=\"https:\/\/oshol.hasici-ol.cz\/wp-content\/uploads\/2019\/10\/Propozice-POODM-2020.pdf\">Propozice Po\u017e\u00e1rn\u00ed ochrana o\u010dima d\u011bt\u00ed 2020<\/a><\/p>\n<p><a href=\"https:\/\/oshol.hasici-ol.cz\/wp-content\/uploads\/2019\/10\/V\u00fdsledky-POODM-2020-z\u00e1kladn\u00ed-kolo-.xls\">V\u00fdsledky POODM 2020 z\u00e1kladn\u00ed kolo<\/a>&nbsp;&#8211; vyhodnocovac\u00ed tabulka<\/p>\n<p><strong>2017<\/strong><\/p>\n<p><a href=\"https:\/\/oshol.hasici-ol.cz\/wp-content\/uploads\/2010\/03\/Propozice-POOD-2017.pdf\">Propozice POOD 2017<\/a><\/p>\n<p><a href=\"https:\/\/oshol.hasici-ol.cz\/wp-content\/uploads\/2010\/03\/Vyhodnocovac\u00ed-tabulky-POOD-zakladni-kolo.xls\">Vyhodnocovac\u00ed tabulky POOD zakladni kolo<\/a><strong><br><\/strong><\/p>\n<p><strong>2016<\/strong><\/p>\n<p><strong><a href=\"https:\/\/oshol.hasici-ol.cz\/wp-content\/uploads\/2010\/03\/V\u00fdsledky-krajsk\u00e9ho-kola.xls\">V\u00fdsledky krajsk\u00e9ho kola<\/a><\/strong><\/p>\n<p><strong><a href=\"https:\/\/oshol.hasici-ol.cz\/wp-content\/uploads\/2010\/03\/V\u00fdsledky-okresn\u00edho-kola.xls\">V\u00fdsledky okresn\u00edho kola<\/a><br><\/strong><\/p>\n<p><strong><a href=\"https:\/\/oshol.hasici-ol.cz\/wp-content\/uploads\/2010\/03\/Propozice_POOD-20161.doc\">Propozice_POOD &#8211; 2016<\/a><\/strong><\/p>\n<p><strong><a href=\"https:\/\/oshol.hasici-ol.cz\/wp-content\/uploads\/2010\/03\/Hodnot\u00edc\u00ed-tabulka-20161.xls\">Hodnot\u00edc\u00ed tabulka 2016<\/a><br><\/strong><\/p>\n<p><strong>2015<\/strong><\/p>\n<p><strong><a href=\"https:\/\/oshol.hasici-ol.cz\/wp-content\/uploads\/2010\/03\/V\u00fdsledky-okresn\u00edho-kola-2015_OSH-Olomouc-1.pdf\">V\u00fdsledky okresn\u00edho kola 2015_OSH Olomouc-1<\/a><br><\/strong><\/p>\n<p><a href=\"https:\/\/oshol.hasici-ol.cz\/wp-content\/uploads\/2010\/03\/Propozice-2015.pdf\">Propozice 2015<\/a><\/p>\n<p><a href=\"https:\/\/oshol.hasici-ol.cz\/wp-content\/uploads\/2010\/03\/Pokyny-pro-vedouc\u00ed-k-sout\u011b\u017ei-POOD-2015.doc\">Pokyny pro vedouc\u00ed k sout\u011b\u017ei POOD 2015<\/a><\/p>\n<p><a href=\"https:\/\/oshol.hasici-ol.cz\/wp-content\/uploads\/2010\/03\/POOD-vysledky-zakladniho-kola-2015.xls\">POOD vysledky zakladniho kola 2015<\/a><\/p>\n<p><strong>2014<\/strong><\/p>\n<p>v\u00fdsledky republikov\u00e9ho kola POOD 2014 &#8211; <a href=\"https:\/\/oshol.hasici-ol.cz\/wp-content\/uploads\/2010\/03\/Republikov\u00e9-kolo-2014.xls\">Republikov\u00e9 kolo 2014<\/a><\/p>\n<p>V\u00fdsledky krajsk\u00e9ho kola POOD 2014 &#8211; <a href=\"https:\/\/oshol.hasici-ol.cz\/wp-content\/uploads\/2010\/03\/Krajsk\u00e9-kolo-2014.xls\">Krajsk\u00e9 kolo 2014<\/a><\/p>\n<p>V\u00fdsledky okresn\u00edho kola POOD 2014 &#8211; <a href=\"https:\/\/oshol.hasici-ol.cz\/wp-content\/uploads\/2010\/03\/Okresn\u00ed-kolo-2014.xls\">Okresn\u00ed kolo 2014<\/a><\/p>\n<p>Pravidla POOD 2014 &#8211; <a href=\"https:\/\/oshol.hasici-ol.cz\/wp-content\/uploads\/2010\/03\/Propozice-PO-o\u010dima-d\u011bt\u00ed-2014.pdf\">Propozice PO o\u010dima d\u011bt\u00ed 2014<\/a> + <a href=\"https:\/\/oshol.hasici-ol.cz\/wp-content\/uploads\/2010\/03\/Hodnot\u00edc\u00ed-tabulka.xls\">Hodnot\u00edc\u00ed tabulka<\/a><\/p>\n<p><strong>2013<\/strong><\/p>\n<p>V\u00fdsledky krajsk\u00e9ho kola POOD 2013 &#8211; <a href=\"https:\/\/oshol.hasici-ol.cz\/wp-content\/uploads\/2010\/03\/V\u00fdsledky-krajsk\u00e9ho-kola-2013.pdf\">V\u00fdsledky krajsk\u00e9ho kola 2013<\/a><\/p>\n<p>V\u00fdsledky okresn\u00edho kola POOD 2013 &#8211; <a href=\"https:\/\/oshol.hasici-ol.cz\/wp-content\/uploads\/2010\/03\/V\u00fdsledky-okresn\u00edho-kola-2013.xls\">V\u00fdsledky okresn\u00edho kola 2013<\/a><\/p>\n<p>Ohodnocen\u00e9 okresn\u00ed pr\u00e1ce 2013 &#8211; <a href=\"https:\/\/oshol.hasici-ol.cz\/wp-content\/uploads\/2010\/03\/M1_1-a\u017e-3.pdf\">M1_1 a\u017e 3<\/a>, <a href=\"https:\/\/oshol.hasici-ol.cz\/wp-content\/uploads\/2010\/03\/M2_1-a\u017e-3.pdf\">M2_1 a\u017e 3<\/a>, <a href=\"https:\/\/oshol.hasici-ol.cz\/wp-content\/uploads\/2010\/03\/ZS1_1-a\u017e-3.pdf\">ZS1_1 a\u017e 3<\/a>, <a href=\"https:\/\/oshol.hasici-ol.cz\/wp-content\/uploads\/2010\/03\/ZS2_1-a\u017e-3.pdf\">ZS2_1 a\u017e 3<\/a>, <a href=\"https:\/\/oshol.hasici-ol.cz\/wp-content\/uploads\/2010\/03\/ZS3_1-a\u017e-3.pdf\">ZS3_1 a\u017e 3<\/a>, <a href=\"https:\/\/oshol.hasici-ol.cz\/wp-content\/uploads\/2010\/03\/ZS4_1-a\u017e-3.pdf\">ZS4_1 a\u017e 3<\/a><\/p>\n<p>Pravidla POOD 2013 &#8211; <a href=\"https:\/\/oshol.hasici-ol.cz\/wp-content\/uploads\/2010\/03\/Propozice_POOD_2013.pdf\">Propozice_POOD_2013<\/a> + <a href=\"https:\/\/oshol.hasici-ol.cz\/wp-content\/uploads\/2010\/03\/Dopis-POOD-2013-pro-SDH.doc\">Dopis POOD 2013 pro SDH<\/a><\/p>\n<p><strong>2012<\/strong><\/p>\n<p>V\u00fdsledky krajsk\u00e9ho kola POOD&nbsp;2012 &#8211; <a href=\"https:\/\/oshol.hasici-ol.cz\/wp-content\/uploads\/2010\/03\/Vysledky_krajskeho_kola_20121.pdf\">Vysledky_krajskeho_kola_2012<\/a><\/p>\n<p>V\u00fdsledky&nbsp;okresn\u00edho kola POOD&nbsp;2012 &#8211; <a href=\"https:\/\/oshol.hasici-ol.cz\/wp-content\/uploads\/2010\/03\/Vysledky_okresniho_kola_20121.pdf\">Vysledky_okresniho_kola_2012<\/a><\/p>\n<p>V\u00fdsledky v obrazech 2012 dle kategori\u00ed&nbsp;&#8211; <a href=\"https:\/\/oshol.hasici-ol.cz\/wp-content\/uploads\/2010\/03\/M1.pdf\">M1<\/a>, <a href=\"https:\/\/oshol.hasici-ol.cz\/wp-content\/uploads\/2010\/03\/M2.pdf\">M2<\/a>, <a href=\"https:\/\/oshol.hasici-ol.cz\/wp-content\/uploads\/2010\/03\/ZS1.pdf\">ZS1<\/a>, <a href=\"https:\/\/oshol.hasici-ol.cz\/wp-content\/uploads\/2010\/03\/ZS2.pdf\">ZS2<\/a>, <a href=\"https:\/\/oshol.hasici-ol.cz\/wp-content\/uploads\/2010\/03\/ZS3.pdf\">ZS3<\/a><\/p>\n<p>Pravidla POOD 2012 &#8211; <a href=\"https:\/\/oshol.hasici-ol.cz\/wp-content\/uploads\/2010\/03\/Pravidla-POOD-2012.pdf\">Pravidla POOD 2012<\/a> + <a href=\"https:\/\/oshol.hasici-ol.cz\/wp-content\/uploads\/2010\/03\/Hodnotici-tabulka.xls\">Hodnotici tabulka<\/a><\/p>\n<p><strong>2011<\/strong><\/p>\n<p>V\u00fdsledky krajsk\u00e9ho kola POOD 2011 &#8211; <a href=\"https:\/\/oshol.hasici-ol.cz\/wp-content\/uploads\/2010\/03\/POOD-krajske-kolo-2011-vysledky.xls\">POOD krajske kolo 2011 vysledky<\/a><\/p>\n<p>V\u00fdsledky okresn\u00edho kola POOD 2011 &#8211; <a href=\"https:\/\/oshol.hasici-ol.cz\/wp-content\/uploads\/2010\/03\/POOD-okr.-kolo-2011-vysledky.xls\">POOD okr. kolo 2011 vysledky<\/a><\/p>\n<p>Pravidla POOD 2011 &#8211; <a href=\"https:\/\/oshol.hasici-ol.cz\/wp-content\/uploads\/2010\/03\/Propozice-POOD-pro-rok-20111.doc\">Propozice POOD pro rok 2011<\/a><\/p>\n<p><strong>2010<\/strong><\/p>\n<p>V\u00fdsledky krajsk\u00e9ho kola POOD 2010 &#8211; <a href=\"https:\/\/oshol.hasici-ol.cz\/wp-content\/uploads\/2010\/03\/vysledky-krajskeho-kola-20101.xls\">vysledky krajskeho kola 2010<\/a><\/p>\n<p>V\u00fdsledky okresn\u00ed kolo POOD 2010 &#8211; <a href=\"https:\/\/oshol.hasici-ol.cz\/wp-content\/uploads\/2010\/03\/Vysledky-okresniho-kola-PO-ocima-deti-20101.xls\">Vysledky okresniho kola PO ocima deti 2010<\/a><\/p>\n<p>Pravidla POOD 2010 &#8211; <a href=\"https:\/\/oshol.hasici-ol.cz\/wp-content\/uploads\/2010\/03\/Propozice-POOD-pro-rok-2010.pdf\">Propozice POOD pro rok 2010<\/a><\/p>\n<p>Formul\u00e1\u0159 pro v\u00fdsledky z\u00e1kladn\u00edho kola &#8211; <a href=\"https:\/\/oshol.hasici-ol.cz\/wp-content\/uploads\/2010\/03\/Vysledky-zaklad.-kola-PO-oc.-2010.xls\">Vysledky zaklad. kola PO oc. 2010<\/a><\/p>\n\n\n<p><\/p>\n","protected":false},"excerpt":{"rendered":"<p>2025 Vysledky_krajske_kolo Vysledky_okresni_kolo 2024 V\u00fdsledky krajsk\u00e9ho kola V\u00fdsledky okresn\u00edho kola 2023 V\u00fdsledky krajsk\u00e9ho kola V\u00fdsledky okresn\u00edho kola 2022 V\u00fdsledky krajsk\u00e9ho kola V\u00fdsledky okresn\u00edho kola 2021 V\u00fdsledky krajsk\u00e9ho kola V\u00fdsledky okresn\u00edho kola 2020 Vyhodnocen\u00ed okresn\u00edho kola &hellip;<\/p>\n","protected":false},"author":1,"featured_media":0,"parent":22,"menu_order":6,"comment_status":"closed","ping_status":"closed","template":"","meta":{"ngg_post_thumbnail":0,"footnotes":""},"class_list":["post-24","page","type-page","status-publish","hentry"],"_links":{"self":[{"href":"https:\/\/oshol.hasici-ol.cz\/index.php?rest_route=\/wp\/v2\/pages\/24","targetHints":{"allow":["GET"]}}],"collection":[{"href":"https:\/\/oshol.hasici-ol.cz\/index.php?rest_route=\/wp\/v2\/pages"}],"about":[{"href":"https:\/\/oshol.hasici-ol.cz\/index.php?rest_route=\/wp\/v2\/types\/page"}],"author":[{"embeddable":true,"href":"https:\/\/oshol.hasici-ol.cz\/index.php?rest_route=\/wp\/v2\/users\/1"}],"replies":[{"embeddable":true,"href":"https:\/\/oshol.hasici-ol.cz\/index.php?rest_route=%2Fwp%2Fv2%2Fcomments&post=24"}],"version-history":[{"count":39,"href":"https:\/\/oshol.hasici-ol.cz\/index.php?rest_route=\/wp\/v2\/pages\/24\/revisions"}],"predecessor-version":[{"id":7746,"href":"https:\/\/oshol.hasici-ol.cz\/index.php?rest_route=\/wp\/v2\/pages\/24\/revisions\/7746"}],"up":[{"embeddable":true,"href":"https:\/\/oshol.hasici-ol.cz\/index.php?rest_route=\/wp\/v2\/pages\/22"}],"wp:attachment":[{"href":"https:\/\/oshol.hasici-ol.cz\/index.php?rest_route=%2Fwp%2Fv2%2Fmedia&parent=24"}],"curies":[{"name":"wp","href":"https:\/\/api.w.org\/{rel}","templated":true}]}}