{"id":26,"date":"2010-03-22T18:37:44","date_gmt":"2010-03-22T18:37:44","guid":{"rendered":"http:\/\/192.168.13.234\/?page_id=26"},"modified":"2025-05-12T08:43:17","modified_gmt":"2025-05-12T08:43:17","slug":"plamen","status":"publish","type":"page","link":"https:\/\/oshol.hasici-ol.cz\/?page_id=26","title":{"rendered":"Plamen"},"content":{"rendered":"<h4>2025<\/h4>\n<p>V\u00fdsledky Plamen 2025:<\/p>\n<p><a href=\"https:\/\/oshol.hasici-ol.cz\/wp-content\/uploads\/2025\/05\/PLAMEN-2025-mladsi.pdf\">&nbsp;mladsi<\/a> ,<a href=\"https:\/\/oshol.hasici-ol.cz\/wp-content\/uploads\/2025\/05\/PLAMEN-2025-mladsi-PU.pdf\">&nbsp;mladsi PU<\/a> ,<a href=\"https:\/\/oshol.hasici-ol.cz\/wp-content\/uploads\/2025\/05\/PLAMEN-2025-mladsi-SPD.pdf\">&nbsp;mladsi SPD<\/a> ,<a href=\"https:\/\/oshol.hasici-ol.cz\/wp-content\/uploads\/2025\/05\/PLAMEN-2025-mladsi-4x60-1.pdf\">&nbsp;mladsi 4&#215;60<\/a><\/p>\n<p><a href=\"https:\/\/oshol.hasici-ol.cz\/wp-content\/uploads\/2025\/05\/PLAMEN-2025-starsi-1.pdf\">&nbsp;starsi (1)<\/a>, <a href=\"https:\/\/oshol.hasici-ol.cz\/wp-content\/uploads\/2025\/05\/PLAMEN-2025-starsi-PU.pdf\">&nbsp;starsi PU,<\/a><a href=\"https:\/\/oshol.hasici-ol.cz\/wp-content\/uploads\/2025\/05\/PLAMEN-2025-starsi-4x60-1.pdf\">&nbsp;starsi 4&#215;60<\/a> ,<a href=\"https:\/\/oshol.hasici-ol.cz\/wp-content\/uploads\/2025\/05\/PLAMEN-2025-starsi-SPD.pdf\">&nbsp;starsi SPD<\/a><\/p>\n<p>OZ Plamen : <a href=\"https:\/\/oshol.hasici-ol.cz\/wp-content\/uploads\/2025\/05\/Plamen-2025.pdf\">Plamen 2025<\/a><\/p>\n<p>V\u00fdsledky CTIF : <a href=\"https:\/\/oshol.hasici-ol.cz\/wp-content\/uploads\/2025\/05\/PLAMEN-2025-starsi-2.pdf\">&nbsp;\u00datok star\u0161\u00ed<\/a>, <a href=\"https:\/\/oshol.hasici-ol.cz\/wp-content\/uploads\/2025\/05\/PLAMEN-2025-starsi-stafeta-CTIF.pdf\">\u0161tafeta star\u0161\u00ed<\/a><\/p>\n<h4>&nbsp;<\/h4>\n<h4>2024<\/h4>\n<p>V\u00fdsledky Plamen 2024:<\/p>\n<p><a href=\"https:\/\/oshol.hasici-ol.cz\/wp-content\/uploads\/2024\/06\/PLAMEN-v2024_mladsi_4x60.pdf\">mladsi_4x60,<\/a> <a href=\"https:\/\/oshol.hasici-ol.cz\/wp-content\/uploads\/2024\/06\/PLAMEN-v2024_mladsi_SPD.pdf\">mladsi_SPD,<\/a> <a href=\"https:\/\/oshol.hasici-ol.cz\/wp-content\/uploads\/2024\/06\/PLAMEN-v2024_mladsi_pu.pdf\">mladsi_pu,<\/a> <a href=\"https:\/\/oshol.hasici-ol.cz\/wp-content\/uploads\/2024\/06\/PLAMEN-v2024_mladsi_celkove.pdf\">2024_mladsi_celkove<\/a><\/p>\n<p><a href=\"https:\/\/oshol.hasici-ol.cz\/wp-content\/uploads\/2024\/06\/PLAMEN-v2024_starsi_4x60.pdf\">starsi_4x60,<\/a> <a href=\"https:\/\/oshol.hasici-ol.cz\/wp-content\/uploads\/2024\/06\/PLAMEN-v2024_starsi_SPD.pdf\">starsi_SPD,<\/a> <a href=\"https:\/\/oshol.hasici-ol.cz\/wp-content\/uploads\/2024\/06\/PLAMEN-v2024_starsi_PU.pdf\">starsi_PU,<\/a> <a href=\"https:\/\/oshol.hasici-ol.cz\/wp-content\/uploads\/2024\/06\/celkove-starsi-2024.pdf\">celkov\u00e9 star\u0161\u00ed 2024<\/a><\/p>\n<p>Organiza\u010dn\u00ed zabezpe\u010den\u00ed Okresn\u00ed kolo hry Plamen 2024 &#8211;&nbsp;<a href=\"https:\/\/oshol.hasici-ol.cz\/wp-content\/uploads\/2024\/04\/Plamen-2024.pdf\">OZ Plamen 2024<\/a><\/p>\n<p>V\u00fdsledky CTIF: <a href=\"https:\/\/oshol.hasici-ol.cz\/wp-content\/uploads\/2024\/04\/pu_ctif_2024.pdf\">\u00datok_CTIF_2024,<\/a> <a href=\"https:\/\/oshol.hasici-ol.cz\/wp-content\/uploads\/2024\/04\/stafeta_CTIF_2024.pdf\">\u0160tafeta_CTIF_2024<\/a><\/p>\n<h4>2023<\/h4>\n<p>V\u00fdsledky Plamen 14.5.2023:&nbsp;<\/p>\n<p><a href=\"https:\/\/oshol.hasici-ol.cz\/wp-content\/uploads\/2023\/05\/PLAMEN_mladsi_4x60.pdf\">mlad\u0161\u00ed 4&#215;60<\/a>, <a href=\"https:\/\/oshol.hasici-ol.cz\/wp-content\/uploads\/2023\/05\/PLAMEN_mladsi_SPD.pdf\">mlad\u0161\u00ed \u0160PD<\/a>, <a href=\"https:\/\/oshol.hasici-ol.cz\/wp-content\/uploads\/2023\/05\/PLAMEN_mladsi_PU.pdf\">mlad\u0161\u00ed P\u00da<\/a>, <a href=\"https:\/\/oshol.hasici-ol.cz\/wp-content\/uploads\/2023\/05\/PLAMEN_mladsi_celkove.pdf\">mlad\u0161\u00ed celkov\u00e9<\/a>&nbsp;<\/p>\n<p><a href=\"https:\/\/oshol.hasici-ol.cz\/wp-content\/uploads\/2023\/05\/PLAMEN_starsi_4x60.pdf\">star\u0161\u00ed 4&#215;60<\/a>, <a href=\"https:\/\/oshol.hasici-ol.cz\/wp-content\/uploads\/2023\/05\/PLAMEN_starsi_SPD.pdf\">star\u0161\u00ed \u0160PD<\/a>, <a href=\"https:\/\/oshol.hasici-ol.cz\/wp-content\/uploads\/2023\/05\/PLAMEN_starsi_PU.pdf\">star\u0161\u00ed P\u00da<\/a>, <a href=\"https:\/\/oshol.hasici-ol.cz\/wp-content\/uploads\/2023\/05\/PLAMEN_starsi_celkove.pdf\">star\u0161\u00ed celkov\u00e9<\/a>&nbsp;<\/p>\n<p>Organiza\u010dn\u00ed zabezpe\u010den\u00ed Okresn\u00ed kolo hry Plamen 2022\/2023 &#8211; <a href=\"https:\/\/oshol.hasici-ol.cz\/wp-content\/uploads\/2023\/04\/OZ-Plamen-2022-2023.pdf\">OZ Plamen 2022\/2023<\/a><\/p>\n<p>V\u00fdsledky CTIF: <a href=\"https:\/\/oshol.hasici-ol.cz\/wp-content\/uploads\/2023\/04\/stafeta_ctif.pdf\">\u0160tafeta CTIF<\/a>, <a href=\"https:\/\/oshol.hasici-ol.cz\/wp-content\/uploads\/2023\/04\/pu_ctif.pdf\">\u00fatok CTIF<\/a><\/p>\n<h4><strong>2022<\/strong><\/h4>\n<p>V\u00fdsledky Plamen 15.5.2022:<\/p>\n<p><a href=\"https:\/\/oshol.hasici-ol.cz\/wp-content\/uploads\/2022\/05\/PLAMEN_mladsi_2021-22_4x60.pdf\">mlad\u0161\u00ed 4&#215;60<\/a>, <a href=\"https:\/\/oshol.hasici-ol.cz\/wp-content\/uploads\/2022\/05\/PLAMEN_mladsi_2021-22_SPD.pdf\">mlad\u0161\u00ed \u0160PD<\/a>, <a href=\"https:\/\/oshol.hasici-ol.cz\/wp-content\/uploads\/2022\/05\/PLAMEN_mladsi_2021-22_PU.pdf\">mlad\u0161\u00ed P\u00da<\/a>, <a href=\"https:\/\/oshol.hasici-ol.cz\/wp-content\/uploads\/2022\/05\/PLAMEN_mladsi_2021-22-1.pdf\">mlad\u0161\u00ed celkov\u00e9<\/a><\/p>\n<p><a href=\"https:\/\/oshol.hasici-ol.cz\/wp-content\/uploads\/2022\/05\/PLAMEN_starsi_2021-22_4x60.pdf\">star\u0161\u00ed <\/a><a href=\"https:\/\/oshol.hasici-ol.cz\/wp-content\/uploads\/2022\/05\/PLAMEN_starsi_2021-22_4x60.pdf\">4&#215;60<\/a>, <a href=\"https:\/\/oshol.hasici-ol.cz\/wp-content\/uploads\/2022\/05\/PLAMEN_starsi_2021-22_SPD.pdf\">star\u0161\u00ed \u0160PD<\/a>, <a href=\"https:\/\/oshol.hasici-ol.cz\/wp-content\/uploads\/2022\/05\/PLAMEN_starsi_2021-22_PU.pdf\">star\u0161\u00ed P\u00da<\/a>, <a href=\"https:\/\/oshol.hasici-ol.cz\/wp-content\/uploads\/2022\/05\/PLAMEN_starsi_2021-22-1.pdf\">star\u0161\u00ed celkov\u00e9<\/a><\/p>\n<p>V\u00fdsledky CTIF: <a href=\"https:\/\/oshol.hasici-ol.cz\/wp-content\/uploads\/2022\/04\/PLAMEN_starsi_2022.pdf\">\u0161tafeta CTIF<\/a>, <a href=\"https:\/\/oshol.hasici-ol.cz\/wp-content\/uploads\/2022\/04\/PLAMEN_starsi_2022_utok-CTIF.pdf\">\u00fatok CTIF<\/a><\/p>\n<p>Organiza\u010dn\u00ed zabezpe\u010den\u00ed&nbsp; Okresn\u00ed kolo hry Plamen 2021\/2022 &#8211; <a href=\"https:\/\/oshol.hasici-ol.cz\/wp-content\/uploads\/2022\/04\/PLAMEN-2022.pdf\">OZ Plamen 2021\/2022<\/a><\/p>\n<p><strong>2020<\/strong><\/p>\n<p>Organiza\u010dn\u00ed zabezpe\u010den\u00ed CTIF 2020 &#8211;&nbsp;<a href=\"https:\/\/oshol.hasici-ol.cz\/wp-content\/uploads\/2020\/03\/IMG_20200309_0002.pdf\">CTIF 2020<\/a><\/p>\n<p><a href=\"https:\/\/oshol.hasici-ol.cz\/wp-content\/uploads\/2020\/03\/P\u0159ihl\u00e1\u0161ka-do-sout\u011b\u017ee.xlsx\">P\u0159ihl\u00e1\u0161ka do sout\u011b\u017ee MH<\/a><\/p>\n<p><strong>2019<\/strong><\/p>\n<p>V\u00fdsledky ZPV 2019 &#8211;&nbsp;<a href=\"https:\/\/oshol.hasici-ol.cz\/wp-content\/uploads\/2019\/10\/ZPV_mladsi.pdf\">mlad\u0161\u00ed<\/a>,&nbsp;<a href=\"https:\/\/oshol.hasici-ol.cz\/wp-content\/uploads\/2019\/10\/ZPV_mladsi_celkove.pdf\">mlad\u0161\u00ed celkov\u00e9<\/a>,&nbsp;<a href=\"https:\/\/oshol.hasici-ol.cz\/wp-content\/uploads\/2019\/10\/ZPV_STARSI.pdf\">star\u0161\u00ed<\/a>,&nbsp;<a href=\"https:\/\/oshol.hasici-ol.cz\/wp-content\/uploads\/2019\/10\/ZPV_STARSI_celkove.pdf\">star\u0161\u00ed celkov\u00e9<\/a><\/p>\n<p>Organiza\u010dn\u00ed zabezpe\u010den\u00ed ZPV &#8211;&nbsp;<a href=\"https:\/\/oshol.hasici-ol.cz\/wp-content\/uploads\/2019\/09\/OZ-Branak-2019.pdf\">OZ ZPV 2019<\/a>,&nbsp;<a href=\"https:\/\/oshol.hasici-ol.cz\/wp-content\/uploads\/2019\/09\/P\u0159ihl\u00e1\u0161ka-do-sout\u011b\u017ee.pdf\">P\u0159ihl\u00e1\u0161ka<\/a><\/p>\n<p>V\u00fdsledky Plamen 11.5.2019:<\/p>\n<p><a href=\"https:\/\/oshol.hasici-ol.cz\/wp-content\/uploads\/2019\/05\/mladsi_4x60.pdf\">mlad\u0161\u00ed 4x60m<\/a>,&nbsp;<a href=\"https:\/\/oshol.hasici-ol.cz\/wp-content\/uploads\/2019\/05\/mladsi_SPD.pdf\">mlad\u0161\u00ed \u0160PD<\/a>,&nbsp;<a href=\"https:\/\/oshol.hasici-ol.cz\/wp-content\/uploads\/2019\/05\/mladsi_PU.pdf\">mlad\u0161\u00ed P\u00da<\/a>,&nbsp;<a href=\"https:\/\/oshol.hasici-ol.cz\/wp-content\/uploads\/2019\/05\/mlad\u0161\u00ed.pdf\">mlad\u0161\u00ed celkov\u00e9<\/a><\/p>\n<p><a href=\"https:\/\/oshol.hasici-ol.cz\/wp-content\/uploads\/2019\/05\/starsi_4x60.pdf\">star\u0161\u00ed 4x60m<\/a>,&nbsp;<a href=\"https:\/\/oshol.hasici-ol.cz\/wp-content\/uploads\/2019\/05\/starsi_SPD.pdf\">star\u0161\u00ed \u0160PD<\/a>,&nbsp;<a href=\"https:\/\/oshol.hasici-ol.cz\/wp-content\/uploads\/2019\/05\/starsi_PU.pdf\">star\u0161\u00ed P\u00da<\/a>,&nbsp;<a href=\"https:\/\/oshol.hasici-ol.cz\/wp-content\/uploads\/2019\/05\/Star\u0161\u00ed.pdf\">star\u0161\u00ed celkov\u00e9<\/a><\/p>\n<p>Organiza\u010dn\u00ed zabezpe\u010den\u00ed Okresn\u00ed kolo hry Plamen 2018\/2019 &#8211;&nbsp;<a href=\"https:\/\/oshol.hasici-ol.cz\/wp-content\/uploads\/2019\/04\/OZ-Plamen-2018-2019_1-3.pdf\">OZ Plamen 2018-2019<\/a><\/p>\n<p>Organiza\u010dn\u00ed zabezpe\u010den\u00ed CTIF 2019 &#8211;&nbsp;<a href=\"https:\/\/oshol.hasici-ol.cz\/wp-content\/uploads\/2019\/03\/OZ-CTIF-2019.pdf\">CTIF 2019<\/a><\/p>\n<p>V\u00fdsledky CTIF &#8211;&nbsp;<a href=\"https:\/\/oshol.hasici-ol.cz\/wp-content\/uploads\/2019\/04\/\u0161tafeta-CTIF.pdf\">\u0161tafeta CTIF<\/a>,&nbsp;<a href=\"https:\/\/oshol.hasici-ol.cz\/wp-content\/uploads\/2019\/04\/\u00datok-CTIF.pdf\">\u00fatok CTIF<\/a><\/p>\n<p><strong>2018<\/strong><\/p>\n<p>V\u00fdsledky BZPV 13.10.2018: <a href=\"https:\/\/oshol.hasici-ol.cz\/wp-content\/uploads\/2018\/10\/BZPV_MLADSI_2018_2019.pdf\">BZPV &#8211; mlad\u0161\u00ed<\/a>, <a href=\"https:\/\/oshol.hasici-ol.cz\/wp-content\/uploads\/2018\/10\/BZPV_STARSI_2018_2019.pdf\">BZPV &#8211; star\u0161\u00ed<\/a><\/p>\n<p>Organiza\u010dn\u00ed zabezpe\u010den\u00ed ZPV &#8211; <a href=\"https:\/\/oshol.hasici-ol.cz\/wp-content\/uploads\/2018\/08\/ZPV-2018.pdf\">ZPV 2018<\/a>, <a href=\"https:\/\/oshol.hasici-ol.cz\/wp-content\/uploads\/2018\/08\/P\u0159ihl\u00e1\u0161ka-ZPV.xls\">P\u0159ihl\u00e1\u0161ka ZPV<\/a><\/p>\n<p>V\u00fdsledky Plamen 13.5.2018:<\/p>\n<p><a href=\"https:\/\/oshol.hasici-ol.cz\/wp-content\/uploads\/2018\/05\/60m-mlad\u0161\u00ed-d\u00edvky.pdf\">60m mlad\u0161\u00ed d\u00edvky<\/a>, <a href=\"https:\/\/oshol.hasici-ol.cz\/wp-content\/uploads\/2018\/05\/60m-mlad\u0161\u00ed-chlapci.pdf\">60m mlad\u0161\u00ed chlapci<\/a>, <a href=\"https:\/\/oshol.hasici-ol.cz\/wp-content\/uploads\/2018\/05\/60m-star\u0161\u00ed-d\u00edvky.pdf\">60m star\u0161\u00ed d\u00edvky<\/a>, <a href=\"https:\/\/oshol.hasici-ol.cz\/wp-content\/uploads\/2018\/05\/60m-star\u0161\u00ed-chlapci.pdf\">60m star\u0161\u00ed chlapci<\/a><\/p>\n<p><a href=\"https:\/\/oshol.hasici-ol.cz\/wp-content\/uploads\/2018\/05\/PLAMEN-mlad\u0161\u00ed.pdf\">PLAMEN mlad\u0161\u00ed<\/a>, <a href=\"https:\/\/oshol.hasici-ol.cz\/wp-content\/uploads\/2018\/05\/PLAMEN-star\u0161\u00ed.pdf\">PLAMEN star\u0161\u00ed<\/a><\/p>\n<p><a href=\"https:\/\/oshol.hasici-ol.cz\/wp-content\/uploads\/2018\/05\/mlad\u0161\u00ed-celkov\u00e9.pdf\">mlad\u0161\u00ed celkov\u00e9<\/a>, <a href=\"https:\/\/oshol.hasici-ol.cz\/wp-content\/uploads\/2018\/05\/star\u0161\u00ed-celkov\u00e9.pdf\">star\u0161\u00ed celkov\u00e9<\/a><\/p>\n<p>Organiza\u010dn\u00ed zabezpe\u010den\u00ed Okresn\u00ed kolo Plamen 2017\/2018 &#8211; <a href=\"https:\/\/oshol.hasici-ol.cz\/wp-content\/uploads\/2018\/04\/Plamen-2017-2018.pdf\">OZ Okresn\u00ed kolo Plamen 2017-2018<\/a><\/p>\n<p>Organiza\u010dn\u00ed zabezpe\u010den\u00ed CTIF 2018 &#8211; <a href=\"https:\/\/oshol.hasici-ol.cz\/wp-content\/uploads\/2018\/03\/OZ-CTIF-2018.pdf\">OZ CTIF 2018<\/a><\/p>\n<p><strong>2017<\/strong><\/p>\n<p>V\u00fdsledky BZPV 2017 &#8211; <a href=\"https:\/\/oshol.hasici-ol.cz\/wp-content\/uploads\/2010\/03\/mlad\u0161\u00ed-po\u0159ad\u00ed.pdf\">mlad\u0161\u00ed po\u0159ad\u00ed<\/a>, <a href=\"https:\/\/oshol.hasici-ol.cz\/wp-content\/uploads\/2010\/03\/mlad\u0161\u00ed_v\u00fdsledky.pdf\">mlad\u0161\u00ed_v\u00fdsledky<\/a>, <a href=\"https:\/\/oshol.hasici-ol.cz\/wp-content\/uploads\/2010\/03\/star\u0161\u00ed-po\u0159ad\u00ed.pdf\">star\u0161\u00ed po\u0159ad\u00ed<\/a>, <a href=\"https:\/\/oshol.hasici-ol.cz\/wp-content\/uploads\/2010\/03\/star\u0161\u00ed_v\u00fdsledky.pdf\">star\u0161\u00ed_v\u00fdsledky<\/a><\/p>\n<p><a href=\"https:\/\/oshol.hasici-ol.cz\/wp-content\/uploads\/2010\/03\/OZ-ZPV-2017.pdf\">OZ ZPV 2017<\/a><\/p>\n<p>V\u00fdsledky Plamen 2016-2017: <a href=\"https:\/\/oshol.hasici-ol.cz\/wp-content\/uploads\/2010\/03\/Mlad\u0161\u00ed1.pdf\">Mlad\u0161\u00ed<\/a>, <a href=\"https:\/\/oshol.hasici-ol.cz\/wp-content\/uploads\/2010\/03\/Star\u0161\u00ed1.pdf\">Star\u0161\u00ed<\/a><\/p>\n<p><a href=\"https:\/\/oshol.hasici-ol.cz\/wp-content\/uploads\/2010\/03\/OZ-Plamen-2016-2017-14.5.2017.pdf\">OZ Plamen 2016-2017, 14.5.2017<\/a><\/p>\n<p><a href=\"https:\/\/oshol.hasici-ol.cz\/wp-content\/uploads\/2010\/03\/OZ-CTIF-2017.pdf\">OZ-CTIF 2017<\/a><\/p>\n<p><strong>2016<\/strong><\/p>\n<p>V\u00fdsledky BZPV 2016 &#8211; <a href=\"https:\/\/oshol.hasici-ol.cz\/wp-content\/uploads\/2010\/03\/Mladsi_poradi.pdf\">Mladsi_poradi<\/a>, <a href=\"https:\/\/oshol.hasici-ol.cz\/wp-content\/uploads\/2010\/03\/Mladsi_vse.pdf\">Mladsi_vse<\/a>, <a href=\"https:\/\/oshol.hasici-ol.cz\/wp-content\/uploads\/2010\/03\/Starsi_poradi.pdf\">Starsi_poradi<\/a>, <a href=\"https:\/\/oshol.hasici-ol.cz\/wp-content\/uploads\/2010\/03\/Starsi_vse.pdf\">Starsi_vse<\/a><\/p>\n<p><a href=\"https:\/\/oshol.hasici-ol.cz\/wp-content\/uploads\/2010\/03\/OZ-Branak-20162.pdf\">OZ Branak 2016<\/a><\/p>\n<p><a href=\"https:\/\/oshol.hasici-ol.cz\/wp-content\/uploads\/2010\/03\/P\u0159ihl\u00e1\u0161ka-hra-Plamen.xlsx\">P\u0159ihl\u00e1\u0161ka &#8211; hra Plamen<\/a><\/p>\n<p>V\u00fdsledky hry Plamen 2016:<\/p>\n<p>mlad\u0161\u00ed &#8211; <a href=\"https:\/\/oshol.hasici-ol.cz\/wp-content\/uploads\/2010\/03\/d\u00edvky_60m.pdf\">d\u00edvky_60m<\/a>, <a href=\"https:\/\/oshol.hasici-ol.cz\/wp-content\/uploads\/2010\/03\/kluci_60m.pdf\">kluci_60m<\/a>, <a href=\"https:\/\/oshol.hasici-ol.cz\/wp-content\/uploads\/2010\/03\/celkem.pdf\">celkem<\/a>, <a href=\"https:\/\/oshol.hasici-ol.cz\/wp-content\/uploads\/2010\/03\/celkempodrobn\u011b.pdf\">celkem(podrobn\u011b)<\/a><\/p>\n<p>star\u0161\u00ed &#8211; <a href=\"https:\/\/oshol.hasici-ol.cz\/wp-content\/uploads\/2010\/03\/divky_60m.pdf\">divky_60m<\/a>, <a href=\"https:\/\/oshol.hasici-ol.cz\/wp-content\/uploads\/2010\/03\/kluci_60m1.pdf\">kluci_60m<\/a>, <a href=\"https:\/\/oshol.hasici-ol.cz\/wp-content\/uploads\/2010\/03\/celkem1.pdf\">celkem<\/a>, <a href=\"https:\/\/oshol.hasici-ol.cz\/wp-content\/uploads\/2010\/03\/celkem-podrobn\u011b.pdf\">celkem (podrobn\u011b)<\/a><\/p>\n<p><a href=\"https:\/\/oshol.hasici-ol.cz\/wp-content\/uploads\/2010\/03\/OZ-Plamen-2015-2016.pdf\">OZ Plamen 2015-2016<\/a><\/p>\n<p><a href=\"https:\/\/oshol.hasici-ol.cz\/wp-content\/uploads\/2010\/03\/OZ-CTIF-20161.pdf\">OZ-CTIF 2016<\/a> +&nbsp; <a href=\"https:\/\/oshol.hasici-ol.cz\/wp-content\/uploads\/2010\/03\/N\u00e1vratka-CTIF-20161.docx\">N\u00e1vratka CTIF 2016<\/a><\/p>\n<p><strong>2015<\/strong><\/p>\n<p>V\u00fdsledky BZPV 2015 &#8211; <a href=\"https:\/\/oshol.hasici-ol.cz\/wp-content\/uploads\/2010\/03\/BZPV_mladsi.pdf\">BZPV_mladsi<\/a>, <a href=\"https:\/\/oshol.hasici-ol.cz\/wp-content\/uploads\/2010\/03\/BZPV_starsi.pdf\">BZPV_starsi<\/a><\/p>\n<p>OZ BZPV 2015 &#8211; <a href=\"https:\/\/oshol.hasici-ol.cz\/wp-content\/uploads\/2010\/03\/OZ-Branak-2015.docx\">OZ Branak 2015<\/a><\/p>\n<p><a href=\"https:\/\/oshol.hasici-ol.cz\/wp-content\/uploads\/2010\/03\/Registra\u010dn\u00ed-list-MH-2015-20162.xls\">Registra\u010dn\u00ed list MH 2015-2016<\/a><\/p>\n<p>V\u00fdsledky hry Plamen 2015:<\/p>\n<p>mlad\u0161\u00ed &#8211; <a href=\"https:\/\/oshol.hasici-ol.cz\/wp-content\/uploads\/2010\/03\/60m_divky.pdf\">60m_divky<\/a>, <a href=\"https:\/\/oshol.hasici-ol.cz\/wp-content\/uploads\/2010\/03\/60m_chlapci.pdf\">60m_chlapci<\/a>, <a href=\"https:\/\/oshol.hasici-ol.cz\/wp-content\/uploads\/2010\/03\/druzstva.pdf\">druzstva<\/a><\/p>\n<p>star\u0161\u00ed &#8211; <a href=\"https:\/\/oshol.hasici-ol.cz\/wp-content\/uploads\/2010\/03\/60m_divky1.pdf\">60m_divky<\/a>, <a href=\"https:\/\/oshol.hasici-ol.cz\/wp-content\/uploads\/2010\/03\/60m_chlapci1.pdf\">60m_chlapci<\/a>, <a href=\"https:\/\/oshol.hasici-ol.cz\/wp-content\/uploads\/2010\/03\/druzstva1.pdf\">druzstva<\/a><\/p>\n<p><a href=\"https:\/\/oshol.hasici-ol.cz\/wp-content\/uploads\/2010\/03\/Plamen-2014-20151.pdf\">Plamen 2014-2015<\/a> + <a href=\"https:\/\/oshol.hasici-ol.cz\/wp-content\/uploads\/2010\/03\/P\u0159ihl\u00e1\u0161ka-Plamen1.docx\">P\u0159ihl\u00e1\u0161ka Plamen<\/a><\/p>\n<p>Organiza\u010dn\u00ed zabezpe\u010den\u00ed CTIF 2015 &#8211; <a href=\"https:\/\/oshol.hasici-ol.cz\/wp-content\/uploads\/2010\/03\/OZ-CTIF-20151.pdf\">OZ CTIF 2015<\/a><\/p>\n<p><strong>2014<\/strong><\/p>\n<p>V\u00fdsledky BZPV 2014:<\/p>\n<p><a href=\"https:\/\/oshol.hasici-ol.cz\/wp-content\/uploads\/2010\/03\/PLAMEN_mladsi_druzstva_BZV.pdf\">PLAMEN_mladsi_druzstva_BZV<\/a>, <a href=\"https:\/\/oshol.hasici-ol.cz\/wp-content\/uploads\/2010\/03\/PLAMEN_mladsi_hlidky_BZV.pdf\">PLAMEN_mladsi_hlidky_BZV<\/a>, <a href=\"https:\/\/oshol.hasici-ol.cz\/wp-content\/uploads\/2010\/03\/PLAMEN_starsi_druzstva_BZV.pdf\">PLAMEN_starsi_druzstva_BZV<\/a>, <a href=\"https:\/\/oshol.hasici-ol.cz\/wp-content\/uploads\/2010\/03\/PLAMEN_starsi_hlidky_BZV.pdf\">PLAMEN_starsi_hlidky_BZV<\/a><\/p>\n<p>V\u00fdsledky hry Plamen 2014:<\/p>\n<p><a href=\"https:\/\/oshol.hasici-ol.cz\/wp-content\/uploads\/2010\/03\/PLAMEN_ML_celkove.pdf\">PLAMEN_ML_celkove<\/a>, <a href=\"https:\/\/oshol.hasici-ol.cz\/wp-content\/uploads\/2010\/03\/PLAMEN_ST_celkove.pdf\">PLAMEN_ST_celkove<\/a>, <a href=\"https:\/\/oshol.hasici-ol.cz\/wp-content\/uploads\/2010\/03\/60m-ML-M.pdf\">60m ML M<\/a>, <a href=\"https:\/\/oshol.hasici-ol.cz\/wp-content\/uploads\/2010\/03\/60m-ML-\u017d.pdf\">60m ML \u017d<\/a>, <a href=\"https:\/\/oshol.hasici-ol.cz\/wp-content\/uploads\/2010\/03\/60m-ST-M.pdf\">60m ST M<\/a>, <a href=\"https:\/\/oshol.hasici-ol.cz\/wp-content\/uploads\/2010\/03\/60m-ST-\u017d.pdf\">60m ST \u017d<\/a><\/p>\n<p>OZ hry Plamen 2013\/14, 10.5.2014 &#8211; <a href=\"https:\/\/oshol.hasici-ol.cz\/wp-content\/uploads\/2010\/03\/Plamen-2013-2014.pdf\">Plamen 2013-2014<\/a><\/p>\n<p>sout\u011b\u017e CTIF 19.4.2014 &#8211; <a href=\"https:\/\/oshol.hasici-ol.cz\/wp-content\/uploads\/2010\/03\/OZ-CTIF-2014.pdf\">OZ CTIF 2014<\/a><\/p>\n<p><strong>Star\u0161\u00ed:<\/strong><\/p>\n<p>V\u00fdsledky BZPV 2013 &#8211; <a href=\"https:\/\/oshol.hasici-ol.cz\/wp-content\/uploads\/2010\/03\/Mlad\u0161\u00ed.pdf\">Mlad\u0161\u00ed<\/a>, <a href=\"https:\/\/oshol.hasici-ol.cz\/wp-content\/uploads\/2010\/03\/Star\u0161\u00ed.pdf\">Star\u0161\u00ed<\/a><\/p>\n<p>V\u00fdsledky hry Plamen 2013:<\/p>\n<p><a href=\"https:\/\/oshol.hasici-ol.cz\/wp-content\/uploads\/2010\/03\/MLADSI_DIVKY_60m.pdf\">MLADSI_DIVKY_60m<\/a> + <a href=\"https:\/\/oshol.hasici-ol.cz\/wp-content\/uploads\/2010\/03\/MLADSI_CHLAPCI_60m.pdf\">MLADSI_CHLAPCI_60m<\/a> <a href=\"https:\/\/oshol.hasici-ol.cz\/wp-content\/uploads\/2010\/03\/STARSI_DIVKY_60m.pdf\">STARSI_DIVKY_60m<\/a> + <a href=\"https:\/\/oshol.hasici-ol.cz\/wp-content\/uploads\/2010\/03\/STARSI_CHLAPCI_60m.pdf\">STARSI_CHLAPCI_60m<\/a> <a href=\"https:\/\/oshol.hasici-ol.cz\/wp-content\/uploads\/2010\/03\/MLADSI_VYSLEDKY_CELKEM.pdf\">MLADSI_VYSLEDKY_CELKEM<\/a> + <a href=\"https:\/\/oshol.hasici-ol.cz\/wp-content\/uploads\/2010\/03\/STARSI_VYSLEDKY_CELKEM.pdf\">STARSI_VYSLEDKY_CELKEM<\/a><\/p>\n<p>OZ hry Plamen 2012\/13 , 11.5.2013 &#8211; <a href=\"https:\/\/oshol.hasici-ol.cz\/wp-content\/uploads\/2010\/03\/OZ_Plamen_2012-13_11.5.1.docx\">OZ_Plamen_2012-13_11.5.<\/a><\/p>\n<p>OZ \u0161tafety CTIF 2013 &#8211; <a href=\"https:\/\/oshol.hasici-ol.cz\/wp-content\/uploads\/2010\/03\/CTIF-2013.pdf\">CTIF 2013<\/a><\/p>\n<p>V\u00fdsledky BZPV 2012 &#8211; <a href=\"https:\/\/oshol.hasici-ol.cz\/wp-content\/uploads\/2010\/03\/BZPV20121.xls\">BZPV2012<\/a><\/p>\n<p>Organiza\u010dn\u00ed zabezpe\u010den\u00ed BZPV 2012 &#8211; <a href=\"https:\/\/oshol.hasici-ol.cz\/wp-content\/uploads\/2010\/03\/OZ_Branak_20121.doc\">OZ_Branak_2012<\/a><\/p>\n<p>V\u00fdsledky hry Plamen 2012 &#8211; <a href=\"https:\/\/oshol.hasici-ol.cz\/wp-content\/uploads\/2010\/03\/Vysledky_Plamen_kat._mladsi.pdf\">Vysledky_Plamen_kat._mladsi<\/a> + <a href=\"https:\/\/oshol.hasici-ol.cz\/wp-content\/uploads\/2010\/03\/Vysledky_Plamen_kat._starsi.pdf\">Vysledky_Plamen_kat._starsi<\/a><\/p>\n<p>OZ \u0161tafety CTIF 2012 &#8211; <a href=\"https:\/\/oshol.hasici-ol.cz\/wp-content\/uploads\/2010\/03\/CTIF-2012-I.doc\">CTIF 2012 I<\/a><\/p>\n<p>OZ Plamen 2012 &#8211; <a href=\"https:\/\/oshol.hasici-ol.cz\/wp-content\/uploads\/2010\/03\/Plamen-20121.doc\">Plamen 2012<\/a><\/p>\n<p>OZ Bra\u0148\u00e1k 8.10.2011 &#8211; <a href=\"https:\/\/oshol.hasici-ol.cz\/wp-content\/uploads\/2010\/03\/OZ_Branak_20111.doc\">OZ_Branak_2011<\/a><\/p>\n<p>Plamen 2011, v\u00fdsledky &#8211; <a href=\"https:\/\/oshol.hasici-ol.cz\/wp-content\/uploads\/2010\/03\/Plamen-20111.xls\">Plamen 2011<\/a><\/p>\n<p>\u0160tafeta CTIF 2011 &#8211; <a href=\"https:\/\/oshol.hasici-ol.cz\/wp-content\/uploads\/2010\/03\/Stafeta-CTIF-20112.doc\">Stafeta-CTIF-2011<\/a><\/p>\n<p>Plamen 2011 &#8211; <a href=\"https:\/\/oshol.hasici-ol.cz\/wp-content\/uploads\/2010\/03\/Plamen-20111.doc\">Plamen 2011<\/a><\/p>\n<p>BZPV 2010 v\u00fdsledky &#8211; <a href=\"https:\/\/oshol.hasici-ol.cz\/wp-content\/uploads\/2010\/03\/BZPV-2010.xls\">BZPV 2010<\/a><\/p>\n<p>Plamen 2010 v\u00fdsledky dru\u017estev a jednotlivc\u016f &#8211; <a href=\"https:\/\/oshol.hasici-ol.cz\/wp-content\/uploads\/2010\/03\/Plamen-15.5.2010-dru\u017estva1.xls\">Plamen 15.5.2010, dru\u017estva<\/a> + &nbsp;<a href=\"https:\/\/oshol.hasici-ol.cz\/wp-content\/uploads\/2010\/03\/Plamen-2010-jednotlivci1.xls\">Plamen 2010, jednotlivci<\/a><\/p>\n","protected":false},"excerpt":{"rendered":"<p>2025 V\u00fdsledky Plamen 2025: &nbsp;mladsi ,&nbsp;mladsi PU ,&nbsp;mladsi SPD ,&nbsp;mladsi 4&#215;60 &nbsp;starsi (1), &nbsp;starsi PU,&nbsp;starsi 4&#215;60 ,&nbsp;starsi SPD OZ Plamen : Plamen 2025 V\u00fdsledky CTIF : &nbsp;\u00datok star\u0161\u00ed, \u0161tafeta star\u0161\u00ed &nbsp; 2024 V\u00fdsledky Plamen 2024: &hellip;<\/p>\n","protected":false},"author":1,"featured_media":0,"parent":22,"menu_order":4,"comment_status":"closed","ping_status":"closed","template":"","meta":{"ngg_post_thumbnail":0,"footnotes":""},"class_list":["post-26","page","type-page","status-publish","hentry"],"_links":{"self":[{"href":"https:\/\/oshol.hasici-ol.cz\/index.php?rest_route=\/wp\/v2\/pages\/26","targetHints":{"allow":["GET"]}}],"collection":[{"href":"https:\/\/oshol.hasici-ol.cz\/index.php?rest_route=\/wp\/v2\/pages"}],"about":[{"href":"https:\/\/oshol.hasici-ol.cz\/index.php?rest_route=\/wp\/v2\/types\/page"}],"author":[{"embeddable":true,"href":"https:\/\/oshol.hasici-ol.cz\/index.php?rest_route=\/wp\/v2\/users\/1"}],"replies":[{"embeddable":true,"href":"https:\/\/oshol.hasici-ol.cz\/index.php?rest_route=%2Fwp%2Fv2%2Fcomments&post=26"}],"version-history":[{"count":93,"href":"https:\/\/oshol.hasici-ol.cz\/index.php?rest_route=\/wp\/v2\/pages\/26\/revisions"}],"predecessor-version":[{"id":7763,"href":"https:\/\/oshol.hasici-ol.cz\/index.php?rest_route=\/wp\/v2\/pages\/26\/revisions\/7763"}],"up":[{"embeddable":true,"href":"https:\/\/oshol.hasici-ol.cz\/index.php?rest_route=\/wp\/v2\/pages\/22"}],"wp:attachment":[{"href":"https:\/\/oshol.hasici-ol.cz\/index.php?rest_route=%2Fwp%2Fv2%2Fmedia&parent=26"}],"curies":[{"name":"wp","href":"https:\/\/api.w.org\/{rel}","templated":true}]}}