{"id":28,"date":"2010-03-22T18:37:54","date_gmt":"2010-03-22T18:37:54","guid":{"rendered":"http:\/\/192.168.13.234\/?page_id=28"},"modified":"2026-01-15T08:44:16","modified_gmt":"2026-01-15T08:44:16","slug":"kalendar-soutezi","status":"publish","type":"page","link":"https:\/\/oshol.hasici-ol.cz\/?page_id=28","title":{"rendered":"Kalend\u00e1\u0159 sout\u011b\u017e\u00ed"},"content":{"rendered":"<p><strong>2026:<\/strong><\/p>\n<p><a href=\"https:\/\/docs.google.com\/spreadsheets\/d\/1fA9JURhfHkOrBLX9daiImJLFMb-820FH_vkU1FluzO4\/edit\">Kalend\u00e1\u0159 sout\u011b\u017e\u00ed na rok 2026 MH<\/a><\/p>\n<p><strong>2025:<\/strong><\/p>\n<p><a href=\"https:\/\/oshol.hasici-ol.cz\/wp-content\/uploads\/2025\/03\/Kalendar-soutezi-MH-Olomouc-2025.pdf\">Kalend\u00e1\u0159 sout\u011b\u017e\u00ed MH Olomouc 2025<\/a><\/p>\n<p><strong>2024<\/strong>:<\/p>\n<p><a href=\"https:\/\/oshol.hasici-ol.cz\/wp-content\/uploads\/2024\/02\/Kalendar-MH-2024.pdf\">Kalend\u00e1\u0159 MH 2024<\/a><\/p>\n<p><a href=\"https:\/\/oshol.hasici-ol.cz\/wp-content\/uploads\/2024\/02\/KALENDAR_OSH_ol_2024-2.pdf\">Kalend\u00e1\u0159 PS 2024 &nbsp;<\/a><\/p>\n<p><strong>2023:<\/strong><\/p>\n<p><a href=\"https:\/\/oshol.hasici-ol.cz\/wp-content\/uploads\/2023\/03\/Kalendar-MH-2023.pdf\">Kalend\u00e1\u0159 sout\u011b\u017e\u00ed mlad\u00fdch hasi\u010d\u016f 2023<\/a><\/p>\n<p><strong>P\u0159ede\u0161l\u00e9 roky:<\/strong><\/p>\n<p><a href=\"https:\/\/oshol.hasici-ol.cz\/wp-content\/uploads\/2022\/07\/Kalendar-MH.pdf\">Kalend\u00e1\u0159 sout\u011b\u017e\u00ed mlad\u00fdch hasi\u010d\u016f 2022<\/a><\/p>\n<p><a href=\"https:\/\/oshol.hasici-ol.cz\/wp-content\/uploads\/2019\/02\/Kalend\u00e1\u0159-sout\u011b\u017e\u00ed-MH-2019.pdf\">Kalend\u00e1\u0159 sout\u011b\u017e\u00ed mlad\u00fdch hasi\u010d\u016f 2019<\/a><\/p>\n<p><a href=\"https:\/\/oshol.hasici-ol.cz\/wp-content\/uploads\/2018\/03\/Kalend\u00e1\u0159-sout\u011b\u017e\u00ed-MH-okresu-Olomouc-2018.pdf\" target=\"_blank\" rel=\"noopener\">Kalend\u00e1\u0159 sout\u011b\u017e\u00ed MH okresu Olomouc 2018<\/a><\/p>\n<p><a href=\"https:\/\/oshol.hasici-ol.cz\/wp-content\/uploads\/2010\/03\/Kalend\u00e1\u0159-sout\u011b\u017e\u00ed-mlad\u00fdch-hasi\u010d\u016f-okresu-Olomouc-20171.pdf\">Kalend\u00e1\u0159 sout\u011b\u017e\u00ed mlad\u00fdch hasi\u010d\u016f okresu Olomouc 2017<\/a><\/p>\n<p><a href=\"https:\/\/oshol.hasici-ol.cz\/wp-content\/uploads\/2010\/03\/Kalend\u00e1\u0159-sout\u011b\u017e\u00ed-MH-a-dorostu-OSH-Olomouc-20161.pdf\">Kalend\u00e1\u0159 sout\u011b\u017e\u00ed MH a dorostu OSH Olomouc 2016<\/a><\/p>\n<p>Kalend\u00e1\u0159 sout\u011b\u017e\u00ed MH okresu Olomouc 2015 &#8211; <a href=\"https:\/\/oshol.hasici-ol.cz\/wp-content\/uploads\/2010\/03\/Kalend\u00e1\u0159_sout\u011b\u017e\u00ed_MH_20151.pdf\">Kalend\u00e1\u0159_sout\u011b\u017e\u00ed_MH_2015<\/a><\/p>\n<p>Kalend\u00e1\u0159 sout\u011b\u017e\u00ed MH okresu Olomouc 2014 &#8211; <a href=\"https:\/\/oshol.hasici-ol.cz\/wp-content\/uploads\/2010\/03\/Kalendar-soutezi-MH-20142.pdf\">Kalendar soutezi MH 2014<\/a><\/p>\n<p>Kalend\u00e1\u0159 sout\u011b\u017e\u00ed MH okresu Olomouc 2013 &#8211; <a href=\"https:\/\/oshol.hasici-ol.cz\/wp-content\/uploads\/2010\/03\/Kalendar-soutezi-MH-2013.pdf\">Kalendar soutezi MH 2013<\/a><\/p>\n<p>Kalend\u00e1\u0159 sout\u011b\u017e\u00ed MH okresu Olomouc 2012 &#8211; <a href=\"https:\/\/oshol.hasici-ol.cz\/wp-content\/uploads\/2010\/03\/Souteze-MH-2012.pdf\">Souteze-MH-2012<\/a><\/p>\n<p>Kalend\u00e1\u0159 sout\u011b\u017e\u00ed MH okresu Olomouc 2011 &#8211; <a href=\"https:\/\/oshol.hasici-ol.cz\/wp-content\/uploads\/2010\/03\/Souteze-MH-20115.doc\">Souteze-MH-2011<\/a><\/p>\n<p>Kalend\u00e1\u0159 sout\u011b\u017e\u00ed MH okresu Olomouc 2010 &#8211; <a href=\"https:\/\/oshol.hasici-ol.cz\/wp-content\/uploads\/2010\/03\/Souteze-MH-20101.pdf\">Souteze MH 2010<\/a><\/p>\n","protected":false},"excerpt":{"rendered":"<p>2026: Kalend\u00e1\u0159 sout\u011b\u017e\u00ed na rok 2026 MH 2025: Kalend\u00e1\u0159 sout\u011b\u017e\u00ed MH Olomouc 2025 2024: Kalend\u00e1\u0159 MH 2024 Kalend\u00e1\u0159 PS 2024 &nbsp; 2023: Kalend\u00e1\u0159 sout\u011b\u017e\u00ed mlad\u00fdch hasi\u010d\u016f 2023 P\u0159ede\u0161l\u00e9 roky: Kalend\u00e1\u0159 sout\u011b\u017e\u00ed mlad\u00fdch hasi\u010d\u016f 2022 Kalend\u00e1\u0159 &hellip;<\/p>\n","protected":false},"author":1,"featured_media":0,"parent":22,"menu_order":7,"comment_status":"closed","ping_status":"closed","template":"","meta":{"ngg_post_thumbnail":0,"footnotes":""},"class_list":["post-28","page","type-page","status-publish","hentry"],"_links":{"self":[{"href":"https:\/\/oshol.hasici-ol.cz\/index.php?rest_route=\/wp\/v2\/pages\/28","targetHints":{"allow":["GET"]}}],"collection":[{"href":"https:\/\/oshol.hasici-ol.cz\/index.php?rest_route=\/wp\/v2\/pages"}],"about":[{"href":"https:\/\/oshol.hasici-ol.cz\/index.php?rest_route=\/wp\/v2\/types\/page"}],"author":[{"embeddable":true,"href":"https:\/\/oshol.hasici-ol.cz\/index.php?rest_route=\/wp\/v2\/users\/1"}],"replies":[{"embeddable":true,"href":"https:\/\/oshol.hasici-ol.cz\/index.php?rest_route=%2Fwp%2Fv2%2Fcomments&post=28"}],"version-history":[{"count":38,"href":"https:\/\/oshol.hasici-ol.cz\/index.php?rest_route=\/wp\/v2\/pages\/28\/revisions"}],"predecessor-version":[{"id":7853,"href":"https:\/\/oshol.hasici-ol.cz\/index.php?rest_route=\/wp\/v2\/pages\/28\/revisions\/7853"}],"up":[{"embeddable":true,"href":"https:\/\/oshol.hasici-ol.cz\/index.php?rest_route=\/wp\/v2\/pages\/22"}],"wp:attachment":[{"href":"https:\/\/oshol.hasici-ol.cz\/index.php?rest_route=%2Fwp%2Fv2%2Fmedia&parent=28"}],"curies":[{"name":"wp","href":"https:\/\/api.w.org\/{rel}","templated":true}]}}