{"id":30,"date":"2010-03-22T18:38:10","date_gmt":"2010-03-22T18:38:10","guid":{"rendered":"http:\/\/192.168.13.234\/?page_id=30"},"modified":"2025-05-20T08:56:42","modified_gmt":"2025-05-20T08:56:42","slug":"ostatni-souteze-vysledky","status":"publish","type":"page","link":"https:\/\/oshol.hasici-ol.cz\/?page_id=30","title":{"rendered":"Liga v P\u00da &#8211; seri\u00e1l z\u00e1vod\u016f"},"content":{"rendered":"<p><strong>2025<\/strong><\/p>\n<p>Pr\u016fb\u011b\u017en\u00e9 v\u00fdsledky Ligy<\/p>\n<p><a href=\"https:\/\/1drv.ms\/x\/c\/018d822745367bf0\/Edij0NGOtPVEiqHwmDLc1QABcHbwYqLWJbf79LS_34sjBg?e=SzJkSv\">https:\/\/1drv.ms\/x\/c\/018d822745367bf0\/Edij0NGOtPVEiqHwmDLc1QABcHbwYqLWJbf79LS_34sjBg?e=SzJkSv<\/a><\/p>\n<p><strong>2024<\/strong><\/p>\n<p>Liga MH Lou\u010dany&nbsp;<\/p>\n<p>Liga MH Velk\u00fd \u00dajezd <a href=\"https:\/\/oshol.hasici-ol.cz\/wp-content\/uploads\/2024\/07\/Liga-MH-Velky-Ujezd-23.6.2024-Mladsi.xlsx-Tabulky-Google-1.pdf\">Mlad\u0161\u00ed<\/a>, <a href=\"https:\/\/oshol.hasici-ol.cz\/wp-content\/uploads\/2024\/07\/Liga-MH-Velky-Ujezd-23.6.2024-Pripravka.xlsx-Tabulky-Google-1.pdf\">P\u0159\u00edpravka<\/a>, <a href=\"https:\/\/oshol.hasici-ol.cz\/wp-content\/uploads\/2024\/07\/Liga-MH-Velky-Ujezd-23.6.2024-Starsi.xlsx-Tabulky-Google-1.pdf\"> Star\u0161\u00ed<\/a><\/p>\n<p><a href=\"https:\/\/oshol.hasici-ol.cz\/wp-content\/uploads\/2024\/06\/Vysledkova-listina-LMH-Hlubocky-2024.pdf\">V\u00fdsledky ligy Hlubo\u010dky 2024<\/a><\/p>\n<p>Pr\u016fb\u011b\u017en\u00e9 v\u00fdsledky Ligy<\/p>\n<p><strong><a href=\"https:\/\/1drv.ms\/x\/s!AvB7NkUngo0BpYUFkMZkR4NDn8kF0A?e=AXoGre2024.xlsx\">https:\/\/1drv.ms\/x\/s!AvB7NkUngo0BpYUFkMZkR4NDn8kF0A?e=AXoGre2024.xlsx<\/a><\/strong><\/p>\n<p><strong>2023<\/strong><\/p>\n<p>Liga MH celkov\u00e9 v\u00fdsledky &#8211; <a href=\"https:\/\/oshol.hasici-ol.cz\/wp-content\/uploads\/2023\/09\/liga-mh-2023_pr.pdf\">p\u0159\u00edpravka<\/a>, <a href=\"https:\/\/oshol.hasici-ol.cz\/wp-content\/uploads\/2023\/09\/liga-mh-2023_ml.pdf\">mlad\u0161\u00ed<\/a>, <a href=\"https:\/\/oshol.hasici-ol.cz\/wp-content\/uploads\/2023\/09\/liga-mh-2023_st.pdf\">star\u0161\u00ed<\/a><\/p>\n<p><a href=\"https:\/\/oshol.hasici-ol.cz\/wp-content\/uploads\/2023\/07\/Vysledkova-listina-LMH-Hlubocky-2023-1.pdf\">V\u00fdsledky ligy Hlubo\u010dky 2023 <\/a><\/p>\n<p>Liga MH Ko\u017eu\u0161any &#8211; <a href=\"https:\/\/oshol.hasici-ol.cz\/wp-content\/uploads\/2023\/06\/mladsi_kozusany-1.pdf\">mlad\u0161\u00ed&nbsp;<\/a>, <a href=\"https:\/\/oshol.hasici-ol.cz\/wp-content\/uploads\/2023\/06\/pripravka_kozusany-1.pdf\">p\u0159\u00edpravka,<\/a> <a href=\"https:\/\/oshol.hasici-ol.cz\/wp-content\/uploads\/2023\/06\/starsi_kozusany-1.pdf\">star\u0161\u00ed.<\/a><\/p>\n<p>Liga MH \u00dajezd &#8211; <a href=\"https:\/\/oshol.hasici-ol.cz\/wp-content\/uploads\/2023\/06\/mladsi_ujezd.pdf\">mlad\u0161\u00ed,<\/a> <a href=\"https:\/\/oshol.hasici-ol.cz\/wp-content\/uploads\/2023\/06\/pripravka_ujezd.pdf\">p\u0159\u00edpravka,<\/a> <a href=\"https:\/\/oshol.hasici-ol.cz\/wp-content\/uploads\/2023\/06\/starsi_ujezd.pdf\">star\u0161\u00ed.<\/a>&nbsp;<\/p>\n<p>Liga MH pr\u016fb\u011b\u017en\u011b &#8211;<a href=\"https:\/\/oshol.hasici-ol.cz\/wp-content\/uploads\/2023\/09\/mladsi_prubezne-1.pdf\">mlad\u0161\u00ed,<\/a> <a href=\"https:\/\/oshol.hasici-ol.cz\/wp-content\/uploads\/2023\/09\/pripravka_prubezne-1.pdf\">p\u0159\u00edpravka,<\/a> <a href=\"https:\/\/oshol.hasici-ol.cz\/wp-content\/uploads\/2023\/09\/starsi_prubezne-1.pdf\">star\u0161\u00ed<\/a>&nbsp;<\/p>\n<p><a href=\"https:\/\/oshol.hasici-ol.cz\/wp-content\/uploads\/2023\/05\/liga-mh-2023.pdf\">V\u00fdsledky ligy MH 2023<\/a><\/p>\n<p><a href=\"https:\/\/oshol.hasici-ol.cz\/wp-content\/uploads\/2023\/04\/OZ-Loucany-Liga-MH-2023.pdf\">OZ I. z\u00e1vodu, Lou\u010dany 7.5.<\/a><\/p>\n<p><a href=\"https:\/\/oshol.hasici-ol.cz\/wp-content\/uploads\/2023\/04\/Pravidla-Olomoucke-ligy-MH-2023.pdf\">Pravidla Olomouck\u00e9 ligy MH 2023<\/a><\/p>\n<p><strong>2022<\/strong><\/p>\n<p>Liga MH celkov\u00e9 v\u00fdsledky &#8211; <a href=\"https:\/\/oshol.hasici-ol.cz\/wp-content\/uploads\/2022\/09\/pripravka.pdf\">p\u0159\u00edpravka<\/a>, <a href=\"https:\/\/oshol.hasici-ol.cz\/wp-content\/uploads\/2022\/09\/mladsi.pdf\">mlad\u0161\u00ed<\/a>, <a href=\"https:\/\/oshol.hasici-ol.cz\/wp-content\/uploads\/2022\/09\/starsi.pdf\">star\u0161\u00ed<\/a><\/p>\n<p>V\u00fdsledky V. z\u00e1vodu, Nov\u00e1 Hrade\u010dn\u00e1 &#8211; <a href=\"https:\/\/oshol.hasici-ol.cz\/wp-content\/uploads\/2022\/10\/Detska-soutez-vysledky-2022.xls\">p\u0159\u00edpravka + mlad\u0161\u00ed+ star\u0161\u00ed<\/a><\/p>\n<p><a href=\"https:\/\/oshol.hasici-ol.cz\/wp-content\/uploads\/2022\/09\/Detska-soutez-Nova-Hradecna-2022.doc\">OZ V. z\u00e1vodu, Nov\u00e1 Hrade\u010dn\u00e1 10.9.<\/a><\/p>\n<p>Pr\u016fb\u011b\u017en\u00e9 v\u00fdsledky po IV. z\u00e1vod\u011b &#8211; <a href=\"https:\/\/oshol.hasici-ol.cz\/wp-content\/uploads\/2022\/07\/Mladsi.pdf\">mlad\u0161\u00ed<\/a>, <a href=\"https:\/\/oshol.hasici-ol.cz\/wp-content\/uploads\/2022\/07\/Starsi.pdf\">star\u0161\u00ed<\/a><\/p>\n<p>V\u00fdsledky IV. z\u00e1vodu, Hlubo\u010dky &#8211; <a href=\"https:\/\/oshol.hasici-ol.cz\/wp-content\/uploads\/2022\/06\/Pripravka-Hlubocky-2022.pdf\">p\u0159\u00edpravka<\/a>, <a href=\"https:\/\/oshol.hasici-ol.cz\/wp-content\/uploads\/2022\/06\/Mladsi-zaci-Hlubocky-2022.pdf\">mlad\u0161\u00ed<\/a>, <a href=\"https:\/\/oshol.hasici-ol.cz\/wp-content\/uploads\/2022\/06\/Starsi-zaci-Hlubocky-2022.pdf\">star\u0161\u00ed<\/a><\/p>\n<p><a href=\"https:\/\/oshol.hasici-ol.cz\/wp-content\/uploads\/2022\/06\/OZ-IV.-zavodu-Hlubocky-26.6..pdf\">OZ IV. z\u00e1vodu, Hlubo\u010dky 26.6.<\/a><\/p>\n<p>V\u00fdsledky III. z\u00e1vodu, Ko\u017eu\u0161any &#8211; <a href=\"https:\/\/oshol.hasici-ol.cz\/wp-content\/uploads\/2022\/06\/Pripravka_kozusany.pdf\">p\u0159\u00edpravka<\/a>, <a href=\"https:\/\/oshol.hasici-ol.cz\/wp-content\/uploads\/2022\/06\/Mladsi_kozusany.pdf\">mlad\u0161\u00ed<\/a>, <a href=\"https:\/\/oshol.hasici-ol.cz\/wp-content\/uploads\/2022\/06\/Starsi_kozusany.pdf\">star\u0161\u00ed<\/a><\/p>\n<p><a href=\"https:\/\/oshol.hasici-ol.cz\/wp-content\/uploads\/2022\/06\/OZ-III.-zavodu-Kozusany-19.6..pdf\">OZ III. z\u00e1vodu, Ko\u017eu\u0161any 19.6.<\/a><\/p>\n<p><a href=\"https:\/\/oshol.hasici-ol.cz\/wp-content\/uploads\/2022\/06\/Prubezne-vysledky-po-II.-zavode.pdf\">Pr\u016fb\u011b\u017en\u00e9 v\u00fdsledky po II. z\u00e1vod\u011b<\/a><\/p>\n<p><a href=\"https:\/\/oshol.hasici-ol.cz\/wp-content\/uploads\/2022\/06\/Vysledky-II.-zavodu-Ujezd.pdf\">V\u00fdsledky II. z\u00e1vodu, \u00dajezd<\/a><\/p>\n<p><a href=\"https:\/\/oshol.hasici-ol.cz\/wp-content\/uploads\/2022\/05\/OZ-II.-zavodu-29.5.-Ujezd.pdf\">OZ II. z\u00e1vodu, 29.5. \u00dajezd<\/a><\/p>\n<p>V\u00fdsledky po I. z\u00e1vod\u011b v Lou\u010danech &#8211; <a href=\"https:\/\/oshol.hasici-ol.cz\/wp-content\/uploads\/2022\/05\/1-Pripravka.xlsx\">1 P\u0159\u00edpravka<\/a>, <a href=\"https:\/\/oshol.hasici-ol.cz\/wp-content\/uploads\/2022\/05\/2-Mladsi.xlsx\">2 Mlad\u0161\u00ed<\/a>, <a href=\"https:\/\/oshol.hasici-ol.cz\/wp-content\/uploads\/2022\/05\/3-Starsi.xlsx\">3 Star\u0161\u00ed<\/a>,<\/p>\n<p><a href=\"https:\/\/oshol.hasici-ol.cz\/wp-content\/uploads\/2022\/05\/Pravidla-Olomoucke-ligy-MH-2022.pdf\">Pravidla Olomouck\u00e9 ligy MH 2022<\/a><\/p>\n<p><strong>2019<\/strong><\/p>\n<p>Liga MH &#8211;&nbsp;<a href=\"https:\/\/oshol.hasici-ol.cz\/wp-content\/uploads\/2019\/09\/Okresni-liga-Mh-v-PU-2019.pdf\">Celkov\u00e9 v\u00fdsledky Ligy MH v P\u00da okresu Olomouc 2019<\/a><\/p>\n<p>V\u00fdsledky Okr. kolo dorostu 17.5.2019:<\/p>\n<p><a href=\"https:\/\/oshol.hasici-ol.cz\/wp-content\/uploads\/2019\/05\/Okresn\u00ed-kolo-dorostu-B\u011blkovice-La\u0161\u0165any-17.5.2019.pdf\">Dorostenky &#8211; jednotlivci<\/a>,&nbsp;<a href=\"https:\/\/oshol.hasici-ol.cz\/wp-content\/uploads\/2019\/05\/Dorosti-jednotlivci.pdf\">Dorostenci &#8211; jednotlivci<\/a>,&nbsp;<a href=\"https:\/\/oshol.hasici-ol.cz\/wp-content\/uploads\/2019\/05\/Dorost-dvojboj.pdf\">Dvojboj<\/a>,&nbsp;<a href=\"https:\/\/oshol.hasici-ol.cz\/wp-content\/uploads\/2019\/05\/Dorost-dru\u017estva.pdf\">Dru\u017estva &#8211; dorostenky<\/a>,&nbsp;<a href=\"https:\/\/oshol.hasici-ol.cz\/wp-content\/uploads\/2019\/05\/100m.pdf\">100m<\/a><\/p>\n<p>V\u00fdsledky Plamen 11.5.2019:<\/p>\n<p><a href=\"https:\/\/oshol.hasici-ol.cz\/wp-content\/uploads\/2019\/05\/mladsi_4x60.pdf\">mlad\u0161\u00ed 4x60m<\/a>,&nbsp;<a href=\"https:\/\/oshol.hasici-ol.cz\/wp-content\/uploads\/2019\/05\/mladsi_SPD.pdf\">mlad\u0161\u00ed \u0160PD<\/a>,&nbsp;<a href=\"https:\/\/oshol.hasici-ol.cz\/wp-content\/uploads\/2019\/05\/mladsi_PU.pdf\">mlad\u0161\u00ed P\u00da<\/a>,&nbsp;<a href=\"https:\/\/oshol.hasici-ol.cz\/wp-content\/uploads\/2019\/05\/mlad\u0161\u00ed.pdf\">mlad\u0161\u00ed celkov\u00e9<\/a><\/p>\n<p><a href=\"https:\/\/oshol.hasici-ol.cz\/wp-content\/uploads\/2019\/05\/starsi_4x60.pdf\">star\u0161\u00ed 4x60m<\/a>,&nbsp;<a href=\"https:\/\/oshol.hasici-ol.cz\/wp-content\/uploads\/2019\/05\/starsi_SPD.pdf\">star\u0161\u00ed \u0160PD<\/a>,&nbsp;<a href=\"https:\/\/oshol.hasici-ol.cz\/wp-content\/uploads\/2019\/05\/starsi_PU.pdf\">star\u0161\u00ed P\u00da<\/a>,&nbsp;<a href=\"https:\/\/oshol.hasici-ol.cz\/wp-content\/uploads\/2019\/05\/Star\u0161\u00ed.pdf\">star\u0161\u00ed celkov\u00e9<\/a><\/p>\n<p>V\u00fdsledky CTIF 27.4.2019 &#8211;&nbsp;<a href=\"https:\/\/oshol.hasici-ol.cz\/wp-content\/uploads\/2019\/04\/\u0161tafeta-CTIF.pdf\">\u0161tafeta CTIF<\/a>,&nbsp;<a href=\"https:\/\/oshol.hasici-ol.cz\/wp-content\/uploads\/2019\/04\/\u00datok-CTIF.pdf\">\u00fatok CTIF<\/a><\/p>\n<p><strong><span style=\"color: #000000;\">2018<\/span><\/strong><\/p>\n<p><a href=\"https:\/\/oshol.hasici-ol.cz\/wp-content\/uploads\/2018\/09\/V\u00fdsledky-Liga-MH-okresu-Olomouc-2018.pdf\">Celkov\u00e9 v\u00fdsledky &#8211; Liga MH v P\u00da okresu Olomouc 2018<\/a><\/p>\n<p>V\u00fdsledky &#8211; <a href=\"https:\/\/oshol.hasici-ol.cz\/wp-content\/uploads\/2018\/05\/Okresn\u00ed-kolo-dorostu-B\u011blkovice-La\u0161\u0165any-25.5.2018.pdf\">Okresn\u00ed kolo dorostu B\u011blkovice &#8211; La\u0161\u0165any 25.5.2018<\/a><\/p>\n<p>Krajsk\u00e9 kolo hry Plamen, okr. P\u0159erov 8.-9.6.2018 &#8211; <a href=\"https:\/\/oshol.hasici-ol.cz\/wp-content\/uploads\/2018\/06\/V\u00fdsledky-Krajsk\u00e9-kolo-hry-Plamen-P\u0159erov.pdf\">v\u00fdsledky<\/a><\/p>\n<p>Krajsk\u00e9 kolo dorostu, okr. P\u0159erov 10.6.2018 &#8211; <a href=\"https:\/\/oshol.hasici-ol.cz\/wp-content\/uploads\/2018\/06\/V\u00fdsledky-Krajsk\u00e9-kolo-dorostu-P\u0159erov.pdf\">v\u00fdsledky<\/a><\/p>\n<p><strong><span style=\"color: #000000;\">2017<\/span><\/strong><\/p>\n<p><a href=\"https:\/\/oshol.hasici-ol.cz\/wp-content\/uploads\/2010\/03\/Celkov\u00e9-v\u00fdsledky-ligy-MH-v-P\u00da-2017.xlsx\">Celkov\u00e9 v\u00fdsledky ligy MH v P\u00da 2017<\/a><\/p>\n<p>V\u00fdsledky krajsk\u00e9 kolo MH a dorostu, 10-11.6.2017 Bludov:<\/p>\n<p><a href=\"https:\/\/oshol.hasici-ol.cz\/wp-content\/uploads\/2010\/03\/Plamen-celkov\u00e9.pdf\">Plamen celkov\u00e9<\/a>, <a href=\"https:\/\/oshol.hasici-ol.cz\/wp-content\/uploads\/2010\/03\/celkov\u00e9-dorost.pdf\">celkov\u00e9 dorost<\/a>, <a href=\"https:\/\/oshol.hasici-ol.cz\/wp-content\/uploads\/2010\/03\/jednotlivci-dorci.pdf\">jednotlivci dorci<\/a>, <a href=\"https:\/\/oshol.hasici-ol.cz\/wp-content\/uploads\/2010\/03\/jednotlivci-dorky.pdf\">jednotlivci dorky<\/a><\/p>\n<p><a href=\"https:\/\/oshol.hasici-ol.cz\/wp-content\/uploads\/2010\/03\/Okresn\u00ed-kolo-dorostu-Olomouc-4.6.2017.xls\">Okresn\u00ed kolo dorostu, Olomouc 4.6.2017<\/a><\/p>\n<p><strong>2016<\/strong><\/p>\n<p><a href=\"https:\/\/oshol.hasici-ol.cz\/wp-content\/uploads\/2010\/03\/Celkov\u00e9-v\u00fdsledky-ligy-MH-v-P\u00da-2016.pdf\">Celkov\u00e9 v\u00fdsledky ligy MH v P\u00da 2016<\/a><\/p>\n<p><a href=\"http:\/\/www.oshorm-sumperk.cz\/news\/krajske-kolo-hry-plamen-2016\/\" target=\"_blank\" rel=\"noopener\">V\u00fdsledky &#8211; krajsk\u00e9 kolo hry Plamen 11.6.2016 \u0160umperk<\/a><\/p>\n<p><a href=\"http:\/\/www.oshorm-sumperk.cz\/news\/krajske-kolo-dorostu\/\" target=\"_blank\" rel=\"noopener\">V\u00fdsledky &#8211; Krajsk\u00e9 kolo hry dorostu 12.6.2016 \u0160umperk<\/a><\/p>\n<p><a href=\"https:\/\/oshol.hasici-ol.cz\/wp-content\/uploads\/2010\/03\/V\u00fdsledky-okresn\u00ed-kolo-dorostu-2016-Olomouc-14.5.2016.xls\">V\u00fdsledky &#8211; okresn\u00ed kolo dorostu 2016 (Olomouc 14.5.2016)<\/a><\/p>\n<p><strong>2015<\/strong><\/p>\n<p><a href=\"https:\/\/oshol.hasici-ol.cz\/wp-content\/uploads\/2010\/03\/Celkov\u00e9-v\u00fdsledky-ligy-MH-v-PU-2015.pdf\">Celkov\u00e9 v\u00fdsledky ligy MH v PU 2015<\/a><\/p>\n<p>V\u00fdsledky okresn\u00edho kola dorostu 2015 (17.5.2015) &#8211; <a href=\"https:\/\/oshol.hasici-ol.cz\/wp-content\/uploads\/2010\/03\/Dorost_dru\u017estva-celkov\u00e9.pdf\">Dorost_dru\u017estva (celkov\u00e9)<\/a> + <a href=\"https:\/\/oshol.hasici-ol.cz\/wp-content\/uploads\/2010\/03\/Dorost_jednotlivci.pdf\">Dorost_jednotlivci<\/a><\/p>\n<p><strong>2014<\/strong><\/p>\n<p>V\u00fdsledky okresn\u00ed ligy MH v P\u00da 2014- <a href=\"https:\/\/oshol.hasici-ol.cz\/wp-content\/uploads\/2010\/03\/Vysledky-liga-MH-2014.xls\">Vysledky liga MH 2014<\/a><\/p>\n<p>V\u00fdsledky okresn\u00edho kola dorostu 2014 &#8211; <a href=\"https:\/\/oshol.hasici-ol.cz\/wp-content\/uploads\/2010\/03\/Dorost_2014.xls\">Dorost_2014<\/a><\/p>\n<p>V\u00fdsledky okresn\u00ed ligy MH v P\u00da 2013 &#8211; <a href=\"https:\/\/oshol.hasici-ol.cz\/wp-content\/uploads\/2010\/03\/Vysledky-liga-MH-2013.xls\">Vysledky- liga MH 2013<\/a><\/p>\n<p><strong>V\u00fdsledky krajsk\u00e9ho kola Plamen, dorost 8-9.6.2013 Olomouc, Dolany:<\/strong><\/p>\n<p>Dorostenci: <a href=\"https:\/\/oshol.hasici-ol.cz\/wp-content\/uploads\/2010\/03\/CELKEM.pdf\">CELKEM<\/a>,&nbsp;<a href=\"https:\/\/oshol.hasici-ol.cz\/wp-content\/uploads\/2010\/03\/DRUZSTVA_CELKEM.pdf\">DRUZSTVA_CELKEM<\/a>,&nbsp;<a href=\"https:\/\/oshol.hasici-ol.cz\/wp-content\/uploads\/2010\/03\/4-X-100M.pdf\">4 X 100M<\/a>,&nbsp;<a href=\"https:\/\/oshol.hasici-ol.cz\/wp-content\/uploads\/2010\/03\/100M_druz.pdf\">100M_druz<\/a>,&nbsp;<a href=\"https:\/\/oshol.hasici-ol.cz\/wp-content\/uploads\/2010\/03\/100M_jednotliv.pdf\">100M_jednotliv<\/a>,&nbsp;<a href=\"https:\/\/oshol.hasici-ol.cz\/wp-content\/uploads\/2010\/03\/P\u00da2.pdf\">P\u00da<\/a>,&nbsp;<a href=\"https:\/\/oshol.hasici-ol.cz\/wp-content\/uploads\/2010\/03\/JEDNOTLIVCI_100M.pdf\">JEDNOTLIVCI_100M<\/a>,&nbsp;<a href=\"https:\/\/oshol.hasici-ol.cz\/wp-content\/uploads\/2010\/03\/DVOJBOJ.pdf\">DVOJBOJ<\/a><\/p>\n<p>Dorostenky: <a href=\"https:\/\/oshol.hasici-ol.cz\/wp-content\/uploads\/2010\/03\/CELKEM2.pdf\">CELKEM<\/a>, <a href=\"https:\/\/oshol.hasici-ol.cz\/wp-content\/uploads\/2010\/03\/DRUZSTVA_CELKEM1.pdf\">DRUZSTVA_CELKEM<\/a>, <a href=\"https:\/\/oshol.hasici-ol.cz\/wp-content\/uploads\/2010\/03\/4-X-100M1.pdf\">4 X 100M<\/a>, <a href=\"https:\/\/oshol.hasici-ol.cz\/wp-content\/uploads\/2010\/03\/100M_druz1.pdf\">100M_druz<\/a>, <a href=\"https:\/\/oshol.hasici-ol.cz\/wp-content\/uploads\/2010\/03\/100M_jednotliv1.pdf\">100M_jednotliv<\/a>, <a href=\"https:\/\/oshol.hasici-ol.cz\/wp-content\/uploads\/2010\/03\/PU1.pdf\">PU<\/a>, <a href=\"https:\/\/oshol.hasici-ol.cz\/wp-content\/uploads\/2010\/03\/JEDNOTLIVCI_100M1.pdf\">JEDNOTLIVCI_100M<\/a>, <a href=\"https:\/\/oshol.hasici-ol.cz\/wp-content\/uploads\/2010\/03\/DVOJBOJ1.pdf\">DVOJBOJ<\/a><\/p>\n<p>Plamen: <a href=\"https:\/\/oshol.hasici-ol.cz\/wp-content\/uploads\/2010\/03\/CELKEM1.pdf\">CELKEM<\/a>, <a href=\"https:\/\/oshol.hasici-ol.cz\/wp-content\/uploads\/2010\/03\/PU.pdf\">PU<\/a>, <a href=\"https:\/\/oshol.hasici-ol.cz\/wp-content\/uploads\/2010\/03\/PU_CTIF.pdf\">PU_CTIF<\/a>, <a href=\"https:\/\/oshol.hasici-ol.cz\/wp-content\/uploads\/2010\/03\/STAF_4x60.pdf\">STAF_4x60<\/a>, <a href=\"https:\/\/oshol.hasici-ol.cz\/wp-content\/uploads\/2010\/03\/STAF_CTIF.pdf\">STAF_CTIF<\/a>, <a href=\"https:\/\/oshol.hasici-ol.cz\/wp-content\/uploads\/2010\/03\/SPD.pdf\">SPD<\/a>, <a href=\"https:\/\/oshol.hasici-ol.cz\/wp-content\/uploads\/2010\/03\/ZPV.pdf\">ZPV<\/a><\/p>\n<p>V\u00fdsledky okresn\u00edho kola dorostu 2013 &#8211; <a href=\"https:\/\/oshol.hasici-ol.cz\/wp-content\/uploads\/2010\/03\/Dorost_2013.xls\">Dorost_2013<\/a><\/p>\n<p>V\u00fdsledky okresn\u00ed ligy MH v P\u00da 2012 &#8211; <a href=\"https:\/\/oshol.hasici-ol.cz\/wp-content\/uploads\/2010\/03\/Okresni-liga-MH-2012.xls\">Okresni liga MH 2012<\/a><\/p>\n<p>V\u00fdsledky Okresn\u00ed ligy MH v P\u00da 2011 &#8211; <a href=\"https:\/\/oshol.hasici-ol.cz\/wp-content\/uploads\/2010\/03\/Okresni-liga-MH-2011.xls\">Okresni liga MH 2011<\/a><\/p>\n<p>V\u00fdsledky Okresn\u00ed ligy MH v P\u00da 2010 &#8211; <a href=\"https:\/\/oshol.hasici-ol.cz\/wp-content\/uploads\/2010\/03\/Okresni-liga-MH-20101.xls\">Okresni liga MH 2010<\/a><\/p>\n<p>V\u00fdsledku dorostu, kraj 2010 &#8211; <a href=\"https:\/\/oshol.hasici-ol.cz\/wp-content\/uploads\/2010\/03\/celkove-vysledky-Krajske-kolo-Plamen-a-Dorost-2010-Prostejov1.xls\">celkove vysledky Krajske kolo Plamen a Dorost 2010-Prostejov<\/a><\/p>\n<p>V\u00fdsledky dorostu, okres 2010 &#8211; <a href=\"https:\/\/oshol.hasici-ol.cz\/wp-content\/uploads\/2010\/03\/okresni-kolo-dorostu-Trusovice-21.5.20101.xls\">okresni kolo dorostu Trusovice 21.5.2010<\/a><\/p>\n","protected":false},"excerpt":{"rendered":"<p>2025 Pr\u016fb\u011b\u017en\u00e9 v\u00fdsledky Ligy https:\/\/1drv.ms\/x\/c\/018d822745367bf0\/Edij0NGOtPVEiqHwmDLc1QABcHbwYqLWJbf79LS_34sjBg?e=SzJkSv 2024 Liga MH Lou\u010dany&nbsp; Liga MH Velk\u00fd \u00dajezd Mlad\u0161\u00ed, P\u0159\u00edpravka, Star\u0161\u00ed V\u00fdsledky ligy Hlubo\u010dky 2024 Pr\u016fb\u011b\u017en\u00e9 v\u00fdsledky Ligy https:\/\/1drv.ms\/x\/s!AvB7NkUngo0BpYUFkMZkR4NDn8kF0A?e=AXoGre2024.xlsx 2023 Liga MH celkov\u00e9 v\u00fdsledky &#8211; p\u0159\u00edpravka, mlad\u0161\u00ed, star\u0161\u00ed V\u00fdsledky ligy &hellip;<\/p>\n","protected":false},"author":1,"featured_media":0,"parent":22,"menu_order":2,"comment_status":"closed","ping_status":"closed","template":"","meta":{"ngg_post_thumbnail":0,"footnotes":""},"class_list":["post-30","page","type-page","status-publish","hentry"],"_links":{"self":[{"href":"https:\/\/oshol.hasici-ol.cz\/index.php?rest_route=\/wp\/v2\/pages\/30","targetHints":{"allow":["GET"]}}],"collection":[{"href":"https:\/\/oshol.hasici-ol.cz\/index.php?rest_route=\/wp\/v2\/pages"}],"about":[{"href":"https:\/\/oshol.hasici-ol.cz\/index.php?rest_route=\/wp\/v2\/types\/page"}],"author":[{"embeddable":true,"href":"https:\/\/oshol.hasici-ol.cz\/index.php?rest_route=\/wp\/v2\/users\/1"}],"replies":[{"embeddable":true,"href":"https:\/\/oshol.hasici-ol.cz\/index.php?rest_route=%2Fwp%2Fv2%2Fcomments&post=30"}],"version-history":[{"count":86,"href":"https:\/\/oshol.hasici-ol.cz\/index.php?rest_route=\/wp\/v2\/pages\/30\/revisions"}],"predecessor-version":[{"id":7767,"href":"https:\/\/oshol.hasici-ol.cz\/index.php?rest_route=\/wp\/v2\/pages\/30\/revisions\/7767"}],"up":[{"embeddable":true,"href":"https:\/\/oshol.hasici-ol.cz\/index.php?rest_route=\/wp\/v2\/pages\/22"}],"wp:attachment":[{"href":"https:\/\/oshol.hasici-ol.cz\/index.php?rest_route=%2Fwp%2Fv2%2Fmedia&parent=30"}],"curies":[{"name":"wp","href":"https:\/\/api.w.org\/{rel}","templated":true}]}}