{"id":32,"date":"2010-03-22T18:38:24","date_gmt":"2010-03-22T18:38:24","guid":{"rendered":"http:\/\/192.168.13.234\/?page_id=32"},"modified":"2025-06-10T06:35:50","modified_gmt":"2025-06-10T06:35:50","slug":"souteze-dospeli","status":"publish","type":"page","link":"https:\/\/oshol.hasici-ol.cz\/?page_id=32","title":{"rendered":"SOUT\u011a\u017dE DOSP\u011aL\u00cd"},"content":{"rendered":"<p><strong>2025<\/strong><\/p>\n<p><a href=\"https:\/\/oshol.hasici-ol.cz\/wp-content\/uploads\/2025\/06\/OZ-okres-2025.doc\">OZ okres 2025<\/a><\/p>\n<p><strong>2024<\/strong><\/p>\n<p>Foto + video Okresn\u00ed kolo PS + dorost: <a href=\"https:\/\/www.rajce.idnes.cz\/osh-olomouc\/album\/dorost-ps-26-5-2024\">https:\/\/www.rajce.idnes.cz\/osh-olomouc\/album\/dorost-ps-26-5-2024<\/a><\/p>\n<p><strong>2023<\/strong><\/p>\n<p>Organiza\u010dn\u00ed zabezpe\u010den\u00ed Okresn\u00edho kola v PS 2023 &#8211; <a href=\"https:\/\/oshol.hasici-ol.cz\/wp-content\/uploads\/2023\/05\/OZ-okresni-kolo-2023.pdf\">OZ okresn\u00ed kolo 2023<\/a><\/p>\n<p><strong>2022<\/strong><\/p>\n<p>Organiza\u010dn\u00ed zabezpe\u010den\u00ed sout\u011b\u017ee O poh\u00e1r OSH Olomouc &#8211; <a href=\"https:\/\/oshol.hasici-ol.cz\/wp-content\/uploads\/2022\/08\/pohar_osh1.docx\">O poh\u00e1r OSH Olomouc<\/a><\/p>\n<p>Organiza\u010dn\u00ed zabezpe\u010den\u00ed Okresn\u00edho kola v PS 2022 &#8211; <a href=\"https:\/\/oshol.hasici-ol.cz\/wp-content\/uploads\/2022\/05\/Propozice-Okresni-kolo-v-PS-2022.pdf\">Propozice &#8211; Okresn\u00ed kolo v PS 2022<\/a><\/p>\n<p><strong>2021<\/strong><\/p>\n<p>Organiza\u010dn\u00ed zabezpe\u010den\u00ed sout\u011b\u017ee O poh\u00e1r OSH Olomouc &#8211; <a href=\"https:\/\/oshol.hasici-ol.cz\/wp-content\/uploads\/2021\/08\/pohar_osh.pdf\">O poh\u00e1r OSH Olomouc<\/a><\/p>\n<p>Organiza\u010dn\u00ed zabezpe\u010den\u00ed Okresn\u00edho kola v PS 2021 &#8211; <a href=\"https:\/\/oshol.hasici-ol.cz\/wp-content\/uploads\/2021\/06\/OZ_OKRES_2021-1.pdf\">Propozice &#8211; Okresn\u00ed kolo v PS 2021<\/a><\/p>\n<p>\u010cestn\u00e9 prohl\u00e1\u0161en\u00ed (povinn\u00e9 k \u00fa\u010dasti OK v PS 2021) &#8211; <a href=\"https:\/\/oshol.hasici-ol.cz\/wp-content\/uploads\/2021\/06\/nove.pdf\">\u010cestn\u00e9 prohl\u00e1\u0161en\u00ed<\/a><\/p>\n<h4><strong>2020<\/strong><\/h4>\n<p><a href=\"https:\/\/oshol.hasici-ol.cz\/wp-content\/uploads\/2019\/11\/OZ-Okrsky-2020.pdf\">OZ Okrsky 2020<\/a><\/p>\n<p>Pravidla pro rok 2020 naleznete ji\u017e v roce 2019 (o 4 \u0159\u00e1dky n\u00ed\u017ee)<\/p>\n<p><strong>2019<\/strong><\/p>\n<p>Organiza\u010dn\u00ed zabezpe\u010den\u00ed sout\u011b\u017ee O poh\u00e1r OSH Olomouc &#8211;&nbsp;<a href=\"https:\/\/oshol.hasici-ol.cz\/wp-content\/uploads\/2019\/08\/OZ-O-poh\u00e1r-OSH-Olomouc-2019.pdf\">O poh\u00e1r OSH Olomouc 2019<\/a><\/p>\n<p>Organiza\u010dn\u00ed zabezpe\u010den\u00ed Okresn\u00edho kola v PS 2019 &#8211;&nbsp;<a href=\"https:\/\/oshol.hasici-ol.cz\/wp-content\/uploads\/2019\/04\/Propozice-Okresn\u00ed-kolo-v-PS-2019.pdf\">Propozice &#8211; Okresn\u00ed kolo v PS 2019<\/a><\/p>\n<p>Pravidla po\u017e\u00e1rn\u00edho sportu &#8211; NOV\u00c9:&nbsp;<a href=\"https:\/\/oshol.hasici-ol.cz\/wp-content\/uploads\/2019\/01\/Pravidla-po\u017e\u00e1rn\u00edho-sportu.pdf\">Pravidla po\u017e\u00e1rn\u00edho sportu<\/a>,&nbsp;<a href=\"https:\/\/oshol.hasici-ol.cz\/wp-content\/uploads\/2019\/01\/Technick\u00e1-p\u0159\u00edloha-pravidel-po\u017e\u00e1rn\u00edho-sportu.pdf\">Technick\u00e1 p\u0159\u00edloha pravidel po\u017e\u00e1rn\u00edho sportu<\/a><\/p>\n<p>Organiza\u010dn\u00ed zabezpe\u010den\u00ed okrskov\u00fdch kol 2019 &#8211;&nbsp;<a href=\"https:\/\/oshol.hasici-ol.cz\/wp-content\/uploads\/2019\/01\/OZ-Okrsky-2019.pdf\">OZ OKRSKY 2019<\/a><\/p>\n<p><strong><span style=\"color: #000000;\">2018<\/span><\/strong><\/p>\n<p><a href=\"https:\/\/oshol.hasici-ol.cz\/wp-content\/uploads\/2018\/08\/OZ-100.-let-sout\u011b\u017ee.pdf\">O poh\u00e1r ke 100. v\u00fdro\u010d\u00ed vzniku \u010ceskoslovenska 22.9.2018<\/a><\/p>\n<p><a href=\"https:\/\/oshol.hasici-ol.cz\/wp-content\/uploads\/2018\/05\/OZ-Okresn\u00ed-kolo-PS-2018.pdf\">OZ Okresn\u00ed kolo PS 2018<\/a><\/p>\n<p><strong>P\u0159ede\u0161l\u00e9 roky:<\/strong><\/p>\n<p>Organiza\u010dn\u00ed zabezpe\u010den\u00ed okrskov\u00fdch kol 2018 &#8211;&nbsp;<a href=\"https:\/\/oshol.hasici-ol.cz\/wp-content\/uploads\/2010\/03\/PROPOZICE-OKRSKY-2018.pdf\">OZ OKRSKY 2018<\/a><\/p>\n<p>Organiza\u010dn\u00ed zabezpe\u010den\u00ed okrskov\u00fdch kol 2017 &#8211; <a href=\"https:\/\/oshol.hasici-ol.cz\/wp-content\/uploads\/2010\/03\/OZ-OKRSKY-2017.pdf\">OZ OKRSKY 2017<\/a><\/p>\n<p>Organiza\u010dn\u00ed zabezpe\u010den\u00ed okrskov\u00fdch kol 2016 &#8211; <a href=\"https:\/\/oshol.hasici-ol.cz\/wp-content\/uploads\/2010\/03\/OZ-OKRSKY-20161.pdf\">OZ OKRSKY 2016<\/a><\/p>\n<p>Organiza\u010dn\u00ed zabezpe\u010den\u00ed okrskov\u00fdch kol 2015 &#8211; <a href=\"https:\/\/oshol.hasici-ol.cz\/wp-content\/uploads\/2010\/03\/OZ-OKRSKY-2015.pdf\">OZ OKRSKY 2015<\/a><\/p>\n<p>Organiza\u010dn\u00ed zabezpe\u010den\u00ed okrskov\u00fdch kol 2014 &#8211; <a href=\"https:\/\/oshol.hasici-ol.cz\/wp-content\/uploads\/2010\/03\/OZ-OKRSKY-20141.pdf\">OZ OKRSKY 2014<\/a><\/p>\n<p>Organiza\u010dn\u00ed zabezpe\u010den\u00ed okrskov\u00fdch kol 2013 &#8211; <a href=\"https:\/\/oshol.hasici-ol.cz\/wp-content\/uploads\/2010\/03\/OZ-OKRSKY-20131.pdf\">OZ OKRSKY 2013<\/a><\/p>\n<p>Organiza\u010dn\u00ed zabezpe\u010den\u00ed okrskov\u00fdch kol 2012 &#8211; <a href=\"https:\/\/oshol.hasici-ol.cz\/wp-content\/uploads\/2010\/03\/OZ-OKRSKY-20121.pdf\">OZ OKRSKY 2012<\/a><\/p>\n<p>&#8211;<\/p>\n<p><span style=\"color: #000000;\"><strong>Tiskopisy:<\/strong><\/span><\/p>\n<p>P\u0159ihl\u00e1\u0161ka ke \u0161kolen\u00ed rozhod\u010d\u00edch &#8211; <a href=\"https:\/\/oshol.hasici-ol.cz\/wp-content\/uploads\/2010\/03\/P\u0159ihl\u00e1\u0161ky-\u0161koleni-rozhod\u010dich.pdf\">P\u0159ihl\u00e1\u0161ky &#8211; \u0161koleni rozhod\u010dich<\/a><\/p>\n<p>P\u0159ihl\u00e1\u0161ka do sout\u011b\u017ee v PS &#8211; <a href=\"https:\/\/oshol.hasici-ol.cz\/wp-content\/uploads\/2010\/03\/P\u0159ihl\u00e1\u0161ka-PS.doc\">P\u0159ihl\u00e1\u0161ka PS<\/a><\/p>\n<p>Tiskopis protestu &#8211; <a href=\"https:\/\/oshol.hasici-ol.cz\/wp-content\/uploads\/2010\/03\/Protest-tiskopis.doc\">Protest tiskopis<\/a><\/p>\n<p>&#8211;<\/p>\n<p><strong>SM\u011aRNICE HASI\u010cSK\u00ddCH SOUT\u011a\u017d\u00cd SH \u010cMS<\/strong><\/p>\n<p>Dodatek ke SHS z 13.6.2013 &#8211; <a href=\"https:\/\/oshol.hasici-ol.cz\/wp-content\/uploads\/2010\/03\/Dodatek-SHS-z-13.6.2013.pdf\">Dodatek SHS z 13.6.2013<\/a><\/p>\n<p><a href=\"http:\/\/ww.dh.cz\/index.php?option=com_content&amp;view=article&amp;id=1383:uorhs-pipravila-novelu-&amp;catid=60:poarni-sport&amp;Itemid=81\" target=\"_blank\" rel=\"noopener\">Sm\u011brnice HS 2011, platn\u00e9 od 1.1.2012<\/a><\/p>\n<p><a href=\"http:\/\/ww.dh.cz\/index.php?option=com_content&amp;view=article&amp;id=1402:shs-s-vyznaenymi-upravami-2011&amp;catid=60:poarni-sport&amp;Itemid=81\" target=\"_blank\" rel=\"noopener\">Sm\u011brnice HS 2011 s vyzna\u010den\u00edm zm\u011bn, platn\u00e9 od 1.1.2012<\/a><\/p>\n<p>Pom\u016fcka k po\u0159\u00e1d\u00e1n\u00ed hasi\u010dsk\u00fdch sout\u011b\u017e\u00ed &#8211; <a href=\"https:\/\/oshol.hasici-ol.cz\/wp-content\/uploads\/2010\/03\/Jak_po\u0159\u00e1dat_hasi\u010dsk\u00e9_sout\u011b\u017ee.pdf\">Jak_po\u0159\u00e1dat_hasi\u010dsk\u00e9_sout\u011b\u017ee<\/a><\/p>\n<p>&#8211;<\/p>\n<p><strong>ROZHOD\u010c\u00cd<\/strong><\/p>\n<p><strong><a href=\"https:\/\/oshol.hasici-ol.cz\/wp-content\/uploads\/2010\/03\/Seznam-rozhod\u010d\u00edch-OSH-OL-pro-rok-2017.xls\">Seznam rozhod\u010d\u00edch OSH OL pro rok 2017<\/a><br \/>\n<\/strong><\/p>\n<p>Rozhod\u010d\u00ed PS s platn\u00fdm pr\u016fkazem pro rok 2014 &#8211; <a href=\"https:\/\/oshol.hasici-ol.cz\/wp-content\/uploads\/2010\/03\/Rozhodci-OSH-OL-SDH-2014.xls\">Rozhodci OSH OL, SDH 2014<\/a><\/p>\n<p>Rozhod\u010d\u00ed PS s platn\u00fdm pr\u016fkazem pro rok 2013 &#8211; <a href=\"https:\/\/oshol.hasici-ol.cz\/wp-content\/uploads\/2010\/03\/Rozhodci-OSH-OL-SDH-20132.xls\">Rozhodci OSH OL, SDH 2013<\/a><\/p>\n<p>Rozhod\u010d\u00ed PS s platn\u00fdm pr\u016fkazem pro rok 2012 &#8211; <a href=\"https:\/\/oshol.hasici-ol.cz\/wp-content\/uploads\/2010\/03\/Rozhodci-OSH-OL-SDH-2012.xls\">Rozhodci OSH OL, SDH 2012<\/a><\/p>\n<p>Rozhod\u010d\u00ed PS s platn\u00fdm pr\u016fkazem pro rok 2011 &#8211; <a href=\"https:\/\/oshol.hasici-ol.cz\/wp-content\/uploads\/2010\/03\/Rozhodci-OSH-OL-SDH-20112.xls\">Rozhodci OSH OL, SDH 2011<\/a><\/p>\n<p>Rozhod\u010d\u00ed PS s platn\u00fdm pr\u016fkazem pro rok 2010 &#8211; <a href=\"https:\/\/oshol.hasici-ol.cz\/wp-content\/uploads\/2010\/03\/Rozhodci-OSH-OL-SDH-20101.xls\">Rozhodci OSH OL, SDH 2010<\/a><\/p>\n","protected":false},"excerpt":{"rendered":"<p>2025 OZ okres 2025 2024 Foto + video Okresn\u00ed kolo PS + dorost: https:\/\/www.rajce.idnes.cz\/osh-olomouc\/album\/dorost-ps-26-5-2024 2023 Organiza\u010dn\u00ed zabezpe\u010den\u00ed Okresn\u00edho kola v PS 2023 &#8211; OZ okresn\u00ed kolo 2023 2022 Organiza\u010dn\u00ed zabezpe\u010den\u00ed sout\u011b\u017ee O poh\u00e1r OSH Olomouc &hellip;<\/p>\n","protected":false},"author":1,"featured_media":0,"parent":0,"menu_order":5,"comment_status":"closed","ping_status":"closed","template":"","meta":{"ngg_post_thumbnail":0,"footnotes":""},"class_list":["post-32","page","type-page","status-publish","hentry"],"_links":{"self":[{"href":"https:\/\/oshol.hasici-ol.cz\/index.php?rest_route=\/wp\/v2\/pages\/32","targetHints":{"allow":["GET"]}}],"collection":[{"href":"https:\/\/oshol.hasici-ol.cz\/index.php?rest_route=\/wp\/v2\/pages"}],"about":[{"href":"https:\/\/oshol.hasici-ol.cz\/index.php?rest_route=\/wp\/v2\/types\/page"}],"author":[{"embeddable":true,"href":"https:\/\/oshol.hasici-ol.cz\/index.php?rest_route=\/wp\/v2\/users\/1"}],"replies":[{"embeddable":true,"href":"https:\/\/oshol.hasici-ol.cz\/index.php?rest_route=%2Fwp%2Fv2%2Fcomments&post=32"}],"version-history":[{"count":88,"href":"https:\/\/oshol.hasici-ol.cz\/index.php?rest_route=\/wp\/v2\/pages\/32\/revisions"}],"predecessor-version":[{"id":7776,"href":"https:\/\/oshol.hasici-ol.cz\/index.php?rest_route=\/wp\/v2\/pages\/32\/revisions\/7776"}],"wp:attachment":[{"href":"https:\/\/oshol.hasici-ol.cz\/index.php?rest_route=%2Fwp%2Fv2%2Fmedia&parent=32"}],"curies":[{"name":"wp","href":"https:\/\/api.w.org\/{rel}","templated":true}]}}