{"id":34,"date":"2010-03-22T18:38:34","date_gmt":"2010-03-22T18:38:34","guid":{"rendered":"http:\/\/192.168.13.234\/?page_id=34"},"modified":"2026-01-15T08:44:53","modified_gmt":"2026-01-15T08:44:53","slug":"kalendar-soutezi","status":"publish","type":"page","link":"https:\/\/oshol.hasici-ol.cz\/?page_id=34","title":{"rendered":"Kalend\u00e1\u0159 sout\u011b\u017e\u00ed"},"content":{"rendered":"<p><strong>2026:<\/strong><\/p>\n<p><a href=\"https:\/\/oshol.hasici-ol.cz\/wp-content\/uploads\/2026\/01\/Kalendar-soutezi-na-rok-2026.docx\">Kalendar soutezi na rok 2026 PS<\/a><\/p>\n<p><strong>2025:<\/strong><\/p>\n<p><a href=\"https:\/\/oshol.hasici-ol.cz\/wp-content\/uploads\/2025\/03\/Kalendar-soutezi-2025.pdf\">Kalend\u00e1\u0159 sout\u011b\u017e\u00ed PS 2025<\/a><\/p>\n<p><strong>Ro\u010dn\u00edk 2024<\/strong><\/p>\n<p><a href=\"https:\/\/oshol.hasici-ol.cz\/wp-content\/uploads\/2024\/03\/KALENDAR_OSH_ol_2024-2.pdf\">Kalend\u00e1\u0159 sout\u011b\u017e\u00ed PS 2024<\/a><\/p>\n<p><strong>Ro\u010dn\u00edk 2023<\/strong><\/p>\n<p><a href=\"https:\/\/oshol.hasici-ol.cz\/wp-content\/uploads\/2023\/03\/Kalendar-soutezi-PS-2023.pdf\">Kalend\u00e1\u0159 sout\u011b\u017e\u00ed PS 2023<\/a><\/p>\n<p><strong>P\u0159ede\u0161l\u00e9 roky:<\/strong><\/p>\n<p><a href=\"https:\/\/oshol.hasici-ol.cz\/wp-content\/uploads\/2022\/02\/Kalendar-soutezi-PS-2022-4.pdf\">Kalend\u00e1\u0159 sout\u011b\u017e\u00ed PS 2022<\/a><\/p>\n<p><a href=\"https:\/\/oshol.hasici-ol.cz\/wp-content\/uploads\/2021\/05\/KALENDAR_OSH_ol_2021_2.xlsx\">Kalend\u00e1\u0159 sout\u011b\u017e\u00ed PS 2021<\/a><\/p>\n<p>Kalend\u00e1\u0159 sout\u011b\u017e\u00ed okresu Olomouc 2019 &#8211;&nbsp;<a href=\"https:\/\/oshol.hasici-ol.cz\/wp-content\/uploads\/2019\/04\/Kalend\u00e1\u0159-sout\u011b\u017e\u00ed-PS-2019.pdf\">Kalend\u00e1\u0159 sout\u011b\u017e\u00ed PS 2019<\/a><strong><br \/>\n<\/strong><\/p>\n<p><a href=\"https:\/\/oshol.hasici-ol.cz\/wp-content\/uploads\/2010\/03\/OSH-OLOMOUC-kalend\u00e1\u0159-PS-2018.pdf\" target=\"_blank\" rel=\"noopener\">Kalend\u00e1\u0159 sout\u011b\u017e\u00ed PS 2018<\/a><\/p>\n<p><a style=\"font-weight: bold;\" href=\"https:\/\/oshol.hasici-ol.cz\/wp-content\/uploads\/2010\/03\/Kalend\u00e1\u0159-sout\u011b\u017e\u00ed-OSH-Olomouc-2017.pdf\">Kalend\u00e1\u0159 sout\u011b\u017e\u00ed OSH Olomouc 2017<\/a><\/p>\n<p><a href=\"https:\/\/oshol.hasici-ol.cz\/wp-content\/uploads\/2010\/03\/Kalend\u00e1\u0159-sout\u011b\u017e\u00ed-OSH-Ol.-20161.pdf\">Kalend\u00e1\u0159 sout\u011b\u017e\u00ed OSH Ol. 2016<\/a><\/p>\n<p><a href=\"https:\/\/oshol.hasici-ol.cz\/wp-content\/uploads\/2010\/03\/Kalend\u00e1\u0159_sout\u011b\u017e\u00ed_dosp\u011bl\u00fdch_20152.pdf\">Kalend\u00e1\u0159 sout\u011b\u017e\u00ed dosp\u011bl\u00fdch 2015<\/a><\/p>\n<p>Kalend\u00e1\u0159 sout\u011b\u017e\u00ed okresu Olomouc 2014 &#8211; <a href=\"https:\/\/oshol.hasici-ol.cz\/wp-content\/uploads\/2010\/03\/Kalendar-OL-20142.pdf\">Kalendar OL 2014<\/a><\/p>\n<p>Kalend\u00e1\u0159 sout\u011b\u017e\u00ed okresu Olomouc 2013 &#8211; <a href=\"https:\/\/oshol.hasici-ol.cz\/wp-content\/uploads\/2010\/03\/Kalendar-OL-2013.pdf\">Kalendar OL 2013<\/a><\/p>\n<p>Kalend\u00e1\u0159 sout\u011b\u017e\u00ed okresu Olomouc 2012 &#8211; <a href=\"https:\/\/oshol.hasici-ol.cz\/wp-content\/uploads\/2010\/03\/Kalendar_OL_20124.pdf\">Kalendar_OL_2012<\/a><\/p>\n<p>Kalend\u00e1\u0159 sout\u011b\u017e\u00ed okresu Olomouc 2011 &#8211; <a href=\"https:\/\/oshol.hasici-ol.cz\/wp-content\/uploads\/2010\/03\/Kalendar_OL_20111.pdf\">Kalendar_OL_2011<\/a><\/p>\n<p>Kalend\u00e1\u0159 sout\u011b\u017e\u00ed okresu Olomouc 2010 &#8211; <a href=\"https:\/\/oshol.hasici-ol.cz\/wp-content\/uploads\/2010\/03\/Kalendar_OL_20102.pdf\">Kalendar_OL_2010<\/a><\/p>\n","protected":false},"excerpt":{"rendered":"<p>2026: Kalendar soutezi na rok 2026 PS 2025: Kalend\u00e1\u0159 sout\u011b\u017e\u00ed PS 2025 Ro\u010dn\u00edk 2024 Kalend\u00e1\u0159 sout\u011b\u017e\u00ed PS 2024 Ro\u010dn\u00edk 2023 Kalend\u00e1\u0159 sout\u011b\u017e\u00ed PS 2023 P\u0159ede\u0161l\u00e9 roky: Kalend\u00e1\u0159 sout\u011b\u017e\u00ed PS 2022 Kalend\u00e1\u0159 sout\u011b\u017e\u00ed PS 2021 Kalend\u00e1\u0159 &hellip;<\/p>\n","protected":false},"author":1,"featured_media":0,"parent":32,"menu_order":1,"comment_status":"closed","ping_status":"closed","template":"","meta":{"ngg_post_thumbnail":0,"footnotes":""},"class_list":["post-34","page","type-page","status-publish","hentry"],"_links":{"self":[{"href":"https:\/\/oshol.hasici-ol.cz\/index.php?rest_route=\/wp\/v2\/pages\/34","targetHints":{"allow":["GET"]}}],"collection":[{"href":"https:\/\/oshol.hasici-ol.cz\/index.php?rest_route=\/wp\/v2\/pages"}],"about":[{"href":"https:\/\/oshol.hasici-ol.cz\/index.php?rest_route=\/wp\/v2\/types\/page"}],"author":[{"embeddable":true,"href":"https:\/\/oshol.hasici-ol.cz\/index.php?rest_route=\/wp\/v2\/users\/1"}],"replies":[{"embeddable":true,"href":"https:\/\/oshol.hasici-ol.cz\/index.php?rest_route=%2Fwp%2Fv2%2Fcomments&post=34"}],"version-history":[{"count":65,"href":"https:\/\/oshol.hasici-ol.cz\/index.php?rest_route=\/wp\/v2\/pages\/34\/revisions"}],"predecessor-version":[{"id":7854,"href":"https:\/\/oshol.hasici-ol.cz\/index.php?rest_route=\/wp\/v2\/pages\/34\/revisions\/7854"}],"up":[{"embeddable":true,"href":"https:\/\/oshol.hasici-ol.cz\/index.php?rest_route=\/wp\/v2\/pages\/32"}],"wp:attachment":[{"href":"https:\/\/oshol.hasici-ol.cz\/index.php?rest_route=%2Fwp%2Fv2%2Fmedia&parent=34"}],"curies":[{"name":"wp","href":"https:\/\/api.w.org\/{rel}","templated":true}]}}