{"id":36,"date":"2010-03-22T18:38:44","date_gmt":"2010-03-22T18:38:44","guid":{"rendered":"http:\/\/192.168.13.234\/?page_id=36"},"modified":"2024-09-18T10:02:03","modified_gmt":"2024-09-18T10:02:03","slug":"ostatni-souteze-vysledky","status":"publish","type":"page","link":"https:\/\/oshol.hasici-ol.cz\/?page_id=36","title":{"rendered":"V\u00fdsledky sout\u011b\u017e\u00ed dosp\u011bl\u00fdch"},"content":{"rendered":"\n<p><strong>202<\/strong>4<\/p>\n\n\n<p><strong><a href=\"https:\/\/oshol.hasici-ol.cz\/wp-content\/uploads\/2024\/09\/Zprava-o-soutezi-priloha-c.-1.pdf\">V\u00fdsledky sout\u011b\u017ee v PS &#8211; T\u0159inec<\/a><\/strong><\/p>\n<p><strong>2023<\/strong><\/p>\n<p>V\u00fdsledky krajsk\u00e9ho kola v PS 3-4.6.2023 T\u0159inec &#8211; <a href=\"https:\/\/kshmsk.cz\/krajske-kolo-pozarniho-sportu-2023-vysledky\/\">zde<\/a><\/p>\n<p><strong>V\u00fdsledky okresn\u00edho kola<\/strong> <strong>v<\/strong> <strong>PS 2023, 21.5.2023 Olomouc:<\/strong><\/p>\n<p><a href=\"https:\/\/oshol.hasici-ol.cz\/wp-content\/uploads\/2023\/05\/okresni-kolo-PS-2023-zeny-jednotlivci.pdf\">&nbsp;V\u00fdsledky &#8211; \u017deny jednotlivci, <\/a><a href=\"https:\/\/oshol.hasici-ol.cz\/wp-content\/uploads\/2023\/05\/okresni-kolo-PS-2023-zeny.pdf\">V\u00fdsledky &#8211; \u017eeny<\/a><\/p>\n<p><a href=\"https:\/\/oshol.hasici-ol.cz\/wp-content\/uploads\/2023\/05\/okresni-kolo-PS-2023-muzi-jednotlivci.pdf\">V\u00fdsle<\/a><a href=\"https:\/\/oshol.hasici-ol.cz\/wp-content\/uploads\/2023\/05\/okresni-kolo-PS-2023-muzi-jednotlivci.pdf\">dky<\/a><strong><a href=\"https:\/\/oshol.hasici-ol.cz\/wp-content\/uploads\/2023\/05\/okresni-kolo-PS-2023-muzi-jednotlivci.pdf\"> &#8211;<\/a><\/strong><a href=\"https:\/\/oshol.hasici-ol.cz\/wp-content\/uploads\/2023\/05\/okresni-kolo-PS-2023-muzi-jednotlivci.pdf\"> Mu\u017ei<\/a><a href=\"https:\/\/oshol.hasici-ol.cz\/wp-content\/uploads\/2023\/05\/okresni-kolo-PS-2023-muzi-jednotlivci.pdf\"> jednotlivci, <\/a><a href=\"https:\/\/oshol.hasici-ol.cz\/wp-content\/uploads\/2023\/05\/okresni-kolo-PS-2023-muzi.pdf\">V\u00fdsledky &#8211;<\/a><a href=\"https:\/\/oshol.hasici-ol.cz\/wp-content\/uploads\/2023\/05\/okresni-kolo-PS-2023-muzi.pdf\"> mu\u017ei<\/a><\/p>\n<p><strong>2022<\/strong><\/p>\n<p><strong>V\u00fdsledky O poh\u00e1r OSH Olomouc 11.9.2022 Olomouc-Chv\u00e1lkovice:<\/strong><\/p>\n<p><a href=\"https:\/\/oshol.hasici-ol.cz\/wp-content\/uploads\/2022\/10\/Zavody_OSH_2022_zeny_vlastni.pdf\">\u017dENY &#8211; vlastn\u00ed stroj<\/a>, <a href=\"https:\/\/oshol.hasici-ol.cz\/wp-content\/uploads\/2022\/10\/Zavody_OSH_2022_zeny_Tohatsu.pdf\">\u017dENY &#8211; Tohatsu<\/a>, <a href=\"https:\/\/oshol.hasici-ol.cz\/wp-content\/uploads\/2022\/10\/Zavody_OSH_2022_zeny_celkove.pdf\">\u017dENY CELKOV\u00c9<\/a><\/p>\n<p><a href=\"https:\/\/oshol.hasici-ol.cz\/wp-content\/uploads\/2022\/10\/Zavody_OSH_2022_muzi_vlastni.pdf\">MU\u017dI &#8211; vlastn\u00ed stroj<\/a>, <a href=\"https:\/\/oshol.hasici-ol.cz\/wp-content\/uploads\/2022\/10\/Zavody_OSH_2022_muzi_Tohatsu.pdf\">MU\u017dI &#8211; Tohatsu<\/a>, <a href=\"https:\/\/oshol.hasici-ol.cz\/wp-content\/uploads\/2022\/10\/Zavody_OSH_2022_muzi_celkove.pdf\">MU\u017dI CELKOV\u00c9<\/a><\/p>\n<p><strong>V\u00fdsledky okresn\u00edho<\/strong> <strong>kola v PS 2022, 22.5.2022 Olomouc:<\/strong><\/p>\n<p><a href=\"https:\/\/oshol.hasici-ol.cz\/wp-content\/uploads\/2022\/10\/IMG_20221013_0003.pdf\">V\u00fdsledky mu\u017ei a \u017eeny<\/a><\/p>\n<p><strong>2021<\/strong><\/p>\n<p><strong>V\u00fdsledky okresn\u00edho kola v PS 2021, 20.6.2021 Medlov:<\/strong><\/p>\n<p><a href=\"https:\/\/oshol.hasici-ol.cz\/wp-content\/uploads\/2021\/07\/Vysledky-PS-muzi.pdf\">V\u00fdsledky PS &#8211; mu\u017ei<\/a>, <a href=\"https:\/\/oshol.hasici-ol.cz\/wp-content\/uploads\/2021\/07\/Vysledky-PS-zeny.pdf\">V\u00fdsledky PS &#8211; \u017eeny<\/a><\/p>\n<p><span style=\"color: #000000;\"><strong>2019<\/strong><\/span><\/p>\n<p><strong>V\u00fdsledky O poh\u00e1r OSH Olomouc 21.9.2019:<\/strong><\/p>\n<p><a href=\"https:\/\/oshol.hasici-ol.cz\/wp-content\/uploads\/2019\/09\/V\u00fdsledky-MU\u017dI-Vlastn\u00ed.pdf\">MU\u017dI &#8211; vlastn\u00ed stroj<\/a>,&nbsp;<a href=\"https:\/\/oshol.hasici-ol.cz\/wp-content\/uploads\/2019\/09\/V\u00fdsledky-MU\u017dI-Tohatsu.pdf\">MU\u017dI &#8211; Tohatsu<\/a>,&nbsp;<a href=\"https:\/\/oshol.hasici-ol.cz\/wp-content\/uploads\/2019\/09\/V\u00fdsledky-MU\u017dI-CELKOV\u011a.pdf\">MU\u017dI CELKOV\u00c9<\/a><\/p>\n<p><a href=\"https:\/\/oshol.hasici-ol.cz\/wp-content\/uploads\/2019\/09\/V\u00fdsledky-\u017dENY-Vlastn\u00ed.pdf\">\u017dENY &#8211; vlastn\u00ed stroj<\/a>,&nbsp;<a href=\"https:\/\/oshol.hasici-ol.cz\/wp-content\/uploads\/2019\/09\/V\u00fdsledky-\u017dENY-Tohatsu.pdf\">\u017dENY &#8211; Tohatsu<\/a>,&nbsp;<a href=\"https:\/\/oshol.hasici-ol.cz\/wp-content\/uploads\/2019\/09\/V\u00fdsledky-\u017dENY-CELKOV\u011a.pdf\">\u017dENY CELKOV\u00c9<\/a><\/p>\n<p><strong>V\u00fdsledky okresn\u00edho kola v PS 2019, 26.5.2019 Olomouc:<\/strong><\/p>\n<p><a href=\"https:\/\/oshol.hasici-ol.cz\/wp-content\/uploads\/2019\/06\/v\u00fdsledky-PS-mu\u017ei.pdf\">v\u00fdsledky PS &#8211; mu\u017ei<\/a>,&nbsp;<a href=\"https:\/\/oshol.hasici-ol.cz\/wp-content\/uploads\/2019\/06\/v\u00fdsledky-PS-\u017eeny.pdf\">v\u00fdsledky PS &#8211; \u017eeny<\/a><\/p>\n<p><a href=\"https:\/\/oshol.hasici-ol.cz\/wp-content\/uploads\/2019\/06\/100-m-\u017eeny.pdf\">100m &#8211; \u017eeny<\/a>,&nbsp;<a href=\"https:\/\/oshol.hasici-ol.cz\/wp-content\/uploads\/2019\/06\/100-m-mu\u017ei-1.pdf\">100m mu\u017ei &#8211; 1<\/a>,&nbsp;<a href=\"https:\/\/oshol.hasici-ol.cz\/wp-content\/uploads\/2019\/06\/100-m-mu\u017ei-2.pdf\">100m mu\u017ei &#8211; 2<\/a><\/p>\n<p><span style=\"color: #000000;\"><strong>2018<\/strong><\/span><\/p>\n<p><strong>V\u00fdsledky okresn\u00edho kola v PS 2018, 3.6.2018 Olomouc:<\/strong><\/p>\n<p>\u017deny &#8211; <a href=\"https:\/\/oshol.hasici-ol.cz\/wp-content\/uploads\/2018\/06\/\u017eeny-celkov\u00e9.pdf\">celkov\u00e9<\/a>, <a href=\"https:\/\/oshol.hasici-ol.cz\/wp-content\/uploads\/2018\/06\/\u017eeny-100m-s-p\u0159ek\u00e1\u017ekami.pdf\">100m s p\u0159ek\u00e1\u017ekami<\/a>, <a href=\"https:\/\/oshol.hasici-ol.cz\/wp-content\/uploads\/2018\/06\/\u017eeny-\u0161tafeta-4-x-100m-s-p\u0159ek\u00e1\u017ekami.pdf\">\u0161tafeta 4 x 100m s p\u0159ek\u00e1\u017ekami<\/a>, <a href=\"https:\/\/oshol.hasici-ol.cz\/wp-content\/uploads\/2018\/07\/PU-\u017eeny.pdf\">po\u017e\u00e1rn\u00ed \u00fatok<\/a><\/p>\n<p>Mu\u017ei &#8211; <a href=\"https:\/\/oshol.hasici-ol.cz\/wp-content\/uploads\/2018\/06\/mu\u017ei-celkov\u00e9.pdf\">celkov\u00e9<\/a>, <a href=\"https:\/\/oshol.hasici-ol.cz\/wp-content\/uploads\/2018\/06\/mu\u017ei-100m-s-p\u0159ek\u00e1\u017ekami.pdf\">100m s p\u0159ek\u00e1\u017ekami<\/a>, <a href=\"https:\/\/oshol.hasici-ol.cz\/wp-content\/uploads\/2018\/06\/mu\u017ei-\u0161tafeta-4-x-100m-s-p\u0159ek\u00e1\u017ekami.pdf\">\u0161tafeta 4 x 100m s p\u0159ek\u00e1\u017ekami<\/a>, <a href=\"https:\/\/oshol.hasici-ol.cz\/wp-content\/uploads\/2018\/07\/PU-mu\u017ei-1.pdf\">po\u017e\u00e1rn\u00ed \u00fatok<\/a><\/p>\n<p><strong>2017<\/strong><\/p>\n<p><a href=\"https:\/\/oshol.hasici-ol.cz\/wp-content\/uploads\/2010\/03\/V\u00fdsledky-Poh\u00e1r-OSH-OL.-kat.-mu\u017ei.xls\">V\u00fdsledky &#8211; Poh\u00e1r OSH OL. (kat. mu\u017ei)<\/a><\/p>\n<p><a href=\"https:\/\/oshol.hasici-ol.cz\/wp-content\/uploads\/2010\/03\/V\u00fdsledky-Poh\u00e1r-starostky-OSH-OL..xls\">V\u00fdsledky &#8211; Poh\u00e1r starostky OSH OL.<\/a><\/p>\n<p><strong>V\u00fdsledky krajsk\u00e9ho kola v PS, 17-18.6.2017 P\u0159erov<\/strong><\/p>\n<p><a href=\"https:\/\/oshol.hasici-ol.cz\/wp-content\/uploads\/2010\/03\/HZS.xlsx\">HZS<\/a><strong>, <\/strong><a href=\"https:\/\/oshol.hasici-ol.cz\/wp-content\/uploads\/2010\/03\/muzi.xlsx\">muzi<\/a>, <a href=\"https:\/\/oshol.hasici-ol.cz\/wp-content\/uploads\/2010\/03\/zeny.xlsx\">zeny<\/a><strong><br><\/strong><\/p>\n<p><strong><strong>V\u00fdsledky okresn\u00edho kola v PS 2017, 4.6.2017 Olomouc:<\/strong><\/strong><\/p>\n<p>\u017deny &#8211; <a href=\"https:\/\/oshol.hasici-ol.cz\/wp-content\/uploads\/2010\/03\/celkov\u00e95.pdf\">celkov\u00e9<\/a>, <a href=\"https:\/\/oshol.hasici-ol.cz\/wp-content\/uploads\/2010\/03\/100m7.pdf\">100m<\/a>, <a href=\"https:\/\/oshol.hasici-ol.cz\/wp-content\/uploads\/2010\/03\/4x100m5.pdf\">4x100m<\/a>, <a href=\"https:\/\/oshol.hasici-ol.cz\/wp-content\/uploads\/2010\/03\/P\u00da10.pdf\">P\u00da<\/a><\/p>\n<p>Mu\u017ei &#8211; <a href=\"https:\/\/oshol.hasici-ol.cz\/wp-content\/uploads\/2010\/03\/celkov\u00e96.pdf\">celkov\u00e9<\/a>, <a href=\"https:\/\/oshol.hasici-ol.cz\/wp-content\/uploads\/2010\/03\/100m8.pdf\">100m<\/a>, <a href=\"https:\/\/oshol.hasici-ol.cz\/wp-content\/uploads\/2010\/03\/4x100m6.pdf\">4x100m<\/a>, <a href=\"https:\/\/oshol.hasici-ol.cz\/wp-content\/uploads\/2010\/03\/P\u00da11.pdf\">P\u00da<\/a><\/p>\n<p><strong>2016<\/strong><\/p>\n<p><strong>V\u00fdsledky Olomouck\u00fd dvojboj, 9.7.2016:<\/strong><\/p>\n<p><a href=\"https:\/\/oshol.hasici-ol.cz\/wp-content\/uploads\/2010\/03\/Ml.-dorci.pdf\">Ml. dorci<\/a>, <a href=\"https:\/\/oshol.hasici-ol.cz\/wp-content\/uploads\/2010\/03\/Ml.-dorky.pdf\">Ml. dorky<\/a>, <a href=\"https:\/\/oshol.hasici-ol.cz\/wp-content\/uploads\/2010\/03\/Str.-dorci.pdf\">Str. dorci<\/a>, <a href=\"https:\/\/oshol.hasici-ol.cz\/wp-content\/uploads\/2010\/03\/Str.-dorky.pdf\">Str. dorky<\/a>, <a href=\"https:\/\/oshol.hasici-ol.cz\/wp-content\/uploads\/2010\/03\/Star.-dorci.pdf\">Star. dorci<\/a>, <a href=\"https:\/\/oshol.hasici-ol.cz\/wp-content\/uploads\/2010\/03\/Star.-dorky.pdf\">Star. dorky<\/a><\/p>\n<p><a href=\"https:\/\/oshol.hasici-ol.cz\/wp-content\/uploads\/2010\/03\/Muzi-stovky.pdf\">Muzi stovky<\/a>, <a href=\"https:\/\/oshol.hasici-ol.cz\/wp-content\/uploads\/2010\/03\/Muzi-dvojboj.pdf\">Muzi dvojboj<\/a>, <a href=\"https:\/\/oshol.hasici-ol.cz\/wp-content\/uploads\/2010\/03\/Muzi-HZS.pdf\">Muzi HZS<\/a><\/p>\n<p><a href=\"https:\/\/oshol.hasici-ol.cz\/wp-content\/uploads\/2010\/03\/Zeny-stovky.pdf\">Zeny stovky<\/a>, <a href=\"https:\/\/oshol.hasici-ol.cz\/wp-content\/uploads\/2010\/03\/Zeny-dvojboj.pdf\">Zeny dvojboj<\/a><\/p>\n<p><strong>V\u00fdsledky okresn\u00edho kola v PS 2016, 29.5.2016 Olomouc:<\/strong><\/p>\n<p>MU\u017dI &#8211; <a href=\"https:\/\/oshol.hasici-ol.cz\/wp-content\/uploads\/2010\/03\/100m5.pdf\">100m<\/a>, <a href=\"https:\/\/oshol.hasici-ol.cz\/wp-content\/uploads\/2010\/03\/4x100m4.pdf\">4x100m<\/a>, <a href=\"https:\/\/oshol.hasici-ol.cz\/wp-content\/uploads\/2010\/03\/P\u00da8.pdf\">P\u00da<\/a>, <a href=\"https:\/\/oshol.hasici-ol.cz\/wp-content\/uploads\/2010\/03\/celkov\u00e93.pdf\">celkov\u00e9<\/a><\/p>\n<p>\u017dENY &#8211; <a href=\"https:\/\/oshol.hasici-ol.cz\/wp-content\/uploads\/2010\/03\/100m6.pdf\">100m<\/a>, <a href=\"https:\/\/oshol.hasici-ol.cz\/wp-content\/uploads\/2010\/03\/4x1002.pdf\">4&#215;100<\/a>m, <a href=\"https:\/\/oshol.hasici-ol.cz\/wp-content\/uploads\/2010\/03\/P\u00da9.pdf\">P\u00da<\/a>, <a href=\"https:\/\/oshol.hasici-ol.cz\/wp-content\/uploads\/2010\/03\/celkov\u00e94.pdf\">celkov\u00e9<\/a><\/p>\n<p><strong>2015<\/strong><\/p>\n<p><strong>V\u00fdsledky okresn\u00edho kola v PS 2015, 23.5.2015 Olomouc:<\/strong><\/p>\n<p>MU\u017dI &#8211; <a href=\"https:\/\/oshol.hasici-ol.cz\/wp-content\/uploads\/2010\/03\/100m3.pdf\">100m<\/a>,&nbsp; <a href=\"https:\/\/oshol.hasici-ol.cz\/wp-content\/uploads\/2010\/03\/4x100.pdf\">4&#215;100<\/a>,&nbsp; <a href=\"https:\/\/oshol.hasici-ol.cz\/wp-content\/uploads\/2010\/03\/P\u00da6.pdf\">P\u00da<\/a>,&nbsp; <a href=\"https:\/\/oshol.hasici-ol.cz\/wp-content\/uploads\/2010\/03\/celkove.pdf\">celkove<\/a><\/p>\n<p>\u017dENY &#8211; <a href=\"https:\/\/oshol.hasici-ol.cz\/wp-content\/uploads\/2010\/03\/100m4.pdf\">100m<\/a>,&nbsp; <a href=\"https:\/\/oshol.hasici-ol.cz\/wp-content\/uploads\/2010\/03\/4x1001.pdf\">4&#215;100<\/a>, &nbsp;<a href=\"https:\/\/oshol.hasici-ol.cz\/wp-content\/uploads\/2010\/03\/P\u00da7.pdf\">P\u00da<\/a>, &nbsp;<a href=\"https:\/\/oshol.hasici-ol.cz\/wp-content\/uploads\/2010\/03\/celkove1.pdf\">celkove<\/a><\/p>\n<p><strong>V\u00fdsledky okresn\u00edho kola v PS 2014, 24.5.2014 Olomouc:<\/strong><\/p>\n<p>MU\u017dI &#8211; <a href=\"https:\/\/oshol.hasici-ol.cz\/wp-content\/uploads\/2010\/03\/100m-jed.2.pdf\">100m jed.<\/a>, <a href=\"https:\/\/oshol.hasici-ol.cz\/wp-content\/uploads\/2010\/03\/100m-dru\u017e.2.pdf\">100m dru\u017e.<\/a>, <a href=\"https:\/\/oshol.hasici-ol.cz\/wp-content\/uploads\/2010\/03\/4x100m2.pdf\">4x100m<\/a>,&nbsp;<a href=\"https:\/\/oshol.hasici-ol.cz\/wp-content\/uploads\/2010\/03\/Celkove.pdf\">Celkove<\/a><\/p>\n<p>\u017dENY &#8211; <a href=\"https:\/\/oshol.hasici-ol.cz\/wp-content\/uploads\/2010\/03\/100m-jed.3.pdf\">100m jed.<\/a>, <a href=\"https:\/\/oshol.hasici-ol.cz\/wp-content\/uploads\/2010\/03\/100m-dru\u017e.3.pdf\">100m dru\u017e.<\/a>, <a href=\"https:\/\/oshol.hasici-ol.cz\/wp-content\/uploads\/2010\/03\/4x100m3.pdf\">4x100m<\/a>, <a href=\"https:\/\/oshol.hasici-ol.cz\/wp-content\/uploads\/2010\/03\/Celkove1.pdf\">Celkove<\/a><\/p>\n<p><strong>V\u00fdsledky krajsk\u00e9ho kola v PS 2013, P\u0159erov 22-23.6.2013:<\/strong><\/p>\n<p>HZS &#8211; <a href=\"https:\/\/oshol.hasici-ol.cz\/wp-content\/uploads\/2010\/03\/celkov\u00e92.pdf\">celkov\u00e9<\/a>, <a href=\"https:\/\/oshol.hasici-ol.cz\/wp-content\/uploads\/2010\/03\/v\u011b\u017e.pdf\">v\u011b\u017e<\/a>, <a href=\"https:\/\/oshol.hasici-ol.cz\/wp-content\/uploads\/2010\/03\/100m2.pdf\">100m<\/a>, <a href=\"https:\/\/oshol.hasici-ol.cz\/wp-content\/uploads\/2010\/03\/stafeta2.pdf\">stafeta<\/a>, <a href=\"https:\/\/oshol.hasici-ol.cz\/wp-content\/uploads\/2010\/03\/P\u00da5.pdf\">P\u00da<\/a>, <a href=\"https:\/\/oshol.hasici-ol.cz\/wp-content\/uploads\/2010\/03\/dvojboj.pdf\">dvojboj<\/a><\/p>\n<p>mu\u017ei SDH &#8211; <a href=\"https:\/\/oshol.hasici-ol.cz\/wp-content\/uploads\/2010\/03\/celkov\u00e9.pdf\">celkov\u00e9<\/a>, <a href=\"https:\/\/oshol.hasici-ol.cz\/wp-content\/uploads\/2010\/03\/100m.pdf\">100m<\/a>, <a href=\"https:\/\/oshol.hasici-ol.cz\/wp-content\/uploads\/2010\/03\/stafeta.pdf\">stafeta<\/a>, <a href=\"https:\/\/oshol.hasici-ol.cz\/wp-content\/uploads\/2010\/03\/P\u00da3.pdf\">P\u00da<\/a><\/p>\n<p>\u017eeny SDH &#8211; <a href=\"https:\/\/oshol.hasici-ol.cz\/wp-content\/uploads\/2010\/03\/celkov\u00e91.pdf\">celkov\u00e9<\/a>, <a href=\"https:\/\/oshol.hasici-ol.cz\/wp-content\/uploads\/2010\/03\/100m1.pdf\">100m<\/a>, <a href=\"https:\/\/oshol.hasici-ol.cz\/wp-content\/uploads\/2010\/03\/stafeta1.pdf\">stafeta<\/a>, <a href=\"https:\/\/oshol.hasici-ol.cz\/wp-content\/uploads\/2010\/03\/P\u00da4.pdf\">P\u00da<\/a><\/p>\n<p><strong>V\u00fdsledky okresn\u00edho kola v PS 2013, 26.5.2013 P\u0159\u00e1slavice:<\/strong><\/p>\n<p>MU\u017dI &#8211; <a href=\"https:\/\/oshol.hasici-ol.cz\/wp-content\/uploads\/2010\/03\/100m-jed..pdf\">100m jed.<\/a>,&nbsp;<a href=\"https:\/\/oshol.hasici-ol.cz\/wp-content\/uploads\/2010\/03\/100m-dru\u017e..pdf\">100m dru\u017e.<\/a>,&nbsp;<a href=\"https:\/\/oshol.hasici-ol.cz\/wp-content\/uploads\/2010\/03\/4x100m.pdf\">4x100m<\/a>,&nbsp;<a href=\"https:\/\/oshol.hasici-ol.cz\/wp-content\/uploads\/2010\/03\/P\u00da.pdf\">P\u00da<\/a>,&nbsp;<a href=\"https:\/\/oshol.hasici-ol.cz\/wp-content\/uploads\/2010\/03\/Celkov\u00e9.pdf\">Celkov\u00e9<\/a><\/p>\n<p>\u017dENY &#8211; <a href=\"https:\/\/oshol.hasici-ol.cz\/wp-content\/uploads\/2010\/03\/100m-jed.1.pdf\">100m jed.<\/a>, <a href=\"https:\/\/oshol.hasici-ol.cz\/wp-content\/uploads\/2010\/03\/100m-dru\u017e.1.pdf\">100m dru\u017e.<\/a>, <a href=\"https:\/\/oshol.hasici-ol.cz\/wp-content\/uploads\/2010\/03\/4x100m1.pdf\">4x100m<\/a>, <a href=\"https:\/\/oshol.hasici-ol.cz\/wp-content\/uploads\/2010\/03\/P\u00da1.pdf\">P\u00da<\/a>, <a href=\"https:\/\/oshol.hasici-ol.cz\/wp-content\/uploads\/2010\/03\/Celkov\u00e91.pdf\">Celkov\u00e9<\/a><\/p>\n<p><strong>V\u00fdsledky krajk\u00e9ho kola v PS 2012, Ostrava 23-24.6.2012:<\/strong><\/p>\n<p><a href=\"https:\/\/oshol.hasici-ol.cz\/wp-content\/uploads\/2010\/03\/muzi_celkem.pdf\">muzi_celkem<\/a>, <a href=\"https:\/\/oshol.hasici-ol.cz\/wp-content\/uploads\/2010\/03\/zeny_celkem.pdf\">zeny_celkem<\/a>, <a href=\"https:\/\/oshol.hasici-ol.cz\/wp-content\/uploads\/2010\/03\/profi_celkem.pdf\">profi_celkem<\/a>, <a href=\"http:\/\/www.hzscr.cz\/clanek\/konecne-vysledky-krajskeho-kola-v-pozarnim-sportu-druzstev-v-ostrave.aspx\" target=\"_blank\" rel=\"noopener\">ve\u0161ker\u00e9 v\u00fdsledky<\/a><\/p>\n<p><strong>V\u00fdsledky okresn\u00ed kolo&nbsp; v PS 2012, P\u0159\u00e1slavice:<\/strong><\/p>\n<p><a href=\"https:\/\/oshol.hasici-ol.cz\/wp-content\/uploads\/2010\/03\/Vysledky_Okres_muzi_celkove.pdf\">Vysledky_Okres_muzi_celkove<\/a>, <a href=\"https:\/\/oshol.hasici-ol.cz\/wp-content\/uploads\/2010\/03\/Vysledky_Okres_muzi_100m.pdf\">Vysledky_Okres_muzi_100m<\/a>, <a href=\"https:\/\/oshol.hasici-ol.cz\/wp-content\/uploads\/2010\/03\/Vysledky_Okres_muzi_stafeta.pdf\">Vysledky_Okres_muzi_stafeta<\/a>, <a href=\"https:\/\/oshol.hasici-ol.cz\/wp-content\/uploads\/2010\/03\/Vysledky_Okres_muzi_PU.pdf\">Vysledky_Okres_muzi_PU<\/a>, <a href=\"https:\/\/oshol.hasici-ol.cz\/wp-content\/uploads\/2010\/03\/Vysledky_Okres_zeny_celkove.pdf\">Vysledky_Okres_zeny_celkove<\/a>, <a href=\"https:\/\/oshol.hasici-ol.cz\/wp-content\/uploads\/2010\/03\/Vysledky_Okres_zeny_100m.pdf\">Vysledky_Okres_zeny_100m<\/a>, <a href=\"https:\/\/oshol.hasici-ol.cz\/wp-content\/uploads\/2010\/03\/Vysledky_Okres_zeny_stafeta.pdf\">Vysledky_Okres_zeny_stafeta<\/a>,&nbsp;&nbsp;&nbsp;&nbsp;&nbsp;&nbsp;&nbsp;&nbsp;&nbsp;&nbsp;&nbsp;&nbsp;&nbsp;&nbsp;&nbsp;&nbsp; <a href=\"https:\/\/oshol.hasici-ol.cz\/wp-content\/uploads\/2010\/03\/Vysledky-Okres-zeny-PU.pdf\">Vysledky Okres zeny PU<\/a><\/p>\n<p><strong>V\u00fdsledky krajsk\u00e9 kolo v PS 2011 Ostrava<\/strong> &#8211;&nbsp;<a href=\"https:\/\/oshol.hasici-ol.cz\/wp-content\/uploads\/2010\/03\/11._celkove_vysledky.xls\">11._celkove_vysledky<\/a><\/p>\n<p>V\u00fdsledky okresn\u00edho kola v PS 2011 &#8211; <a href=\"https:\/\/oshol.hasici-ol.cz\/wp-content\/uploads\/2010\/03\/Okresni-kolo-v-PS1.pdf\">Okresni kolo v PS<\/a><\/p>\n<p>Celkov\u00e9 v\u00fdsledky krajsk\u00e9ho kola v PS, Lipn\u00edk 21.8.2010 &#8211; <a href=\"..\/wp-content\/uploads\/2010\/03\/Kraj-muzi-2010.xls\">Kraj muzi 2010<\/a> + <a href=\"..\/wp-content\/uploads\/2010\/03\/Kraj-zeny-2010.xls\">Kraj zeny 2010<\/a><\/p>\n<p>V\u00fdsledky Okresn\u00edho kola v PS 2010 &#8211; <a href=\"https:\/\/oshol.hasici-ol.cz\/wp-content\/uploads\/2010\/03\/OKRES-OLO-20101.xls\">OKRES OLO 2010<\/a><\/p>","protected":false},"excerpt":{"rendered":"<p>2024 V\u00fdsledky sout\u011b\u017ee v PS &#8211; T\u0159inec 2023 V\u00fdsledky krajsk\u00e9ho kola v PS 3-4.6.2023 T\u0159inec &#8211; zde V\u00fdsledky okresn\u00edho kola v PS 2023, 21.5.2023 Olomouc: &nbsp;V\u00fdsledky &#8211; \u017deny jednotlivci, V\u00fdsledky &#8211; \u017eeny V\u00fdsledky &#8211; Mu\u017ei &hellip;<\/p>\n","protected":false},"author":1,"featured_media":0,"parent":32,"menu_order":2,"comment_status":"closed","ping_status":"closed","template":"","meta":{"ngg_post_thumbnail":0,"footnotes":""},"class_list":["post-36","page","type-page","status-publish","hentry"],"_links":{"self":[{"href":"https:\/\/oshol.hasici-ol.cz\/index.php?rest_route=\/wp\/v2\/pages\/36","targetHints":{"allow":["GET"]}}],"collection":[{"href":"https:\/\/oshol.hasici-ol.cz\/index.php?rest_route=\/wp\/v2\/pages"}],"about":[{"href":"https:\/\/oshol.hasici-ol.cz\/index.php?rest_route=\/wp\/v2\/types\/page"}],"author":[{"embeddable":true,"href":"https:\/\/oshol.hasici-ol.cz\/index.php?rest_route=\/wp\/v2\/users\/1"}],"replies":[{"embeddable":true,"href":"https:\/\/oshol.hasici-ol.cz\/index.php?rest_route=%2Fwp%2Fv2%2Fcomments&post=36"}],"version-history":[{"count":107,"href":"https:\/\/oshol.hasici-ol.cz\/index.php?rest_route=\/wp\/v2\/pages\/36\/revisions"}],"predecessor-version":[{"id":7662,"href":"https:\/\/oshol.hasici-ol.cz\/index.php?rest_route=\/wp\/v2\/pages\/36\/revisions\/7662"}],"up":[{"embeddable":true,"href":"https:\/\/oshol.hasici-ol.cz\/index.php?rest_route=\/wp\/v2\/pages\/32"}],"wp:attachment":[{"href":"https:\/\/oshol.hasici-ol.cz\/index.php?rest_route=%2Fwp%2Fv2%2Fmedia&parent=36"}],"curies":[{"name":"wp","href":"https:\/\/api.w.org\/{rel}","templated":true}]}}