{"id":3674,"date":"2015-03-14T09:26:31","date_gmt":"2015-03-14T09:26:31","guid":{"rendered":"http:\/\/oshol.hasici-ol.cz\/?page_id=3674"},"modified":"2018-09-12T13:53:53","modified_gmt":"2018-09-12T13:53:53","slug":"tfc-prihlaseni-k-soutezi","status":"publish","type":"page","link":"https:\/\/oshol.hasici-ol.cz\/?page_id=3674","title":{"rendered":"TFC p\u0159ihl\u00e1\u0161en\u00ed k sout\u011b\u017ei"},"content":{"rendered":"<p><a href=\"https:\/\/oshol.hasici-ol.cz\/wp-content\/uploads\/2018\/08\/OZ-100.-let-sout\u011b\u017ee.pdf\">O poh\u00e1r ke 100. v\u00fdro\u010d\u00ed vzniku \u010ceskoslovenska 22.9.2018<\/a><\/p>\n<p>Rezervace startovn\u00edho po\u0159ad\u00ed 22.9.2018:<\/p>\n<p><a href=\"https:\/\/www.firesport.eu\/rezervace-mista-olomouc-9949.html\">https:\/\/www.firesport.eu\/rezervace-mista-olomouc-9949.html<\/a> (vlastn\u00ed stroj)<\/p>\n<p><a href=\"https:\/\/www.firesport.eu\/rezervace-mista-olomouc-9950.html\">https:\/\/www.firesport.eu\/rezervace-mista-olomouc-9950.html<\/a> (Tohatsu stroj)<\/p>\n<p>&nbsp;<\/p>\n<p>&nbsp;<\/p>\n","protected":false},"excerpt":{"rendered":"<p>O poh\u00e1r ke 100. v\u00fdro\u010d\u00ed vzniku \u010ceskoslovenska 22.9.2018 Rezervace startovn\u00edho po\u0159ad\u00ed 22.9.2018: https:\/\/www.firesport.eu\/rezervace-mista-olomouc-9949.html (vlastn\u00ed stroj) https:\/\/www.firesport.eu\/rezervace-mista-olomouc-9950.html (Tohatsu stroj) &nbsp; &nbsp;<\/p>\n","protected":false},"author":2,"featured_media":0,"parent":880,"menu_order":0,"comment_status":"open","ping_status":"open","template":"","meta":{"ngg_post_thumbnail":0,"footnotes":""},"class_list":["post-3674","page","type-page","status-publish","hentry"],"_links":{"self":[{"href":"https:\/\/oshol.hasici-ol.cz\/index.php?rest_route=\/wp\/v2\/pages\/3674","targetHints":{"allow":["GET"]}}],"collection":[{"href":"https:\/\/oshol.hasici-ol.cz\/index.php?rest_route=\/wp\/v2\/pages"}],"about":[{"href":"https:\/\/oshol.hasici-ol.cz\/index.php?rest_route=\/wp\/v2\/types\/page"}],"author":[{"embeddable":true,"href":"https:\/\/oshol.hasici-ol.cz\/index.php?rest_route=\/wp\/v2\/users\/2"}],"replies":[{"embeddable":true,"href":"https:\/\/oshol.hasici-ol.cz\/index.php?rest_route=%2Fwp%2Fv2%2Fcomments&post=3674"}],"version-history":[{"count":41,"href":"https:\/\/oshol.hasici-ol.cz\/index.php?rest_route=\/wp\/v2\/pages\/3674\/revisions"}],"predecessor-version":[{"id":5363,"href":"https:\/\/oshol.hasici-ol.cz\/index.php?rest_route=\/wp\/v2\/pages\/3674\/revisions\/5363"}],"up":[{"embeddable":true,"href":"https:\/\/oshol.hasici-ol.cz\/index.php?rest_route=\/wp\/v2\/pages\/880"}],"wp:attachment":[{"href":"https:\/\/oshol.hasici-ol.cz\/index.php?rest_route=%2Fwp%2Fv2%2Fmedia&parent=3674"}],"curies":[{"name":"wp","href":"https:\/\/api.w.org\/{rel}","templated":true}]}}