{"id":38,"date":"2010-03-22T18:39:04","date_gmt":"2010-03-22T18:39:04","guid":{"rendered":"http:\/\/192.168.13.234\/?page_id=38"},"modified":"2010-11-29T19:28:51","modified_gmt":"2010-11-29T19:28:51","slug":"zapisy-z-jednani-organu-osh","status":"publish","type":"page","link":"https:\/\/oshol.hasici-ol.cz\/?page_id=38","title":{"rendered":"Z\u00e1pisy z jedn\u00e1n\u00ed org\u00e1n\u016f OSH"},"content":{"rendered":"<p>V kategorii Z\u00e1pisy z jedn\u00e1n\u00ed org\u00e1n\u016f OSH najdete v dan\u00fdch podkategori\u00edch v\u0161echny z\u00e1pisy, kter\u00e9 pro\u0161li p\u0159es ov\u011b\u0159ovatele z\u00e1pisu z dan\u00e9ho jedn\u00e1n\u00ed. Z tohoto d\u016fvodu budou z\u00e1pisy vkl\u00e1dany s mal\u00fdm \u010dasov\u00fdm prodlen\u00edm oproti term\u00ednu kon\u00e1n\u00ed. Z\u00e1pisy z jedn\u00e1n\u00ed v\u0161ech OOR budou vkl\u00e1d\u00e1ny do kategorie &#8222;Org\u00e1ny OSH&#8220; v\u017edy k p\u0159\u00edslu\u0161n\u00e9 rad\u011b (OKRR, OORV, OORM, OORP).<\/p>\n","protected":false},"excerpt":{"rendered":"<p>V kategorii Z\u00e1pisy z jedn\u00e1n\u00ed org\u00e1n\u016f OSH najdete v dan\u00fdch podkategori\u00edch v\u0161echny z\u00e1pisy, kter\u00e9 pro\u0161li p\u0159es ov\u011b\u0159ovatele z\u00e1pisu z dan\u00e9ho jedn\u00e1n\u00ed. Z tohoto d\u016fvodu budou z\u00e1pisy vkl\u00e1dany s mal\u00fdm \u010dasov\u00fdm prodlen\u00edm oproti term\u00ednu kon\u00e1n\u00ed. Z\u00e1pisy &hellip;<\/p>\n","protected":false},"author":1,"featured_media":0,"parent":0,"menu_order":6,"comment_status":"closed","ping_status":"closed","template":"","meta":{"ngg_post_thumbnail":0,"footnotes":""},"class_list":["post-38","page","type-page","status-publish","hentry"],"_links":{"self":[{"href":"https:\/\/oshol.hasici-ol.cz\/index.php?rest_route=\/wp\/v2\/pages\/38","targetHints":{"allow":["GET"]}}],"collection":[{"href":"https:\/\/oshol.hasici-ol.cz\/index.php?rest_route=\/wp\/v2\/pages"}],"about":[{"href":"https:\/\/oshol.hasici-ol.cz\/index.php?rest_route=\/wp\/v2\/types\/page"}],"author":[{"embeddable":true,"href":"https:\/\/oshol.hasici-ol.cz\/index.php?rest_route=\/wp\/v2\/users\/1"}],"replies":[{"embeddable":true,"href":"https:\/\/oshol.hasici-ol.cz\/index.php?rest_route=%2Fwp%2Fv2%2Fcomments&post=38"}],"version-history":[{"count":4,"href":"https:\/\/oshol.hasici-ol.cz\/index.php?rest_route=\/wp\/v2\/pages\/38\/revisions"}],"predecessor-version":[{"id":200,"href":"https:\/\/oshol.hasici-ol.cz\/index.php?rest_route=\/wp\/v2\/pages\/38\/revisions\/200"}],"wp:attachment":[{"href":"https:\/\/oshol.hasici-ol.cz\/index.php?rest_route=%2Fwp%2Fv2%2Fmedia&parent=38"}],"curies":[{"name":"wp","href":"https:\/\/api.w.org\/{rel}","templated":true}]}}