{"id":4,"date":"2010-03-22T18:35:29","date_gmt":"2010-03-22T18:35:29","guid":{"rendered":"http:\/\/192.168.13.234\/?page_id=4"},"modified":"2025-02-28T06:57:20","modified_gmt":"2025-02-28T06:57:20","slug":"uvod","status":"publish","type":"page","link":"https:\/\/oshol.hasici-ol.cz\/","title":{"rendered":"\u00davod"},"content":{"rendered":"<p>P\u0159\u00edjemn\u00fd den, pr\u00e1v\u011b jste vstoupili na str\u00e1nky, kter\u00e9 jsou ofici\u00e1ln\u00edmi str\u00e1nkami Okresn\u00edho sdru\u017een\u00ed hasi\u010d\u016f \u010cech, Moravy a Slezska okresu Olomouc. Okresn\u00ed sdru\u017een\u00ed hasi\u010d\u016f Olomouc je ob\u010dansk\u00e9 sdru\u017een\u00ed kter\u00e9 pod sebe soust\u0159ed\u00ed 137 sbor\u016f dobrovoln\u00fdch hasi\u010d\u016f s 6,4 tis\u00edci \u010dleny v okrese Olomouc.<\/p>\n<p>Na t\u011bchto str\u00e1nk\u00e1ch naleznete informace o \u010dinnosti a pr\u00e1ci jak okresn\u00edho sdru\u017een\u00ed tak i o akc\u00edch po\u0159\u00e1dan\u00fdch samotn\u00fdmi Sbory dobrovoln\u00fdch hasi\u010d\u016f v&nbsp;okrese. Naleznete zde slo\u017een\u00ed Okresn\u00edch odborn\u00fdch rad i V\u00fdkonn\u00e9ho v\u00fdboru a informace o jej\u00edch pr\u00e1ci, pot\u0159ebn\u00e9 info k&nbsp; sout\u011b\u017e\u00edm jak dosp\u011bl\u00fdch tak i d\u011bt\u00ed, z\u00edsk\u00e1te zde pot\u0159ebn\u00e9 kontakty na dal\u0161\u00ed sbory v okrese.<\/p>\n<p>Kancel\u00e1\u0159 OSH Olomouc se nach\u00e1z\u00ed v budov\u011b krajsk\u00e9ho \u0159editelstv\u00ed HZS Olomouck\u00e9ho kraje (Schweitzerova 91, Olomouc) &#8211; hlavn\u00edm vchodem okolo dozor\u010d\u00edho druh\u00e9 dve\u0159e vpravo (naproti schodi\u0161ti) .<strong> Kancel\u00e1\u0159 je otev\u0159ena v\u017edy v pond\u011bl\u00ed a ve st\u0159edu od 9.00 do 17.00 hod. Ostatn\u00ed dny po telefonick\u00e9 domluv\u011b. Telefon do kancel\u00e1\u0159e &#8211; 737 908 221 (V. \u0160vubov\u00e1), pevn\u00e1 linka 950 770 690. K zas\u00edl\u00e1n\u00ed \u010di z\u00edsk\u00e1n\u00ed informac\u00ed lze vyu\u017e\u00edt i emailovou adresu <a href=\"mailto:osh.olomouc@seznam.cz\">osh.olomouc@seznam.cz<\/a>, <\/strong><strong>Datov\u00e1 schr\u00e1nka:<\/strong>&nbsp;5zc7ttf<\/p>\n<p>V sekci &#8222;Informace od SDH&#8220; jsou zve\u0159ej\u0148ov\u00e1ny pozv\u00e1nky, propozice a ostatn\u00ed informace na akce po\u0159\u00e1dan\u00e9 V\u00e1mi samotn\u00fdmi sbory. V p\u0159\u00edpad\u011b z\u00e1jmu o um\u00edst\u011bn\u00ed Va\u0161ich informac\u00ed na tyto str\u00e1nky posta\u010d\u00ed tyto materi\u00e1ly zaslat na e-mail OSH Olomouc.<\/p>\n<p>V na\u0161\u00ed pr\u00e1ci n\u00e1s finan\u010dn\u011b podporuje Olomouck\u00fd kraj<\/p>\n<p><a href=\"https:\/\/oshol.hasici-ol.cz\/wp-content\/uploads\/2010\/03\/Logo_Olomouck\u00e9ho_kraje__sv\u011btl\u00e91.gif\"><img loading=\"lazy\" decoding=\"async\" class=\"alignnone size-medium wp-image-1125\" title=\"Logo_Olomouck\u00e9ho_kraje__sv\u011btl\u00e9\" src=\"https:\/\/oshol.hasici-ol.cz\/wp-content\/uploads\/2010\/03\/Logo_Olomouck\u00e9ho_kraje__sv\u011btl\u00e91-300x130.gif\" alt=\"\" width=\"189\" height=\"81\" srcset=\"https:\/\/oshol.hasici-ol.cz\/wp-content\/uploads\/2010\/03\/Logo_Olomouck\u00e9ho_kraje__sv\u011btl\u00e91-300x130.gif 300w, https:\/\/oshol.hasici-ol.cz\/wp-content\/uploads\/2010\/03\/Logo_Olomouck\u00e9ho_kraje__sv\u011btl\u00e91.gif 800w\" sizes=\"auto, (max-width: 189px) 100vw, 189px\" \/><\/a><\/p>\n<p>Olomouck\u00fd kraj v roce 2024 a letech minul\u00fdch v\u00fdrazn\u011b podpo\u0159il okresn\u00ed sdru\u017een\u00ed finan\u010dn\u00edmi \u010d\u00e1stkami na podporu chodu OSH i v\u00fdznamn\u00e9 akce po\u0159\u00e1dan\u00e9 na\u0161\u00ed organizac\u00ed, jako jsou Okresn\u00ed kolo hry Plamen a dorostu, Okresn\u00ed kolo v PS a v discipl\u00edn\u00e1ch TFA, Olomouck\u00fd drak, slavnostn\u00ed z\u00e1v\u011bre\u010dn\u00e9 vyhodnocen\u00ed Ligy MH. D\u00e1le Olomouck\u00fd kraj podporuje akce po\u0159\u00e1dan\u00e9 pro Zaslou\u017eil\u00e9 hasi\u010de a seniory na\u0161eho okresu.<\/p>\n<p>Fotky z n\u011bkter\u00fdch v\u00fd\u0161e uveden\u00fdch akc\u00ed najdete i ve fotogalerii.<\/p>\n","protected":false},"excerpt":{"rendered":"<p>P\u0159\u00edjemn\u00fd den, pr\u00e1v\u011b jste vstoupili na str\u00e1nky, kter\u00e9 jsou ofici\u00e1ln\u00edmi str\u00e1nkami Okresn\u00edho sdru\u017een\u00ed hasi\u010d\u016f \u010cech, Moravy a Slezska okresu Olomouc. Okresn\u00ed sdru\u017een\u00ed hasi\u010d\u016f Olomouc je ob\u010dansk\u00e9 sdru\u017een\u00ed kter\u00e9 pod sebe soust\u0159ed\u00ed 137 sbor\u016f dobrovoln\u00fdch hasi\u010d\u016f &hellip;<\/p>\n","protected":false},"author":1,"featured_media":0,"parent":0,"menu_order":1,"comment_status":"closed","ping_status":"closed","template":"","meta":{"ngg_post_thumbnail":0,"footnotes":""},"class_list":["post-4","page","type-page","status-publish","hentry"],"_links":{"self":[{"href":"https:\/\/oshol.hasici-ol.cz\/index.php?rest_route=\/wp\/v2\/pages\/4","targetHints":{"allow":["GET"]}}],"collection":[{"href":"https:\/\/oshol.hasici-ol.cz\/index.php?rest_route=\/wp\/v2\/pages"}],"about":[{"href":"https:\/\/oshol.hasici-ol.cz\/index.php?rest_route=\/wp\/v2\/types\/page"}],"author":[{"embeddable":true,"href":"https:\/\/oshol.hasici-ol.cz\/index.php?rest_route=\/wp\/v2\/users\/1"}],"replies":[{"embeddable":true,"href":"https:\/\/oshol.hasici-ol.cz\/index.php?rest_route=%2Fwp%2Fv2%2Fcomments&post=4"}],"version-history":[{"count":142,"href":"https:\/\/oshol.hasici-ol.cz\/index.php?rest_route=\/wp\/v2\/pages\/4\/revisions"}],"predecessor-version":[{"id":7717,"href":"https:\/\/oshol.hasici-ol.cz\/index.php?rest_route=\/wp\/v2\/pages\/4\/revisions\/7717"}],"wp:attachment":[{"href":"https:\/\/oshol.hasici-ol.cz\/index.php?rest_route=%2Fwp%2Fv2%2Fmedia&parent=4"}],"curies":[{"name":"wp","href":"https:\/\/api.w.org\/{rel}","templated":true}]}}