{"id":42,"date":"2010-03-22T18:39:36","date_gmt":"2010-03-22T18:39:36","guid":{"rendered":"http:\/\/192.168.13.234\/?page_id=42"},"modified":"2026-04-01T09:04:09","modified_gmt":"2026-04-01T09:04:09","slug":"shromazdeni-predstavitelu-sdh","status":"publish","type":"page","link":"https:\/\/oshol.hasici-ol.cz\/?page_id=42","title":{"rendered":"Shrom\u00e1\u017ed\u011bn\u00ed p\u0159edstavitel\u016f SDH"},"content":{"rendered":"<p>SP SDH OSH Jaro 2026 &#8211; <a href=\"https:\/\/oshol.hasici-ol.cz\/wp-content\/uploads\/2026\/04\/Zapis-SP-SDH-2026.docx\">Z\u00e1pis SP SDH 2026<\/a><\/p>\n<p>Foto ze SP SDH OSH &#8211; Troubelice 14.03.2026 &#8211;&nbsp;<a href=\"https:\/\/www.rajce.idnes.cz\/osh-olomouc\/album\/sp-sdh-osh-troubelice-14-03-2026\">https:\/\/www.rajce.idnes.cz\/osh-olomouc\/album\/sp-sdh-osh-troubelice-14-03-2026<\/a><\/p>\n<p>Foto ze SP SDH &#8211; P\u0159\u00edkazy 08.03.2024 &#8211;&nbsp;<a href=\"https:\/\/www.rajce.idnes.cz\/osh-olomouc\/album\/shromazdeni-predstavitelu-sdh-08-03-2024-prikazy\">https:\/\/www.rajce.idnes.cz\/osh-olomouc\/album\/shromazdeni-predstavitelu-sdh-08-03-2024-prikazy<\/a><\/p>\n<p><a href=\"https:\/\/oshol.hasici-ol.cz\/wp-content\/uploads\/2019\/12\/Z\u00e1pis-ze-SP-sbor\u016f-okresu-2019-11-02.pdf\">Z\u00e1pis ze SP sbor\u016f okresu 2019-11-02<\/a><\/p>\n<p><a href=\"https:\/\/oshol.hasici-ol.cz\/wp-content\/uploads\/2019\/12\/Z\u00e1pis-ze-SP-sbor\u016f-okresu-2019-03-02.pdf\">Z\u00e1pis ze SP sbor\u016f okresu 2019-03-02<\/a><\/p>\n<p>SP SDH okresu 2018 podzim v\u010d. p\u0159\u00edloh &#8211;&nbsp;<a href=\"https:\/\/oshol.hasici-ol.cz\/wp-content\/uploads\/2019\/02\/Z\u00e1pis_SD_SDH_2018_11_03.pdf\">Z\u00e1pis SD SDH 3.11.2018<\/a><\/p>\n<p>SP SDH okresu 2018 jaro v\u010d. p\u0159\u00edloh &#8211; <a href=\"https:\/\/oshol.hasici-ol.cz\/wp-content\/uploads\/2018\/03\/Z\u00e1pis-SP-SDH-3.3.2018-P\u0159\u00edkazy.pdf\">Z\u00e1pis SP SDH 3.3.2018 P\u0159\u00edkazy<\/a><\/p>\n<p>SP SDH okresu 2017 jaro v\u010d. p\u0159\u00edloh &#8211; <a href=\"https:\/\/oshol.hasici-ol.cz\/wp-content\/uploads\/2010\/03\/Z\u00e1pis-ze-SP-okresu-4.3.2017-v\u010d.-p\u0159\u00edloh.pdf\">Z\u00e1pis ze SP okresu 4.3.2017 v\u010d. p\u0159\u00edloh<\/a><\/p>\n<p>SP SDH okresu 2016 podzim v\u010d. p\u0159\u00edloh &#8211; <a href=\"https:\/\/oshol.hasici-ol.cz\/wp-content\/uploads\/2010\/03\/Z\u00e1pis-z-SPS-okresu-2016-11-053.pdf\">Z\u00e1pis z SPS okresu 2016-11-05<\/a><\/p>\n<p>SP SDH okresu 2016 jaro v\u010d. p\u0159\u00edloh &#8211; <a href=\"https:\/\/oshol.hasici-ol.cz\/wp-content\/uploads\/2010\/03\/Z\u00e1pis-z-SPS-okresu-2016-03-05.pdf\">Z\u00e1pis z SPS okresu 2016-03-05<\/a><\/p>\n<p>SP SDH okresu 2015 podzim v\u010d. p\u0159\u00edloh &#8211; <a href=\"https:\/\/oshol.hasici-ol.cz\/wp-content\/uploads\/2010\/03\/Z\u00e1pis-z-SPS-okresu-2015-11-14.pdf\">Z\u00e1pis z SPS okresu 2015-11-14<\/a><\/p>\n<p>SP SDH okresu 2014 podzim v\u010d. p\u0159\u00edloh &#8211; <a href=\"https:\/\/oshol.hasici-ol.cz\/wp-content\/uploads\/2010\/03\/Z\u00e1pis-z-SPS-okresu-2014-11-15.pdf\">Z\u00e1pis z SPS okresu 2014-11-15<\/a><\/p>\n<p>SP SDH okresu 2014 jaro v\u010d. p\u0159\u00edloh &#8211; <a href=\"https:\/\/oshol.hasici-ol.cz\/wp-content\/uploads\/2010\/03\/Z\u00e1pis-z-SPS-okresu-2014-03-15.pdf\">Z\u00e1pis z SPS okresu 2014-03-15<\/a><\/p>\n<p>SP SDH okresu 2013 podzim v\u010d. p\u0159\u00edloh &#8211; <a href=\"https:\/\/oshol.hasici-ol.cz\/wp-content\/uploads\/2010\/03\/Z\u00e1pis-z-SPS-okresu-2013-11-162.pdf\">Z\u00e1pis z SPS okresu 2013-11-16<\/a><\/p>\n<p>Jedn\u00e1n\u00ed OSH se starosty okrsk\u016f 31.10.2013 &#8211; <a href=\"https:\/\/oshol.hasici-ol.cz\/wp-content\/uploads\/2010\/03\/Setk\u00e1n\u00ed-starost\u016f-okrsk\u016f-31.-10.-20131.pdf\">Setk\u00e1n\u00ed starost\u016f okrsk\u016f 31. 10. 2013<\/a><\/p>\n<p>SP SDH okresu 2013 jaro v\u010d. p\u0159\u00edloh &#8211; <a href=\"https:\/\/oshol.hasici-ol.cz\/wp-content\/uploads\/2010\/03\/Z\u00e1pis-z-SPS-okresu-2013-03-16.pdf\">Z\u00e1pis z SPS okresu 2013-03-16<\/a><\/p>\n<p>SP SDH okresu 2012 podzim v\u010d. p\u0159\u00edloh &#8211; <a href=\"https:\/\/oshol.hasici-ol.cz\/wp-content\/uploads\/2010\/03\/Z\u00e1pis-z-SPS-okresu-2012-11-17.pdf\">Z\u00e1pis z SPS okresu 2012-11-17<\/a><\/p>\n<p>SP SDH okresu 2012 jaro &#8211; <a href=\"https:\/\/oshol.hasici-ol.cz\/wp-content\/uploads\/2010\/03\/Z\u00e1pis-z-SPS-okresu-2012-04-073.pdf\">Z\u00e1pis z SPS okresu 2012-04-07<\/a><\/p>\n<p>Jedn\u00e1n\u00ed OSH se starosty okrsk\u016f 16.3.2012 &#8211; <a href=\"https:\/\/oshol.hasici-ol.cz\/wp-content\/uploads\/2010\/03\/Z\u00e1pis-starostov\u00e9-okrsk\u016f-16.3.20121.pdf\">Z\u00e1pis starostov\u00e9 okrsk\u016f 16.3.2012<\/a><\/p>\n<p>SP SDH okresu 2011 podzim &#8211; <a href=\"https:\/\/oshol.hasici-ol.cz\/wp-content\/uploads\/2010\/03\/Z\u00e1pis-z-SPS-okresu-2011-11-121.pdf\">Z\u00e1pis z SPS okresu 2011-11-12<\/a><\/p>\n<p>SP SDH okresu 2011 jaro &#8211; <a href=\"https:\/\/oshol.hasici-ol.cz\/wp-content\/uploads\/2010\/03\/Z\u00e1pis-z-SPS-okresu-2011-03-267.pdf\">Z\u00e1pis z SPS okresu 2011-03-26<\/a><\/p>\n<p>SP SDH okresu 2010 podzim &#8211; <a href=\"https:\/\/oshol.hasici-ol.cz\/wp-content\/uploads\/2010\/03\/Z\u00e1pis-z-SPS-okresu-2010-11-271.doc\">Z\u00e1pis z SPS okresu 2010-11-27<\/a><\/p>\n<p>SP SDH okresu 2009 podzim &#8211; <a href=\"https:\/\/oshol.hasici-ol.cz\/wp-content\/uploads\/2010\/03\/Zapis-z-SPS-okresu-2009-10-31.pdf\">Zapis z SPS okresu 2009-10-31<\/a><\/p>\n<p>SP SDH okresu 2009 jaro &#8211; <a href=\"https:\/\/oshol.hasici-ol.cz\/wp-content\/uploads\/2010\/03\/Zapis-z-SPS-okresu-2009-03-14.pdf\">Zapis z SPS okresu 2009-03-14<\/a><\/p>\n<p>SP SDH okresu 2008 &#8211; <a href=\"https:\/\/oshol.hasici-ol.cz\/wp-content\/uploads\/2010\/03\/Zapis-z-SPS-okresu-2008-11-22.pdf\">Zapis z SPS okresu 2008-11-22<\/a><\/p>\n<p>SP SDH okresu 2007 podzim &#8211; <a href=\"https:\/\/oshol.hasici-ol.cz\/wp-content\/uploads\/2010\/03\/Zapis-z-SPS-okresu-2007-11-17.pdf\">Zapis z SPS okresu 2007-11-17<\/a><\/p>\n<p>SP SDH okresu 2007 jaro &#8211; <a href=\"https:\/\/oshol.hasici-ol.cz\/wp-content\/uploads\/2010\/03\/Zapis-z-SPS-okresu-2007-03-24.pdf\">Zapis z SPS okresu 2007-03-24<\/a><\/p>\n<p>SP SDH okresu 2006 podzim &#8211; <a href=\"https:\/\/oshol.hasici-ol.cz\/wp-content\/uploads\/2010\/03\/Zapis-z-SPS-okresu-2006-11-30.pdf\">Zapis z SPS okresu 2006-11-30<\/a><\/p>\n<p>SP SDH okresu 2006 jaro &#8211; <a href=\"https:\/\/oshol.hasici-ol.cz\/wp-content\/uploads\/2010\/03\/Zapis-z-SPS-okresu-2006-03-23.pdf\">Zapis z SPS okresu 2006-03-23<\/a><\/p>\n<p>SP SDH okresu 2005 podzim &#8211; <a href=\"https:\/\/oshol.hasici-ol.cz\/wp-content\/uploads\/2010\/03\/Zapis-z-SPS-okresu-2005-12-02.pdf\">Zapis z SPS okresu 2005-12-02<\/a><\/p>\n<p>SP SDH okresu 2004 jaro &#8211; <a href=\"https:\/\/oshol.hasici-ol.cz\/wp-content\/uploads\/2010\/03\/Z\u00e1pisusneseni-SP-SDH-29.4.2004.pdf\">Z\u00e1pis,usneseni SP SDH 29.4.2004<\/a><\/p>\n<p>SP SDH okresu 2003 podzim &#8211; <a href=\"https:\/\/oshol.hasici-ol.cz\/wp-content\/uploads\/2010\/03\/Z\u00e1pisusneseni-SP-SDH-11.12.2003.pdf\">Z\u00e1pis,usneseni SP SDH 11.12.2003<\/a><\/p>\n<p>SP SDH okresu 2003 jaro &#8211; <a href=\"https:\/\/oshol.hasici-ol.cz\/wp-content\/uploads\/2010\/03\/Z\u00e1pis-usneseni-SP-SDH-8.4.2003.pdf\">Z\u00e1pis, usneseni SP SDH 8.4.2003<\/a><\/p>\n<p>SP SDH okresu 2002 podzim &#8211; <a href=\"https:\/\/oshol.hasici-ol.cz\/wp-content\/uploads\/2010\/03\/Zapis-usneseni-SPSDH-28.11.2002.pdf\">Zapis, usneseni SPSDH 28.11.2002<\/a><\/p>\n<p>SP SDH okresu 2001 jaro &#8211; <a href=\"https:\/\/oshol.hasici-ol.cz\/wp-content\/uploads\/2010\/03\/Z\u00e1pis-a-usnesen\u00ed-SP-SDH-4.4.2001.pdf\">Z\u00e1pis a usnesen\u00ed SP SDH 4.4.2001<\/a><\/p>\n<p>SP SDH okresu 2000 podzim&nbsp;&#8211; <a href=\"https:\/\/oshol.hasici-ol.cz\/wp-content\/uploads\/2010\/03\/Zapis-usneseni-SP-SDH-30.11.2000.pdf\">Zapis usneseni SP SDH 30.11.2000<\/a><\/p>\n","protected":false},"excerpt":{"rendered":"<p>SP SDH OSH Jaro 2026 &#8211; Z\u00e1pis SP SDH 2026 Foto ze SP SDH OSH &#8211; Troubelice 14.03.2026 &#8211;&nbsp;https:\/\/www.rajce.idnes.cz\/osh-olomouc\/album\/sp-sdh-osh-troubelice-14-03-2026 Foto ze SP SDH &#8211; P\u0159\u00edkazy 08.03.2024 &#8211;&nbsp;https:\/\/www.rajce.idnes.cz\/osh-olomouc\/album\/shromazdeni-predstavitelu-sdh-08-03-2024-prikazy Z\u00e1pis ze SP sbor\u016f okresu 2019-11-02 Z\u00e1pis ze &hellip;<\/p>\n","protected":false},"author":1,"featured_media":0,"parent":38,"menu_order":2,"comment_status":"closed","ping_status":"closed","template":"","meta":{"ngg_post_thumbnail":0,"footnotes":""},"class_list":["post-42","page","type-page","status-publish","hentry"],"_links":{"self":[{"href":"https:\/\/oshol.hasici-ol.cz\/index.php?rest_route=\/wp\/v2\/pages\/42","targetHints":{"allow":["GET"]}}],"collection":[{"href":"https:\/\/oshol.hasici-ol.cz\/index.php?rest_route=\/wp\/v2\/pages"}],"about":[{"href":"https:\/\/oshol.hasici-ol.cz\/index.php?rest_route=\/wp\/v2\/types\/page"}],"author":[{"embeddable":true,"href":"https:\/\/oshol.hasici-ol.cz\/index.php?rest_route=\/wp\/v2\/users\/1"}],"replies":[{"embeddable":true,"href":"https:\/\/oshol.hasici-ol.cz\/index.php?rest_route=%2Fwp%2Fv2%2Fcomments&post=42"}],"version-history":[{"count":48,"href":"https:\/\/oshol.hasici-ol.cz\/index.php?rest_route=\/wp\/v2\/pages\/42\/revisions"}],"predecessor-version":[{"id":7922,"href":"https:\/\/oshol.hasici-ol.cz\/index.php?rest_route=\/wp\/v2\/pages\/42\/revisions\/7922"}],"up":[{"embeddable":true,"href":"https:\/\/oshol.hasici-ol.cz\/index.php?rest_route=\/wp\/v2\/pages\/38"}],"wp:attachment":[{"href":"https:\/\/oshol.hasici-ol.cz\/index.php?rest_route=%2Fwp%2Fv2%2Fmedia&parent=42"}],"curies":[{"name":"wp","href":"https:\/\/api.w.org\/{rel}","templated":true}]}}