{"id":44,"date":"2010-03-22T18:39:55","date_gmt":"2010-03-22T18:39:55","guid":{"rendered":"http:\/\/192.168.13.234\/?page_id=44"},"modified":"2020-05-27T10:43:43","modified_gmt":"2020-05-27T10:43:43","slug":"shromazdeni-delegatu-sdh","status":"publish","type":"page","link":"https:\/\/oshol.hasici-ol.cz\/?page_id=44","title":{"rendered":"Shrom\u00e1\u017ed\u011bn\u00ed deleg\u00e1t\u016f SDH"},"content":{"rendered":"<p><strong>2020<\/strong><\/p>\n<p>Z\u00e1pis ze SD SDH 7.3.2020 &#8211;&nbsp;<a href=\"https:\/\/oshol.hasici-ol.cz\/wp-content\/uploads\/2020\/05\/Z\u00e1pisSDSDH2020-2.pdf\">Z\u00e1pis SD SDH 2020<\/a><\/p>\n<p>Usnesen\u00ed SD SDH 7.3.2020 &#8211;&nbsp;<a href=\"https:\/\/oshol.hasici-ol.cz\/wp-content\/uploads\/2020\/04\/Usnesen\u00ed-z-SD-SDH-OSH-Olomouc-07_03_2020.pdf\">Usnesen\u00ed z SD SDH OSH Olomouc<\/a><\/p>\n<p><strong>2015<\/strong><\/p>\n<p>Usnesen\u00ed SD SDH 21.3.2015 &#8211; <a href=\"https:\/\/oshol.hasici-ol.cz\/wp-content\/uploads\/2010\/03\/Usnesen\u00ed-SD-SDH-OSH-Olomouc1.pdf\">Usnesen\u00ed SD SDH OSH Olomouc<\/a><\/p>\n<p>Z\u00e1pis ze SD SDH 21.3.2015 v\u010d. p\u0159\u00edloh &#8211; <a href=\"https:\/\/oshol.hasici-ol.cz\/wp-content\/uploads\/2010\/03\/Z\u00e1pis-SD-SDH-20155.pdf\">Z\u00e1pis SD SDH 2015<\/a><\/p>\n<p><strong>2012<\/strong><\/p>\n<p>Z\u00e1pis z mimo\u0159\u00e1dn\u00e9ho Shrom\u00e1\u017ed\u011bn\u00ed deleg\u00e1t\u016f 25.5.2012 &#8211; <a href=\"https:\/\/oshol.hasici-ol.cz\/wp-content\/uploads\/2010\/03\/Z\u00e1pis-MSD-SDH-25.5.20121.pdf\">Z\u00e1pis MSD SDH 25.5.2012<\/a><\/p>\n<p>Usnesem\u00ed MSD SDH 25.5.2012 &#8211; <a href=\"https:\/\/oshol.hasici-ol.cz\/wp-content\/uploads\/2010\/03\/Usnesen\u00ed-MSD-SDH-25.5.2012.pdf\">Usnesen\u00ed MSD SDH 25.5.2012<\/a><\/p>\n<p><strong>2010<\/strong><\/p>\n<p>Z\u00e1pis ze Shrom\u00e1\u017ed\u011bn\u00ed deleg\u00e1t\u016f 27.3.2010 &#8211; <a href=\"https:\/\/oshol.hasici-ol.cz\/wp-content\/uploads\/2010\/03\/OSD-SDH-20101.doc\">OSD SDH 2010<\/a><\/p>\n<p>Usnesen\u00ed z Shrom\u00e1\u017ed\u011bn\u00ed deleg\u00e1t\u016f 27.3.2010 &#8211; <a href=\"https:\/\/oshol.hasici-ol.cz\/wp-content\/uploads\/2010\/03\/USNESENI-SH-CMS-27.3.101.doc\">USNESENI SH CMS 27.3.10<\/a><\/p>\n<p><strong>2000<\/strong><\/p>\n<p>Usnesen\u00ed Shrom\u00e1\u017ed\u011bn\u00ed deleg\u00e1t\u016f 11.3.2000 &#8211; <a href=\"https:\/\/oshol.hasici-ol.cz\/wp-content\/uploads\/2010\/03\/Usnesen\u00ed-SD-SDH-11.3.2000.pdf\">Usnesen\u00ed SD SDH 11.3.2000<\/a><\/p>\n","protected":false},"excerpt":{"rendered":"<p>2020 Z\u00e1pis ze SD SDH 7.3.2020 &#8211;&nbsp;Z\u00e1pis SD SDH 2020 Usnesen\u00ed SD SDH 7.3.2020 &#8211;&nbsp;Usnesen\u00ed z SD SDH OSH Olomouc 2015 Usnesen\u00ed SD SDH 21.3.2015 &#8211; Usnesen\u00ed SD SDH OSH Olomouc Z\u00e1pis ze SD SDH &hellip;<\/p>\n","protected":false},"author":1,"featured_media":0,"parent":38,"menu_order":3,"comment_status":"closed","ping_status":"closed","template":"","meta":{"ngg_post_thumbnail":0,"footnotes":""},"class_list":["post-44","page","type-page","status-publish","hentry"],"_links":{"self":[{"href":"https:\/\/oshol.hasici-ol.cz\/index.php?rest_route=\/wp\/v2\/pages\/44","targetHints":{"allow":["GET"]}}],"collection":[{"href":"https:\/\/oshol.hasici-ol.cz\/index.php?rest_route=\/wp\/v2\/pages"}],"about":[{"href":"https:\/\/oshol.hasici-ol.cz\/index.php?rest_route=\/wp\/v2\/types\/page"}],"author":[{"embeddable":true,"href":"https:\/\/oshol.hasici-ol.cz\/index.php?rest_route=\/wp\/v2\/users\/1"}],"replies":[{"embeddable":true,"href":"https:\/\/oshol.hasici-ol.cz\/index.php?rest_route=%2Fwp%2Fv2%2Fcomments&post=44"}],"version-history":[{"count":18,"href":"https:\/\/oshol.hasici-ol.cz\/index.php?rest_route=\/wp\/v2\/pages\/44\/revisions"}],"predecessor-version":[{"id":5962,"href":"https:\/\/oshol.hasici-ol.cz\/index.php?rest_route=\/wp\/v2\/pages\/44\/revisions\/5962"}],"up":[{"embeddable":true,"href":"https:\/\/oshol.hasici-ol.cz\/index.php?rest_route=\/wp\/v2\/pages\/38"}],"wp:attachment":[{"href":"https:\/\/oshol.hasici-ol.cz\/index.php?rest_route=%2Fwp%2Fv2%2Fmedia&parent=44"}],"curies":[{"name":"wp","href":"https:\/\/api.w.org\/{rel}","templated":true}]}}