{"id":49,"date":"2010-03-22T18:40:34","date_gmt":"2010-03-22T18:40:34","guid":{"rendered":"http:\/\/192.168.13.234\/?page_id=49"},"modified":"2022-06-29T12:14:18","modified_gmt":"2022-06-29T12:14:18","slug":"tiskopisy","status":"publish","type":"page","link":"https:\/\/oshol.hasici-ol.cz\/?page_id=49","title":{"rendered":"TISKOPISY"},"content":{"rendered":"<p>&nbsp;<\/p>\n<p><span style=\"color: #000000;\"><strong>Spolkov\u00fd rejst\u0159\u00edk:<\/strong><\/span><\/p>\n<p>Pln\u00e1 moc k tiskopis\u016fm do ve\u0159ejn\u00e9ho rejst\u0159\u00edku &#8211; <a href=\"https:\/\/oshol.hasici-ol.cz\/wp-content\/uploads\/2022\/06\/Plna-moc_preregistrace.pdf\">Pln\u00e1 moc p\u0159eregistrace<\/a><br \/>\n<strong>Bli\u017e\u0161\u00ed info k pln\u00e9 moci:<\/strong> <strong><a href=\"https:\/\/www.dh.cz\/index.php\/usek-vnitroorganizacni\/dokumenty\/1723-plna-moc-k-tiskopisum-do-verejneho-rejstriku\" target=\"_blank\" rel=\"noopener\">ZDE<\/a><\/strong><\/p>\n<p>Souhlas se s\u00eddlem (SDH) &#8211;&nbsp;<a href=\"https:\/\/oshol.hasici-ol.cz\/wp-content\/uploads\/2018\/03\/souhlas-se-sidlem-sdh-2015.doc\">souhlas-se-sidlem-sdh<\/a><\/p>\n<p>Souhlas se s\u00eddlem (FO) &#8211;&nbsp;<a href=\"https:\/\/oshol.hasici-ol.cz\/wp-content\/uploads\/2018\/03\/SOUHLAS-se-s\u00eddlem-fyzick\u00e1-osoba.doc\">SOUHLAS se s\u00eddlem &#8211; fyzick\u00e1 osoba<\/a><\/p>\n<p>Souhlas se z\u00e1pisem do spolkov\u00e9ho rejst\u0159\u00edku &#8211;&nbsp;<a href=\"https:\/\/oshol.hasici-ol.cz\/wp-content\/uploads\/2018\/03\/souhlas-se-z\u00e1pisem-do-spolkov\u00e9ho-rejst\u0159\u00edku.doc\">souhlas se z\u00e1pisem do spolkov\u00e9ho rejst\u0159\u00edku<\/a><\/p>\n<p>\u010cestn\u00e9 prohl\u00e1\u0161en\u00ed &#8211;&nbsp;<a href=\"https:\/\/oshol.hasici-ol.cz\/wp-content\/uploads\/2018\/03\/\u010destn\u00e9-prohl\u00e1\u0161en\u00ed.doc\">\u010destn\u00e9 prohl\u00e1\u0161en\u00ed<\/a><\/p>\n<p>V\u00fdpis z usnesen\u00ed valn\u00fdch hromad SDH &#8211;&nbsp;<a href=\"https:\/\/oshol.hasici-ol.cz\/wp-content\/uploads\/2018\/03\/vypis-z-usneseni-vh-sdh-2015.doc\">vypis-z-usneseni-vh-sdh<\/a><\/p>\n<p>P\u0159\u00edloha k registra\u010dn\u00edmu listu SDH &#8211;&nbsp;<a href=\"https:\/\/oshol.hasici-ol.cz\/wp-content\/uploads\/2010\/03\/P\u0159\u00edloha-k-RL-SDH.xls\">P\u0159\u00edloha k RL-SDH<\/a><\/p>\n<hr>\n<p><strong>P\u0159ehled o majetku a z\u00e1vazc\u00edch:<\/strong><\/p>\n<p><a href=\"https:\/\/oshol.hasici-ol.cz\/wp-content\/uploads\/2010\/03\/P\u0159ehled-o-majetku-a-z\u00e1vazc\u00edch1.xlsx\">P\u0159ehled o majetku a z\u00e1vazc\u00edch<\/a>&nbsp;+ <a href=\"https:\/\/oshol.hasici-ol.cz\/wp-content\/uploads\/2010\/03\/Metodicky-pokyn.doc\">Metodicky pokyn<\/a><\/p>\n<hr>\n<h3><span style=\"color: #000000;\"><strong><span style=\"color: #ff0000;\">Hl\u00e1\u0161en\u00ed \u00faraz\u016f:<\/span><br \/>\n<\/strong><\/span><\/h3>\n<p>&nbsp;<\/p>\n<p><strong>Pro ur\u010den\u00ed, kterou pojistku uplatnit p\u0159i od\u0161kodn\u011bn\u00ed \u00farazu \u010dlena SH \u010cMS je z\u00e1sadn\u00ed DRUH \u010cINNOSTI, p\u0159i kter\u00e9 se \u00faraz stal.<\/strong><\/p>\n<p>&nbsp;<\/p>\n<p><span style=\"color: #ff0000;\"><strong>Mlad\u00ed hasi\u010di do 18. let v\u011bku:<\/strong><\/span><\/p>\n<p><strong>Pojistn\u00e1 smlouva \u010d. 0259492692 Generali Poji\u0161\u0165ovna a.s.,<\/strong><\/p>\n<p><a href=\"https:\/\/www.dh.cz\/index.php\/pojisteni\/516-pojistna-smlouva-pro-mlade-hasice-generali-platnost-od-1-1-2018\">https:\/\/www.dh.cz\/index.php\/pojisteni\/516-pojistna-smlouva-pro-mlade-hasice-generali-platnost-od-1-1-2018<\/a><\/p>\n<p>Jedn\u00e1 se zejm\u00e9na o \u00farazy, ke kter\u00fdm dojde p\u0159i&nbsp;<strong>VOLNO\u010cASOV\u00c9 A VZD\u011aL\u00c1VAC\u00cd \u010dinnosti mlad\u00fdch hasi\u010d\u016f<\/strong>:<\/p>\n<ol>\n<li>a)&nbsp;<strong>ve\u0161ker\u00e9 volno\u010dasov\u00e9 a vzd\u011bl\u00e1vac\u00ed akce a pravideln\u00e9 sch\u016fzky kolektivu MH<\/strong>;<\/li>\n<li>b) p\u0159\u00edprava a aktivn\u00ed \u00fa\u010dast na akc\u00edch v \u010cR nebo v zahrani\u010d\u00ed (zejm\u00e9na akc\u00edch kulturn\u00edch, turistick\u00fdch, rekrea\u010dn\u00edch a v\u0161eobecn\u011b pohybov\u00fdch, v\u00fdlety, t\u00e1bory, v\u00edkendovky);<\/li>\n<li>c) brig\u00e1dy organizovan\u00e9 pojistn\u00edkem a\/nebo poji\u0161t\u011bn\u00fdmi organizacemi;<\/li>\n<li>d) spole\u010dn\u00e9 cesty po\u0159\u00e1dan\u00e9 pojistn\u00edkem a\/nebo poji\u0161t\u011bn\u00fdmi organizacemi do m\u00edsta a z m\u00edsta \u010dinnosti dle p\u0159ede\u0161l\u00fdch bod\u016f;<\/li>\n<\/ol>\n<p><strong>Formul\u00e1\u0159: <a href=\"https:\/\/oshol.hasici-ol.cz\/wp-content\/uploads\/2021\/08\/pojisteni-CRDM-2018-2021-oznameni-urazu.pdf\">pojisteni-CRDM-2018-2021-oznameni-urazu<\/a><\/strong><\/p>\n<p>&nbsp;<\/p>\n<p><strong>Pojistn\u00e1 smlouva \u010d. 1310001770 Poji\u0161\u0165ovna VZP, a.s.,<\/strong><\/p>\n<p><a href=\"https:\/\/www.dh.cz\/index.php\/pojisteni\/966-urazove-pojisteni-pro-sportovni-cinnost\">https:\/\/www.dh.cz\/index.php\/pojisteni\/966-urazove-pojisteni-pro-sportovni-cinnost<\/a><\/p>\n<p>Poji\u0161t\u011bn\u00ed se t\u00fdk\u00e1 \u00faraz\u016f, ke kter\u00fdm dojde p\u0159i&nbsp;<strong>SPORTOVN\u00cd \u010cINNOSTI<\/strong>:<\/p>\n<ol>\n<li>a) po\u0159\u00e1d\u00e1n\u00ed sportovn\u00edch akc\u00edch \u2013 sportovn\u00ed discipl\u00edny hry Plamen a dorostu;<\/li>\n<li>b) p\u0159\u00edpravy na sportovn\u00ed akce \u2013 sportovn\u00ed discipl\u00edny hry Plamen a dorostu;<\/li>\n<li>c) sportovn\u00ed sout\u011b\u017ee \u2013 sportovn\u00ed discipl\u00edny hry Plamen a dorostu;<\/li>\n<li>d<strong>) tr\u00e9ninky<\/strong>&nbsp;sportovn\u00edch discipl\u00edn hry Plamen a dorostu;<\/li>\n<li>e) n\u00e1borov\u00e9 i propaga\u010dn\u00ed akce pro sportovn\u00ed \u010dinnost atd.<\/li>\n<\/ol>\n<p><span style=\"color: #ff0000;\">Poji\u0161t\u011bn\u00ed se prim\u00e1rn\u011b vztahuje na registrovan\u00e9 sportovce.<\/span><\/p>\n<p><strong>Formul\u00e1\u0159: <\/strong><a href=\"https:\/\/oshol.hasici-ol.cz\/wp-content\/uploads\/2021\/08\/Oznameni_skodni_udalosti_kolektivni_urazove_pojisteni-1.pdf\">Oznameni_skodni_udalosti_kolektivni_urazove_pojisteni<\/a><\/p>\n<p>&nbsp;<\/p>\n<p><span style=\"color: #ff0000;\"><strong>Hasi\u010di od 18. let v\u011bku:<\/strong><\/span><\/p>\n<p><strong>Pojistn\u00e1 smlouva \u010d. 0011-304-083 Hasi\u010dsk\u00e1 vz\u00e1jemn\u00e1 poji\u0161\u0165ovna a.s.<\/strong><\/p>\n<p><a href=\"https:\/\/www.dh.cz\/index.php\/pojisteni\/324-hvp-pojistna-smlouva-uraz-platnost-od-1-1-2013\">https:\/\/www.dh.cz\/index.php\/pojisteni\/324-hvp-pojistna-smlouva-uraz-platnost-od-1-1-2013<\/a><\/p>\n<p>Poji\u0161t\u011bn\u00ed se t\u00fdk\u00e1 \u00faraz\u016f, ke kter\u00fdm dojde p\u0159i&nbsp;<strong>V\u0160EOBECN\u00c9 HLAVN\u00cd SPOLKOV\u00c9 \u010cINNOSTI<\/strong>:<\/p>\n<ol>\n<li>a) spole\u010dn\u00e9 hromadn\u00e9 akce a jedn\u00e1n\u00ed;<\/li>\n<li>b) p\u0159\u00edprava a aktivn\u00ed \u00fa\u010dast na kulturn\u00edch a rekrea\u010dn\u00edch akc\u00edch;<\/li>\n<li>c) kr\u00e1tkodob\u00e9 brig\u00e1dy organizovan\u00e9 pojistn\u00edkem anebo organiza\u010dn\u00edmi jednotkami SH \u010cMS;<\/li>\n<li>d) obecn\u00e9 organizovan\u00e9 pohybov\u00e9 aktivity s&nbsp;v\u00fdjimkou sportovn\u00edch akc\u00ed v&nbsp;po\u017e\u00e1rn\u00edm sportu nebo klasick\u00fdch discipl\u00edn\u00e1ch CTIF (fotbalov\u00e9, nohejbalov\u00e9 a jin\u00e9 turnaje, hromadn\u00e9 b\u011bhy organizovan\u00e9 jako spolkov\u00e1 akce a dal\u0161\u00ed);<\/li>\n<li>e) z\u00e1sahov\u00e1 \u010dinnosti \u010dlen\u016f SDH SH \u010cMS za\u0159azen\u00fdch v Jednotce SDH obce (d\u00e1le jen \u201eJSDHO\u201c);<\/li>\n<li>f) spole\u010dn\u00e9 cesty na akce po\u0159\u00e1dan\u00e9 pojistn\u00edkem anebo poji\u0161t\u011bn\u00fdmi SDH SH \u010cMS od m\u00edsta hromadn\u00e9ho srazu do m\u00edsta \u010dinnosti a zp\u011bt s v\u00fdjimkou \u010dinnosti JSDHO. V p\u0159\u00edpad\u011b \u010dinnosti JSDHO pojistn\u00e1 ochrana za\u010d\u00edn\u00e1 vyhl\u00e1\u0161en\u00edm poplachu a kon\u010d\u00ed n\u00e1vratem do s\u00eddla zasahuj\u00edc\u00ed jednotky;<\/li>\n<li>g) ud\u00e1losti, kter\u00e9 nastaly b\u011bhem \u010dinnosti dobrovoln\u00edk\u016f z&nbsp;\u0159ad \u010dlen\u016f SDH SH \u010cMS, kte\u0159\u00ed poskytuj\u00ed osobn\u00ed pomoc p\u0159i zaji\u0161\u0165ov\u00e1n\u00ed \u00fakol\u016f ochrany obyvatelstva v&nbsp;p\u0159\u00edpad\u011b mimo\u0159\u00e1dn\u00e9 ud\u00e1losti ve sv\u00e9 obci na v\u00fdzvu velitele z\u00e1sahu, velitele JSDHO s&nbsp;v\u011bdom\u00edm velitele z\u00e1sahu nebo starosty obce. Pojistn\u00e9 ochrana za\u010d\u00edn\u00e1 povol\u00e1n\u00edm na m\u00edsto v\u00fdkonu \u010dinnosti a kon\u010d\u00ed ukon\u010den\u00edm t\u00e9to \u010dinnosti;<\/li>\n<li>h) v\u00fdkon funkce jednotliv\u00fdch funkcion\u00e1\u0159\u016f;<\/li>\n<li>i) v\u00fdkon funkce vedouc\u00edch ml\u00e1de\u017ee a dal\u0161\u00edch pedagogick\u00fdch a jin\u00fdch pracovn\u00edk\u016f (nap\u0159. pracovn\u00edci na t\u00e1bo\u0159e) v\u010detn\u011b samostatn\u00fdch cest z m\u00edst bydli\u0161t\u011b nebo pracovi\u0161t\u011b do m\u00edsta \u010dinnosti a zp\u011bt;<\/li>\n<li>j) poji\u0161t\u011bn\u00ed se&nbsp;<strong>nevztahuje<\/strong>&nbsp;na pojistn\u00e9 ud\u00e1losti, kter\u00e9 nastaly p\u0159i p\u0159\u00edprav\u011b a aktivn\u00ed \u00fa\u010dasti na sportovn\u00edch akc\u00edch v&nbsp;po\u017e\u00e1rn\u00edm sportu a klasick\u00fdch discipl\u00edn\u00e1ch CTIF.<\/li>\n<\/ol>\n<p><strong>Formul\u00e1\u0159:&nbsp;<\/strong><a href=\"https:\/\/oshol.hasici-ol.cz\/wp-content\/uploads\/2021\/08\/oznameni.doc\">oznameni o pojistne udalosti<\/a><\/p>\n<p>&nbsp;<\/p>\n<p><strong>Pojistn\u00e1 smlouva \u010d. 1310001770 Poji\u0161\u0165ovna VZP, a.s.,<\/strong><\/p>\n<p><a href=\"https:\/\/www.dh.cz\/index.php\/pojisteni\/966-urazove-pojisteni-pro-sportovni-cinnost\">https:\/\/www.dh.cz\/index.php\/pojisteni\/966-urazove-pojisteni-pro-sportovni-cinnost<\/a><\/p>\n<p>Poji\u0161t\u011bn\u00ed se t\u00fdk\u00e1 \u00faraz\u016f, ke kter\u00fdm dojde p\u0159i&nbsp;<strong>SPORTOVN\u00cd \u010cINNOSTI<\/strong>:<\/p>\n<ol>\n<li>a) po\u0159\u00e1d\u00e1n\u00ed sportovn\u00edch akc\u00edch \u2013 po\u017e\u00e1rn\u00ed sport a klasick\u00e9 discipl\u00edny CTIF;<\/li>\n<li>b) p\u0159\u00edpravy na sportovn\u00ed akce \u2013 po\u017e\u00e1rn\u00ed sport a klasick\u00e9 discipl\u00edny CTIF;<\/li>\n<li>c) sportovn\u00ed sout\u011b\u017ee \u2013 po\u017e\u00e1rn\u00ed sport a klasick\u00e9 discipl\u00edny CTIF;<\/li>\n<li>d) tr\u00e9ninky \u2013 po\u017e\u00e1rn\u00ed sport a klasick\u00e9 discipl\u00edny CTIF;<\/li>\n<li>e) n\u00e1borov\u00e9 i propaga\u010dn\u00ed akce pro sportovn\u00ed \u010dinnost atd.<\/li>\n<li>f) \u010dinnost tren\u00e9r\u016f v&nbsp;po\u017e\u00e1rn\u00edm sportu a klasick\u00fdch discipl\u00edn\u00e1ch CTIF<\/li>\n<li>g) \u010dinnost rozhod\u010d\u00edch v&nbsp;po\u017e\u00e1rn\u00edm sportu a klasick\u00fdch discipl\u00edn\u00e1ch CTIF<\/li>\n<\/ol>\n<p><span style=\"color: #ff0000;\">Poji\u0161t\u011bn\u00ed se prim\u00e1rn\u011b vztahuje na registrovan\u00e9 sportovce a dal\u0161\u00ed osoby dle p\u0159ede\u0161l\u00fdch bod\u016f.<\/span><\/p>\n<p><strong>Formul\u00e1\u0159:<\/strong> <a href=\"https:\/\/oshol.hasici-ol.cz\/wp-content\/uploads\/2021\/08\/Oznameni_skodni_udalosti_kolektivni_urazove_pojisteni-1.pdf\">Oznameni_skodni_udalosti_kolektivni_urazove_pojisteni<\/a><\/p>\n<p><strong>Formul\u00e1\u0159 (v p\u0159\u00edpad\u011b pracovn\u00ed neschopnosti): <\/strong><a href=\"https:\/\/oshol.hasici-ol.cz\/wp-content\/uploads\/2021\/08\/Oznameni_skodni_udalosti_prac_neschopnost.pdf\">Oznameni_skodni_udalosti_prac_neschopnost<\/a><\/p>\n<h3><strong><br \/>\nFormul\u00e1\u0159e k nahl\u00e1\u0161en\u00ed pojistn\u00e9 ud\u00e1losti a ve\u0161ker\u00e9 informace k nim naleznete tak\u00e9 na:<\/strong><\/h3>\n<p>&nbsp;<\/p>\n<p><span style=\"color: #ff0000;\"><a style=\"font-size: revert; font-weight: revert; color: #ff0000;\" href=\"https:\/\/www.dh.cz\/index.php\/pojisteni\/2-uncategorised\/1485-prehled-urazoveho-pojisteni-clenu-sh-cms\">https:\/\/www.dh.cz\/index.php\/pojisteni<\/a><\/span><\/p>\n<p>&nbsp;<\/p>\n<hr>\n<p><strong><span style=\"color: #000000;\">Prodej lihovin:<\/span><\/strong><\/p>\n<p>Ozn\u00e1men\u00ed celn\u00edmu \u00fa\u0159adu &#8211; <a href=\"https:\/\/oshol.hasici-ol.cz\/wp-content\/uploads\/2018\/04\/Ozn\u00e1men\u00ed-o-nov\u00e9m-z\u00e1kon\u011b-65-2017.pdf\">Ozn\u00e1men\u00ed o nov\u00e9m z\u00e1kon\u011b 65-2017<\/a>, <a href=\"https:\/\/oshol.hasici-ol.cz\/wp-content\/uploads\/2018\/04\/Ozn\u00e1men\u00ed-o-prodeji-lihovin-dle-\u00a7-14-z\u00e1k.-65-2017.xlsx\">Ozn\u00e1men\u00ed o prodeji lihovin dle \u00a7 14 z\u00e1k. 65-2017 &#8211; FORMUL\u00c1\u0158<\/a><\/p>\n<hr>\n<p><strong>Stanovy SH \u010cMS, Organiza\u010dn\u00ed r\u00e1d, Statut vyznamen\u00e1n\u00ed a ostatn\u00ed dokumenty naleznete <\/strong>&#8211; <a href=\"https:\/\/www.dh.cz\/index.php\/usek-vnitroorganizacni\/dokumenty\" target=\"_blank\" rel=\"noopener\"><strong>ZDE<\/strong><\/a><\/p>\n<hr>\n<p><strong>N\u00e1vrh na ud\u011blen\u00ed vyznamen\u00e1n\u00ed SH \u010cMS<\/strong> &#8211;&nbsp;<\/p>\n<p>Zpr\u00e1va z VVH SDH &#8211; <a href=\"https:\/\/oshol.hasici-ol.cz\/wp-content\/uploads\/2010\/03\/Zprava-z-VVH1.xls\">Zprava z VVH<\/a><\/p>\n<p>Vzory dokument\u016f k zaji\u0161t\u011bn\u00ed VH sbor\u016f pro rok 2016-2020 &#8211; <a href=\"https:\/\/www.dh.cz\/index.php\/usek-vnitroorganizacni\/dokumenty\/108-vzory-dokumentu-k-zajisteni-valnych-hromad-2016-2020\">zde<\/a><\/p>\n<p>P\u0159\u00edloha k registra\u010dn\u00edmu listu SDH &#8211; <a href=\"https:\/\/oshol.hasici-ol.cz\/wp-content\/uploads\/2010\/03\/P\u0159\u00edloha-k-RL-SDH.xls\">P\u0159\u00edloha k RL-SDH<\/a><\/p>\n<hr>\n<p><strong>Sout\u011b\u017ee:<\/strong><\/p>\n<p>P\u0159ihl\u00e1\u0161ka do sout\u011b\u017ee v PS &#8211; <a href=\"https:\/\/oshol.hasici-ol.cz\/wp-content\/uploads\/2010\/03\/P\u0159ihl\u00e1\u0161ka-PS1.doc\">P\u0159ihl\u00e1\u0161ka PS<\/a><\/p>\n<p>Protest v sout\u011b\u017ei PS &#8211; <a href=\"https:\/\/oshol.hasici-ol.cz\/wp-content\/uploads\/2010\/03\/Protest-tiskopis1.doc\">Protest tiskopis<\/a><\/p>\n","protected":false},"excerpt":{"rendered":"<p>&nbsp; Spolkov\u00fd rejst\u0159\u00edk: Pln\u00e1 moc k tiskopis\u016fm do ve\u0159ejn\u00e9ho rejst\u0159\u00edku &#8211; Pln\u00e1 moc p\u0159eregistrace Bli\u017e\u0161\u00ed info k pln\u00e9 moci: ZDE Souhlas se s\u00eddlem (SDH) &#8211;&nbsp;souhlas-se-sidlem-sdh Souhlas se s\u00eddlem (FO) &#8211;&nbsp;SOUHLAS se s\u00eddlem &#8211; fyzick\u00e1 osoba &hellip;<\/p>\n","protected":false},"author":1,"featured_media":0,"parent":0,"menu_order":8,"comment_status":"closed","ping_status":"closed","template":"","meta":{"ngg_post_thumbnail":0,"footnotes":""},"class_list":["post-49","page","type-page","status-publish","hentry"],"_links":{"self":[{"href":"https:\/\/oshol.hasici-ol.cz\/index.php?rest_route=\/wp\/v2\/pages\/49","targetHints":{"allow":["GET"]}}],"collection":[{"href":"https:\/\/oshol.hasici-ol.cz\/index.php?rest_route=\/wp\/v2\/pages"}],"about":[{"href":"https:\/\/oshol.hasici-ol.cz\/index.php?rest_route=\/wp\/v2\/types\/page"}],"author":[{"embeddable":true,"href":"https:\/\/oshol.hasici-ol.cz\/index.php?rest_route=\/wp\/v2\/users\/1"}],"replies":[{"embeddable":true,"href":"https:\/\/oshol.hasici-ol.cz\/index.php?rest_route=%2Fwp%2Fv2%2Fcomments&post=49"}],"version-history":[{"count":78,"href":"https:\/\/oshol.hasici-ol.cz\/index.php?rest_route=\/wp\/v2\/pages\/49\/revisions"}],"predecessor-version":[{"id":6826,"href":"https:\/\/oshol.hasici-ol.cz\/index.php?rest_route=\/wp\/v2\/pages\/49\/revisions\/6826"}],"wp:attachment":[{"href":"https:\/\/oshol.hasici-ol.cz\/index.php?rest_route=%2Fwp%2Fv2%2Fmedia&parent=49"}],"curies":[{"name":"wp","href":"https:\/\/api.w.org\/{rel}","templated":true}]}}