{"id":53,"date":"2010-03-22T18:40:49","date_gmt":"2010-03-22T18:40:49","guid":{"rendered":"http:\/\/192.168.13.234\/?page_id=53"},"modified":"2010-08-02T19:51:02","modified_gmt":"2010-08-02T19:51:02","slug":"kontakty","status":"publish","type":"page","link":"https:\/\/oshol.hasici-ol.cz\/?page_id=53","title":{"rendered":"Kontakty"},"content":{"rendered":"<p>V kategorii Kontakty budou pro pot\u0159eby sbor\u016f v okrese v pravideln\u00fdch intervalech aktualizov\u00e1ny kontakty SDH ve form\u011b po\u0161tovn\u00ed adresy, e-mailov\u00fdch adres sbor\u016f, tak i tel. \u010d\u00edsel na sborov\u00e9 funkcion\u00e1\u0159e.\u00a0 E-mailov\u00e9 adresy a tel . \u010d\u00edsla nepat\u0159\u00ed v\u017edy uveden\u00e9 osob\u011b.\u00a0 Tyto aktualizace budou prov\u00e1d\u011bny v\u017edy, kdy\u017e nashrom\u00e1\u017ed\u011bn\u00fdch zm\u011bn bude v\u00edce jak p\u011bt.<\/p>\n<p>Naleznete zde i kontakty na rozhod\u010d\u00ed v PS a \u010dleny VV OSH Ol.<\/p>\n","protected":false},"excerpt":{"rendered":"<p>V kategorii Kontakty budou pro pot\u0159eby sbor\u016f v okrese v pravideln\u00fdch intervalech aktualizov\u00e1ny kontakty SDH ve form\u011b po\u0161tovn\u00ed adresy, e-mailov\u00fdch adres sbor\u016f, tak i tel. \u010d\u00edsel na sborov\u00e9 funkcion\u00e1\u0159e.\u00a0 E-mailov\u00e9 adresy a tel . \u010d\u00edsla &hellip;<\/p>\n","protected":false},"author":1,"featured_media":0,"parent":0,"menu_order":10,"comment_status":"closed","ping_status":"closed","template":"","meta":{"ngg_post_thumbnail":0,"footnotes":""},"class_list":["post-53","page","type-page","status-publish","hentry"],"_links":{"self":[{"href":"https:\/\/oshol.hasici-ol.cz\/index.php?rest_route=\/wp\/v2\/pages\/53","targetHints":{"allow":["GET"]}}],"collection":[{"href":"https:\/\/oshol.hasici-ol.cz\/index.php?rest_route=\/wp\/v2\/pages"}],"about":[{"href":"https:\/\/oshol.hasici-ol.cz\/index.php?rest_route=\/wp\/v2\/types\/page"}],"author":[{"embeddable":true,"href":"https:\/\/oshol.hasici-ol.cz\/index.php?rest_route=\/wp\/v2\/users\/1"}],"replies":[{"embeddable":true,"href":"https:\/\/oshol.hasici-ol.cz\/index.php?rest_route=%2Fwp%2Fv2%2Fcomments&post=53"}],"version-history":[{"count":7,"href":"https:\/\/oshol.hasici-ol.cz\/index.php?rest_route=\/wp\/v2\/pages\/53\/revisions"}],"predecessor-version":[{"id":488,"href":"https:\/\/oshol.hasici-ol.cz\/index.php?rest_route=\/wp\/v2\/pages\/53\/revisions\/488"}],"wp:attachment":[{"href":"https:\/\/oshol.hasici-ol.cz\/index.php?rest_route=%2Fwp%2Fv2%2Fmedia&parent=53"}],"curies":[{"name":"wp","href":"https:\/\/api.w.org\/{rel}","templated":true}]}}