{"id":5482,"date":"2019-02-25T08:19:16","date_gmt":"2019-02-25T08:19:16","guid":{"rendered":"http:\/\/oshol.hasici-ol.cz\/?page_id=5482"},"modified":"2025-08-06T10:37:05","modified_gmt":"2025-08-06T10:37:05","slug":"olomoucky-drak","status":"publish","type":"page","link":"https:\/\/oshol.hasici-ol.cz\/?page_id=5482","title":{"rendered":"Olomouck\u00fd drak"},"content":{"rendered":"<p><a href=\"https:\/\/oshol.hasici-ol.cz\/wp-content\/uploads\/2025\/08\/Oz_Olomouckydrak2025.docx\">Oz_Olomouck\u00fd drak 2025<\/a><\/p>\n<p><a href=\"https:\/\/oshol.hasici-ol.cz\/wp-content\/uploads\/2024\/08\/OZ-Olomoucky-drak-2024.pdf\">OZ Olomouck\u00fd drak 2024<\/a><\/p>\n<p><a href=\"https:\/\/oshol.hasici-ol.cz\/wp-content\/uploads\/2023\/08\/OZ-Olomoucky-drak-3.9.2023.pdf\">OZ Olomouck\u00fd drak 3.9.2023<\/a><\/p>\n<p><a href=\"https:\/\/oshol.hasici-ol.cz\/wp-content\/uploads\/2022\/07\/OZ-Drak-2022-1.pdf\">OZ Olomouck\u00fd drak 2022<\/a><\/p>\n<p><a href=\"https:\/\/oshol.hasici-ol.cz\/wp-content\/uploads\/2021\/08\/Oz_Olomoucky-drak-2021.pdf\">OZ_Olomouck\u00fd drak 2021<\/a><\/p>\n<p>Olomouck\u00fd drak v 2020<strong> nebude po\u0159\u00e1d\u00e1n.<\/strong><\/p>\n<p><a href=\"https:\/\/oshol.hasici-ol.cz\/wp-content\/uploads\/2019\/08\/OZ-Olomouck\u00fd-drak-2019.pdf\">OZ Olomouck\u00fd drak 2019<\/a><\/p>\n<p><strong>V\u00fdsledky:<\/strong><\/p>\n<p>V\u00fdsledky 2023 &#8211; <a href=\"https:\/\/oshol.hasici-ol.cz\/wp-content\/uploads\/2023\/09\/PRIPRAVKA.pdf\">P\u0158\u00cdPRAVKA<\/a> , <a href=\"https:\/\/oshol.hasici-ol.cz\/wp-content\/uploads\/2023\/09\/MLADSI.pdf\">MLAD\u0160\u00cd<\/a> , <a href=\"https:\/\/oshol.hasici-ol.cz\/wp-content\/uploads\/2023\/09\/STARSI.pdf\">STAR\u0160\u00cd<\/a><\/p>\n<p>V\u00fdsledky 2022 &#8211; <a href=\"https:\/\/oshol.hasici-ol.cz\/wp-content\/uploads\/2022\/09\/kat.-pripravka-a-mladsi.pdf\">kat. p\u0159\u00edpravka a mlad\u0161\u00ed<\/a> + <a href=\"https:\/\/oshol.hasici-ol.cz\/wp-content\/uploads\/2022\/09\/kat.-starsi.pdf\">kat. star\u0161\u00ed<\/a><\/p>\n<p><a href=\"https:\/\/oshol.hasici-ol.cz\/wp-content\/uploads\/2021\/09\/Vysledky-IV.-souteze-serialu-11.9.-Olomoucky-drak.pdf\">V\u00fdsledky 2021<\/a><\/p>\n<p><a href=\"https:\/\/oshol.hasici-ol.cz\/wp-content\/uploads\/2019\/09\/V\u00fdsledky-2019-2.pdf\">V\u00fdsledky 2019<\/a><\/p>\n<p><a href=\"https:\/\/oshol.hasici-ol.cz\/wp-content\/uploads\/2019\/02\/V\u00fdsledky-2018.pdf\">V\u00fdsledky 2018<\/a><\/p>\n<p>V\u00fdsledky 2017 &#8211; <a href=\"https:\/\/oshol.hasici-ol.cz\/wp-content\/uploads\/2011\/04\/Starsi_divky.pdf\">Starsi_divky<\/a> <a href=\"https:\/\/oshol.hasici-ol.cz\/wp-content\/uploads\/2011\/04\/Starsi_chlapci.pdf\">Starsi_chlapci<\/a> <a href=\"https:\/\/oshol.hasici-ol.cz\/wp-content\/uploads\/2011\/04\/Mladsi_divky.pdf\">Mladsi_divky&nbsp;<\/a><a href=\"https:\/\/oshol.hasici-ol.cz\/wp-content\/uploads\/2011\/04\/Mladsi_chlapci.pdf\">Mladsi_chlapci<\/a><a href=\"https:\/\/oshol.hasici-ol.cz\/wp-content\/uploads\/2011\/04\/P\u0159ipravka.pdf\">P\u0159ipravka<\/a><\/p>\n","protected":false},"excerpt":{"rendered":"<p>Oz_Olomouck\u00fd drak 2025 OZ Olomouck\u00fd drak 2024 OZ Olomouck\u00fd drak 3.9.2023 OZ Olomouck\u00fd drak 2022 OZ_Olomouck\u00fd drak 2021 Olomouck\u00fd drak v 2020 nebude po\u0159\u00e1d\u00e1n. OZ Olomouck\u00fd drak 2019 V\u00fdsledky: V\u00fdsledky 2023 &#8211; P\u0158\u00cdPRAVKA , MLAD\u0160\u00cd &hellip;<\/p>\n","protected":false},"author":2,"featured_media":0,"parent":22,"menu_order":3,"comment_status":"closed","ping_status":"closed","template":"","meta":{"ngg_post_thumbnail":0,"footnotes":""},"class_list":["post-5482","page","type-page","status-publish","hentry"],"_links":{"self":[{"href":"https:\/\/oshol.hasici-ol.cz\/index.php?rest_route=\/wp\/v2\/pages\/5482","targetHints":{"allow":["GET"]}}],"collection":[{"href":"https:\/\/oshol.hasici-ol.cz\/index.php?rest_route=\/wp\/v2\/pages"}],"about":[{"href":"https:\/\/oshol.hasici-ol.cz\/index.php?rest_route=\/wp\/v2\/types\/page"}],"author":[{"embeddable":true,"href":"https:\/\/oshol.hasici-ol.cz\/index.php?rest_route=\/wp\/v2\/users\/2"}],"replies":[{"embeddable":true,"href":"https:\/\/oshol.hasici-ol.cz\/index.php?rest_route=%2Fwp%2Fv2%2Fcomments&post=5482"}],"version-history":[{"count":23,"href":"https:\/\/oshol.hasici-ol.cz\/index.php?rest_route=\/wp\/v2\/pages\/5482\/revisions"}],"predecessor-version":[{"id":7812,"href":"https:\/\/oshol.hasici-ol.cz\/index.php?rest_route=\/wp\/v2\/pages\/5482\/revisions\/7812"}],"up":[{"embeddable":true,"href":"https:\/\/oshol.hasici-ol.cz\/index.php?rest_route=\/wp\/v2\/pages\/22"}],"wp:attachment":[{"href":"https:\/\/oshol.hasici-ol.cz\/index.php?rest_route=%2Fwp%2Fv2%2Fmedia&parent=5482"}],"curies":[{"name":"wp","href":"https:\/\/api.w.org\/{rel}","templated":true}]}}