{"id":59,"date":"2010-03-22T18:41:37","date_gmt":"2010-03-22T18:41:37","guid":{"rendered":"http:\/\/192.168.13.234\/?page_id=59"},"modified":"2017-03-08T06:25:46","modified_gmt":"2017-03-08T06:25:46","slug":"vedouci-mh-sdh-okresu","status":"publish","type":"page","link":"https:\/\/oshol.hasici-ol.cz\/?page_id=59","title":{"rendered":"Vedouc\u00ed MH SDH okresu"},"content":{"rendered":"<p><a href=\"https:\/\/oshol.hasici-ol.cz\/wp-content\/uploads\/2010\/03\/Vedouc\u00ed-MH-Olomouc-2017.pdf\">Vedouc\u00ed MH Olomouc 2017<\/a><\/p>\n<p><a href=\"https:\/\/oshol.hasici-ol.cz\/wp-content\/uploads\/2010\/03\/Vedouc\u00ed-MH-Olomouc-2016.pdf\">Vedouc\u00ed MH Olomouc 2016<\/a><\/p>\n<p>Kontakty na vedouc\u00ed kol. MH <strong>2015<\/strong><strong> &#8211; <a href=\"https:\/\/oshol.hasici-ol.cz\/wp-content\/uploads\/2010\/03\/Vedouc\u00ed-MH-Olomouc-2015.xlsx\">Vedouc\u00ed MH Olomouc 2015<\/a><\/strong><\/p>\n<p>Kontakty na vedouc\u00ed kol. MH 2012 &#8211; <a href=\"https:\/\/oshol.hasici-ol.cz\/wp-content\/uploads\/2010\/03\/Ved.-kol.-2012.pdf\">Ved. kol. 2012<\/a><\/p>\n<p>Kontakty na vedouc\u00ed kol. MH 2011 &#8211; <a href=\"https:\/\/oshol.hasici-ol.cz\/wp-content\/uploads\/2010\/03\/Ved.-kol.-2011.xls\">Ved. kol. 2011<\/a><\/p>\n<p>Kontakty na vedouc\u00ed kol. MH 2010 &#8211; <a href=\"https:\/\/oshol.hasici-ol.cz\/wp-content\/uploads\/2010\/03\/Ved.-kol.-e-maily-2010.pdf\">Ved. kol. e-maily 2010<\/a><\/p>\n","protected":false},"excerpt":{"rendered":"<p>Vedouc\u00ed MH Olomouc 2017 Vedouc\u00ed MH Olomouc 2016 Kontakty na vedouc\u00ed kol. MH 2015 &#8211; Vedouc\u00ed MH Olomouc 2015 Kontakty na vedouc\u00ed kol. MH 2012 &#8211; Ved. kol. 2012 Kontakty na vedouc\u00ed kol. MH 2011 &hellip;<\/p>\n","protected":false},"author":1,"featured_media":0,"parent":53,"menu_order":3,"comment_status":"closed","ping_status":"closed","template":"","meta":{"ngg_post_thumbnail":0,"footnotes":""},"class_list":["post-59","page","type-page","status-publish","hentry"],"_links":{"self":[{"href":"https:\/\/oshol.hasici-ol.cz\/index.php?rest_route=\/wp\/v2\/pages\/59","targetHints":{"allow":["GET"]}}],"collection":[{"href":"https:\/\/oshol.hasici-ol.cz\/index.php?rest_route=\/wp\/v2\/pages"}],"about":[{"href":"https:\/\/oshol.hasici-ol.cz\/index.php?rest_route=\/wp\/v2\/types\/page"}],"author":[{"embeddable":true,"href":"https:\/\/oshol.hasici-ol.cz\/index.php?rest_route=\/wp\/v2\/users\/1"}],"replies":[{"embeddable":true,"href":"https:\/\/oshol.hasici-ol.cz\/index.php?rest_route=%2Fwp%2Fv2%2Fcomments&post=59"}],"version-history":[{"count":10,"href":"https:\/\/oshol.hasici-ol.cz\/index.php?rest_route=\/wp\/v2\/pages\/59\/revisions"}],"predecessor-version":[{"id":98,"href":"https:\/\/oshol.hasici-ol.cz\/index.php?rest_route=\/wp\/v2\/pages\/59\/revisions\/98"}],"up":[{"embeddable":true,"href":"https:\/\/oshol.hasici-ol.cz\/index.php?rest_route=\/wp\/v2\/pages\/53"}],"wp:attachment":[{"href":"https:\/\/oshol.hasici-ol.cz\/index.php?rest_route=%2Fwp%2Fv2%2Fmedia&parent=59"}],"curies":[{"name":"wp","href":"https:\/\/api.w.org\/{rel}","templated":true}]}}