{"id":61,"date":"2010-03-22T18:41:50","date_gmt":"2010-03-22T18:41:50","guid":{"rendered":"http:\/\/192.168.13.234\/?page_id=61"},"modified":"2026-04-07T06:32:37","modified_gmt":"2026-04-07T06:32:37","slug":"informace-od-sdh","status":"publish","type":"page","link":"https:\/\/oshol.hasici-ol.cz\/?page_id=61","title":{"rendered":"INFORMACE OD SDH, POZV\u00c1NKY, PROPOZICE"},"content":{"rendered":"<p>Rok 2026:<\/p>\n<p><a href=\"https:\/\/oshol.hasici-ol.cz\/wp-content\/uploads\/2026\/04\/PROPOZICE-O-POHAR-SDH-RYMAROV-2026.pdf\">PROPOZICE O POH\u00c1R SDH R\u00ddMA\u0158OV 2026<\/a><\/p>\n<p>Rok 2025:&nbsp;<\/p>\n<p><img loading=\"lazy\" decoding=\"async\" class=\"alignnone size-large wp-image-7836\" src=\"https:\/\/oshol.hasici-ol.cz\/wp-content\/uploads\/2025\/09\/Hala-Hlubocky-2025-724x1024.jpg\" alt=\"\" width=\"724\" height=\"1024\" srcset=\"https:\/\/oshol.hasici-ol.cz\/wp-content\/uploads\/2025\/09\/Hala-Hlubocky-2025-724x1024.jpg 724w, https:\/\/oshol.hasici-ol.cz\/wp-content\/uploads\/2025\/09\/Hala-Hlubocky-2025-212x300.jpg 212w, https:\/\/oshol.hasici-ol.cz\/wp-content\/uploads\/2025\/09\/Hala-Hlubocky-2025-768x1086.jpg 768w, https:\/\/oshol.hasici-ol.cz\/wp-content\/uploads\/2025\/09\/Hala-Hlubocky-2025-1086x1536.jpg 1086w, https:\/\/oshol.hasici-ol.cz\/wp-content\/uploads\/2025\/09\/Hala-Hlubocky-2025.jpg 1190w\" sizes=\"auto, (max-width: 724px) 100vw, 724px\" \/><\/p>\n<p><strong>Rok 2024:<\/strong><\/p>\n<p><img loading=\"lazy\" decoding=\"async\" class=\"alignnone  wp-image-7694\" src=\"https:\/\/oshol.hasici-ol.cz\/wp-content\/uploads\/2024\/11\/IMG_20241102_115853-728x1024.png\" alt=\"\" width=\"332\" height=\"467\" srcset=\"https:\/\/oshol.hasici-ol.cz\/wp-content\/uploads\/2024\/11\/IMG_20241102_115853-728x1024.png 728w, https:\/\/oshol.hasici-ol.cz\/wp-content\/uploads\/2024\/11\/IMG_20241102_115853-213x300.png 213w, https:\/\/oshol.hasici-ol.cz\/wp-content\/uploads\/2024\/11\/IMG_20241102_115853-768x1081.png 768w, https:\/\/oshol.hasici-ol.cz\/wp-content\/uploads\/2024\/11\/IMG_20241102_115853.png 1080w\" sizes=\"auto, (max-width: 332px) 100vw, 332px\" \/><\/p>\n<p><a href=\"https:\/\/oshol.hasici-ol.cz\/wp-content\/uploads\/2024\/06\/Pozvanka-na-soutez-2024.pdf\">Pozv\u00e1nka na poh\u00e1rovou sout\u011b\u017e St\u0159\u00ed\u017eov 2024<\/a><\/p>\n<p><a href=\"https:\/\/oshol.hasici-ol.cz\/wp-content\/uploads\/2024\/06\/Pozvanka-Liga-MH-Kozusany-2024.pdf\">Pozv\u00e1nka Liga MH Ko\u017eu\u0161any 2024<\/a><\/p>\n<p><a href=\"https:\/\/oshol.hasici-ol.cz\/wp-content\/uploads\/2024\/05\/POZVANKA_NA_SOUTEZ_MH_2024.pdf\">POZV\u00c1NKA_NA_SOUT\u011a\u017d_MH_\u00dajezd_2024<\/a>&nbsp;<\/p>\n<p><strong><a href=\"https:\/\/oshol.hasici-ol.cz\/wp-content\/uploads\/2024\/05\/PROPOZICE-O-POHAR-SDH-RYMAROV-na-2-str.pdf\">PROPOZICE O POH\u00c1R SDH R\u00ddMA\u0158OV.<\/a><\/strong><\/p>\n<p><strong>Rok 2022:<\/strong><\/p>\n<p>27.8. Skrbe\u0148 &#8211; Poh\u00e1rov\u00e1 sout\u011b\u017e veter\u00e1n\u016f &#8211; <a href=\"https:\/\/oshol.hasici-ol.cz\/wp-content\/uploads\/2022\/08\/veterani_2022_plak.pdf\">pozv\u00e1nka<\/a><\/p>\n<p>13.8. Trusovice &#8211; No\u010dn\u00ed poh\u00e1rov\u00e1 sout\u011b\u017e + nal\u00edva\u010dka &#8211; <a href=\"https:\/\/oshol.hasici-ol.cz\/wp-content\/uploads\/2022\/08\/pozvankanocni2022.doc\">pozv\u00e1nka<\/a> + <a href=\"https:\/\/oshol.hasici-ol.cz\/wp-content\/uploads\/2022\/08\/Nocni-nalivacka2022.doc\">no\u010dn\u00ed nal\u00edva\u010dka<\/a><\/p>\n<p>23.7. Medlov &#8211; No\u010dn\u00ed poh\u00e1rov\u00e1 sout\u011b\u017e &#8211; <a href=\"https:\/\/oshol.hasici-ol.cz\/wp-content\/uploads\/2022\/07\/Propozice-Memorial-Libora-Valka-2022.pdf\">Pozv\u00e1nka + propozice<\/a><\/p>\n<p>16.7. \u0158\u00edde\u010d &#8211; <a href=\"https:\/\/oshol.hasici-ol.cz\/wp-content\/uploads\/2022\/07\/Propozice-Ridec-2021.pdf\">Propozice<\/a><\/p>\n<p>5.7. Vacanovice &#8211; Poh\u00e1rov\u00e1 sout\u011b\u017e &#8211; <a href=\"https:\/\/oshol.hasici-ol.cz\/wp-content\/uploads\/2022\/06\/pozvanka-na-soutez-2022.doc\">pozv\u00e1nka<\/a>, <a href=\"https:\/\/oshol.hasici-ol.cz\/wp-content\/uploads\/2022\/06\/Plan-utoku-1.pdf\">pl\u00e1n \u00fatoku<\/a><\/p>\n<p>16.7. Bur\u00e1cen\u00ed v \u00fadol\u00ed &#8211; setk\u00e1n\u00ed senior\u016f Hlubo\u010dky &#8211; <a href=\"https:\/\/oshol.hasici-ol.cz\/wp-content\/uploads\/2022\/05\/plakat-buraceni-v-udoli-2022.pdf\">pozv\u00e1nka<\/a><\/p>\n<p>29.5. Poh\u00e1rov\u00e1 sout\u011b\u017e MH &#8211; \u00dajezd (za\u0159azena do Ligy MH) &#8211; <a href=\"https:\/\/oshol.hasici-ol.cz\/wp-content\/uploads\/2022\/05\/POZVANKA_NA_SOUTEZ_MH_2022.pdf\">pozv\u00e1nka<\/a><\/p>\n<p>28.5. Oslavy 130 let zalo\u017een\u00ed sboru v Dubu nad Moravou &#8211; <a href=\"https:\/\/oshol.hasici-ol.cz\/wp-content\/uploads\/2022\/05\/Plakat-A4-1.pdf\">Pozv\u00e1nka<\/a><\/p>\n<p>30.4. Hasi\u010dsk\u00fd v\u00edceboj \u010cernov\u00edr &#8211; <a href=\"https:\/\/oshol.hasici-ol.cz\/wp-content\/uploads\/2022\/03\/Hasicsky_viceboj_2022_propozice.pdf\">propozice<\/a><\/p>\n<p><strong>Rok 2021<\/strong><\/p>\n<p>23.9. Han\u00e1ck\u00e9 pila\u0159 &#8211; <a href=\"https:\/\/oshol.hasici-ol.cz\/wp-content\/uploads\/2021\/09\/Hanacke-pilar-2021-prihlaska.docx\">p\u0159ihl\u00e1\u0161ka<\/a> + <a href=\"https:\/\/oshol.hasici-ol.cz\/wp-content\/uploads\/2021\/09\/Hanacke-pilar-2021-propozice.pdf\">propozice<\/a><\/p>\n<p>18.7. Moravsk\u00fd Beroun 100-vky &#8211; <a href=\"https:\/\/oshol.hasici-ol.cz\/wp-content\/uploads\/2021\/06\/Propozice-Stovkovani-pod-Slunecnou-2021.pdf\">pozv\u00e1nka + propozice<\/a><\/p>\n<p>17.7. Moravsk\u00fd Beroun 60-tky MH &#8211; <a href=\"https:\/\/oshol.hasici-ol.cz\/wp-content\/uploads\/2021\/06\/Propozice-60-tky-2021.pdf\">pozv\u00e1nka + propozice<\/a><\/p>\n<p>11.7. \u0158\u00edde\u010d 60-tky MH &#8211; <a href=\"https:\/\/oshol.hasici-ol.cz\/wp-content\/uploads\/2021\/06\/propozice.pdf\">propozice<\/a><\/p>\n<p>10.7. \u0158\u00edde\u010d &#8211; Poh\u00e1rov\u00e1 sout\u011b\u017e v P\u00da &#8211; <a href=\"https:\/\/oshol.hasici-ol.cz\/wp-content\/uploads\/2021\/06\/propozice-1.pdf\">propozice<\/a><\/p>\n<p>5.7. Vacanovice &#8211; Poh\u00e1rov\u00e1 sout\u011b\u017e &#8211; <a href=\"https:\/\/oshol.hasici-ol.cz\/wp-content\/uploads\/2021\/06\/pozvanka-na-soutez-2021.pdf\">pozv\u00e1nka + propozice ,p<\/a><a href=\"https:\/\/oshol.hasici-ol.cz\/wp-content\/uploads\/2021\/06\/Plan-utoku.pdf\">l\u00e1n \u00fatoku<\/a><\/p>\n<p>27.6. P\u0159\u00e1slavice &#8211; Poh\u00e1rov\u00e1 sout\u011b\u017e &#8211; <a href=\"https:\/\/oshol.hasici-ol.cz\/wp-content\/uploads\/2021\/06\/193103588_827856721470215_7853960326493611279_n.pdf\">pozv\u00e1nka<\/a><\/p>\n<p>19.6. Olomouc-Chv\u00e1lkovice &#8222;Han\u00e1ck\u00e1 extraliga&#8220; &#8211; <a href=\"https:\/\/oshol.hasici-ol.cz\/wp-content\/uploads\/2021\/06\/SBOR-DOBROVOLNYCH-HASICU.pdf\">pozv\u00e1nka<\/a> +&nbsp;<a href=\"https:\/\/oshol.hasici-ol.cz\/wp-content\/uploads\/2021\/06\/propozice-H.E.-2020.docx\">propozice<\/a><\/p>\n<p><strong>Rok 2020:<\/strong><\/p>\n<p>24.9. Han\u00e1ck\u00e9 pila\u0159 &#8211;&nbsp;<a href=\"https:\/\/oshol.hasici-ol.cz\/wp-content\/uploads\/2020\/09\/Han\u00e1ck\u00e9-pila\u0159-2020-p\u0159ihl\u00e1\u0161ka.docx\">p\u0159ihl\u00e1\u0161ka<\/a>&nbsp;+&nbsp;<a href=\"https:\/\/oshol.hasici-ol.cz\/wp-content\/uploads\/2020\/09\/Han\u00e1ck\u00e9-pila\u0159-2019-propozice.pdf\">propozice<\/a><\/p>\n<p>19.9. 3. \u0160t\u011bp\u00e1novsk\u00e1 \u0161tafeta &#8211;&nbsp;<a href=\"https:\/\/oshol.hasici-ol.cz\/wp-content\/uploads\/2020\/09\/3.pdf\">pozv\u00e1nka<\/a>&nbsp;+&nbsp;<a href=\"https:\/\/oshol.hasici-ol.cz\/wp-content\/uploads\/2020\/09\/2.pdf\">propozice<\/a>&nbsp;+&nbsp;<a href=\"https:\/\/oshol.hasici-ol.cz\/wp-content\/uploads\/2020\/09\/1.pdf\">propozice<\/a><\/p>\n<p>6.9. Trusovice &#8211; Poh\u00e1rov\u00e1 sout\u011b\u017e MH &#8211;&nbsp;<a href=\"https:\/\/oshol.hasici-ol.cz\/wp-content\/uploads\/2020\/08\/poh\u00e1rov\u00e1-sout\u011b\u017e-Trusovice.pdf\">pozv\u00e1nka + propozice<\/a><\/p>\n<p>5.9. B\u011blkovice-La\u0161\u0165any &#8211; netradi\u010dn\u00ed sout\u011b\u017e &#8211;&nbsp;<a href=\"https:\/\/oshol.hasici-ol.cz\/wp-content\/uploads\/2020\/08\/NETRADI\u010cN\u00cd-HASI\u010cSK\u00c1-SOUT\u011a\u017d-B\u011aLKOVICE-LA\u0160\u0164ANY-2020.pdf\">pozv\u00e1nka<\/a><\/p>\n<p>5.9. B\u011blkovice-La\u0161\u0165any &#8211; d\u011btsk\u00e1 netradi\u010dn\u00ed sout\u011b\u017e &#8211;&nbsp;<a href=\"https:\/\/oshol.hasici-ol.cz\/wp-content\/uploads\/2020\/08\/D\u011btsk\u00e1-netradi\u010dn\u00ed-sout\u011b\u017e-B\u011blkovice-La\u0161\u0165any-2020-1.pdf\">pozv\u00e1nka<\/a><\/p>\n<p>5.9. Hlubo\u010dky &#8222;Han\u00e1ck\u00e1 extraliga&#8220; &#8211;&nbsp;<a href=\"https:\/\/oshol.hasici-ol.cz\/wp-content\/uploads\/2020\/08\/POZV\u00c1NKA-BIOMAC-HAN\u00c1CK\u00c1-EXTRALIGA-HLUBO\u010cKY-2020-1.pdf\">pozv\u00e1nka<\/a><\/p>\n<p>5.9. Nov\u00e1 Hrade\u010dn\u00e1 &#8211; Po\u017e\u00e1rn\u00ed sout\u011b\u017e MH &#8211;&nbsp;<a href=\"https:\/\/oshol.hasici-ol.cz\/wp-content\/uploads\/2020\/08\/D\u011btsk\u00e1-sout\u011b\u017e-Nov\u00e1-Hrade\u010dn\u00e1-2020.pdf\">pozv\u00e1nka + propozice<\/a><\/p>\n<p>5.9. TFA Ha\u0165 (Moravskoslezsk\u00fd kraj) &#8211;&nbsp;<a href=\"https:\/\/oshol.hasici-ol.cz\/wp-content\/uploads\/2020\/08\/TFA-Ha\u0165-2020-propozice.pdf\">pozv\u00e1nka + propozice<\/a><\/p>\n<p>30.8. Moravsk\u00fd Beroun &#8211; stovkov\u00e1n\u00ed &#8211;&nbsp;<a href=\"https:\/\/oshol.hasici-ol.cz\/wp-content\/uploads\/2020\/08\/Propozice-Stovkov\u00e1n\u00ed-pod-Slune\u010dnou-2020.pdf\">pozv\u00e1nka + ropozice Stovkov\u00e1n\u00ed pod Slune\u010dnou 2020<\/a><\/p>\n<p>29.8. Moravsk\u00fd Beroun &#8211; 60-tky MH &#8211; <a href=\"https:\/\/oshol.hasici-ol.cz\/wp-content\/uploads\/2020\/08\/Propozice-60-tky-2020.pdf\">pozv\u00e1nka + propozice 60-tky<\/a><\/p>\n<p>29.8. Skrbe\u0148 &#8211; Poh\u00e1rov\u00e1 sout\u011b\u017e Veter\u00e1ni &#8211;&nbsp;<a href=\"https:\/\/oshol.hasici-ol.cz\/wp-content\/uploads\/2020\/08\/veter\u00e1ni_2020_plak.pdf\">pozv\u00e1nka<\/a><\/p>\n<p>29.8. Troubelice &#8211; <a href=\"https:\/\/oshol.hasici-ol.cz\/wp-content\/uploads\/2020\/08\/OZ-No\u010dn\u00ed-sout\u011b\u017e-Troubelice.pdf\">pozv\u00e1nka + OZ no\u010dn\u00ed sout\u011b\u017e<\/a><\/p>\n<p>29.8. Dub nad Moravou &#8211;&nbsp;<a href=\"https:\/\/oshol.hasici-ol.cz\/wp-content\/uploads\/2020\/08\/d\u011btsk\u00e1-poh\u00e1rov\u00e1-sout\u011b\u017e-pozv\u00e1nka-2020-1.pdf\">pozv\u00e1nka d\u011btsk\u00e1 poh\u00e1rov\u00e1 sout\u011b\u017e<\/a>&nbsp;+&nbsp;<a href=\"https:\/\/oshol.hasici-ol.cz\/wp-content\/uploads\/2020\/08\/pozv\u00e1nka-no\u010dn\u00ed-2020.pdf\">pozv\u00e1nka no\u010dn\u00ed sout\u011b\u017e<\/a><\/p>\n<p>22. 8. Velk\u00e1 Byst\u0159ice &#8211; Poh\u00e1rov\u00e1 sout\u011b\u017e &#8211;&nbsp;&nbsp;<a href=\"https:\/\/oshol.hasici-ol.cz\/wp-content\/uploads\/2020\/08\/pozv\u00e1nka-na-sout\u011b\u017e.pdf\">pozv\u00e1nka<\/a><\/p>\n<p>22.8. Lud\u00e9\u0159ov &#8211;&nbsp;<a href=\"https:\/\/oshol.hasici-ol.cz\/wp-content\/uploads\/2020\/08\/Propozice-LUDRA-CUP-2020.pdf\">Pozv\u00e1nka + propozice LUDRA CUP<\/a><\/p>\n<p>22.8. Skrbe\u0148 &#8211; Poh\u00e1rov\u00e1 sout\u011b\u017e MH &#8211;&nbsp;<a href=\"https:\/\/oshol.hasici-ol.cz\/wp-content\/uploads\/2020\/08\/plak\u00e1t_deti_2020.pdf\">pozv\u00e1nka<\/a><\/p>\n<p>3.10. Hazmbursk\u00fd hasi\u010d &#8211; <a href=\"https:\/\/oshol.hasici-ol.cz\/wp-content\/uploads\/2020\/07\/HH-propozoce_Final.pdf\">pozv\u00e1nka + propozice<\/a><\/p>\n<p><a href=\"https:\/\/oshol.hasici-ol.cz\/wp-content\/uploads\/2020\/03\/Radslavsk\u00e1-p\u0159ilba-2020-n\u00e1hradn\u00ed-term\u00edn.pdf\">Radslavsk\u00e1 p\u0159ilba 2020 &#8211; n\u00e1hradn\u00ed term\u00edn<\/a><\/p>\n<p><a href=\"https:\/\/oshol.hasici-ol.cz\/wp-content\/uploads\/2020\/03\/Doporu\u010den\u00ed-pro-\u010di\u0161t\u011bn\u00ed-a-desinfekci-radiostanic.pdf\">Doporu\u010den\u00ed pro \u010di\u0161t\u011bn\u00ed a desinfekci radiostanic<\/a><\/p>\n<p>&#8212;&#8212;&#8212;&#8212;&#8212;&#8212;&#8212;&#8212;&#8212;&#8212;&#8212;&#8212;&#8212;&#8212;&#8212;&#8212;&#8212;&#8212;&#8212;&#8212;&#8212;&#8212;&#8212;&#8212;&#8212;&#8212;&#8212;&#8212;&#8212;&#8212;&#8212;&#8212;&#8212;<\/p>\n<p><strong>No\u010dn\u00ed v\u00edceboj MH 2019:<\/strong><\/p>\n<p><a href=\"https:\/\/oshol.hasici-ol.cz\/wp-content\/uploads\/2019\/05\/Pravidla-no\u010dn\u00edho-v\u00edceboje-2019.doc\">Pravidla no\u010dn\u00edho v\u00edceboje 2019<\/a>,&nbsp;<a href=\"https:\/\/oshol.hasici-ol.cz\/wp-content\/uploads\/2019\/05\/No\u010dn\u00ed-v\u00edceboj-p\u0159ihl\u00e1\u0161ka.xls\">No\u010dn\u00ed v\u00edceboj p\u0159ihl\u00e1\u0161ka<\/a><\/p>\n<p><span style=\"color: #000000;\">&nbsp;<\/span><\/p>\n","protected":false},"excerpt":{"rendered":"<p>Rok 2026: PROPOZICE O POH\u00c1R SDH R\u00ddMA\u0158OV 2026 Rok 2025:&nbsp; Rok 2024: Pozv\u00e1nka na poh\u00e1rovou sout\u011b\u017e St\u0159\u00ed\u017eov 2024 Pozv\u00e1nka Liga MH Ko\u017eu\u0161any 2024 POZV\u00c1NKA_NA_SOUT\u011a\u017d_MH_\u00dajezd_2024&nbsp; PROPOZICE O POH\u00c1R SDH R\u00ddMA\u0158OV. Rok 2022: 27.8. Skrbe\u0148 &#8211; Poh\u00e1rov\u00e1 &hellip;<\/p>\n","protected":false},"author":1,"featured_media":0,"parent":0,"menu_order":11,"comment_status":"closed","ping_status":"closed","template":"","meta":{"ngg_post_thumbnail":0,"footnotes":""},"class_list":["post-61","page","type-page","status-publish","hentry"],"_links":{"self":[{"href":"https:\/\/oshol.hasici-ol.cz\/index.php?rest_route=\/wp\/v2\/pages\/61","targetHints":{"allow":["GET"]}}],"collection":[{"href":"https:\/\/oshol.hasici-ol.cz\/index.php?rest_route=\/wp\/v2\/pages"}],"about":[{"href":"https:\/\/oshol.hasici-ol.cz\/index.php?rest_route=\/wp\/v2\/types\/page"}],"author":[{"embeddable":true,"href":"https:\/\/oshol.hasici-ol.cz\/index.php?rest_route=\/wp\/v2\/users\/1"}],"replies":[{"embeddable":true,"href":"https:\/\/oshol.hasici-ol.cz\/index.php?rest_route=%2Fwp%2Fv2%2Fcomments&post=61"}],"version-history":[{"count":862,"href":"https:\/\/oshol.hasici-ol.cz\/index.php?rest_route=\/wp\/v2\/pages\/61\/revisions"}],"predecessor-version":[{"id":7931,"href":"https:\/\/oshol.hasici-ol.cz\/index.php?rest_route=\/wp\/v2\/pages\/61\/revisions\/7931"}],"wp:attachment":[{"href":"https:\/\/oshol.hasici-ol.cz\/index.php?rest_route=%2Fwp%2Fv2%2Fmedia&parent=61"}],"curies":[{"name":"wp","href":"https:\/\/api.w.org\/{rel}","templated":true}]}}