{"id":63,"date":"2010-03-22T18:42:04","date_gmt":"2010-03-22T18:42:04","guid":{"rendered":"http:\/\/192.168.13.234\/?page_id=63"},"modified":"2018-07-18T06:38:18","modified_gmt":"2018-07-18T06:38:18","slug":"odkazy","status":"publish","type":"page","link":"https:\/\/oshol.hasici-ol.cz\/?page_id=63","title":{"rendered":"Odkazy"},"content":{"rendered":"<p><strong>Samospr\u00e1va<\/strong><\/p>\n<p>Olomouck\u00fd kraj &#8211; <a href=\"http:\/\/www.kr-olomoucky.cz\" target=\"_blank\" rel=\"noopener\">www.kr-olomoucky.cz<\/a><\/p>\n<p>Unie nest\u00e1tn\u00edch neziskov\u00fdch organizac\u00ed &#8211; <a href=\"http:\/\/www.uno-ok.cz\" target=\"_blank\" rel=\"noopener\">www.uno-ok.cz<\/a><\/p>\n<p><strong>Hasi\u010dsk\u00e1 t\u00e9matika<\/strong><\/p>\n<p>HZS Olomouck\u00e9ho kraje &#8211; <a href=\"http:\/\/www.hzscr.cz\/hzs-olomouckeho-kraje.aspx\">http:\/\/www.hzscr.cz\/hzs-olomouckeho-kraje.aspx<\/a><\/p>\n<p>Odborov\u00fd svaz hasi\u010d\u016f &#8211; <a href=\"http:\/\/www.osh.cz\" target=\"_blank\" rel=\"noopener\">www.osh.cz<\/a><\/p>\n<p>X-flame, internetov\u00fd obchod &#8211; <a href=\"http:\/\/www.x-flame.cz\" target=\"_blank\" rel=\"noopener\">www.x-flame.cz<\/a><\/p>\n<p>DEVA, hasi\u010dsk\u00e1 v\u00fdstroj &#8211; <a href=\"http:\/\/www.deva-fm.cz\">www.deva-fm.cz<\/a><\/p>\n<p>Han\u00e1ck\u00e1 extraliga &#8211; <a href=\"http:\/\/www.hanackaextraliga.cz\/home.php\" target=\"_blank\" rel=\"noopener\">http:\/\/www.hanackaextraliga.cz\/home.php<\/a><\/p>\n<p>Hasi\u010dsk\u00e1 vz\u00e1jemn\u00e1 poji\u0161\u0165ovna &#8211; <a href=\"http:\/\/www.hvp.cz\" target=\"_blank\" rel=\"noopener\">www.hvp.cz<\/a><\/p>\n<p>Efire, internetov\u00fd obchod &#8211; <a href=\"http:\/\/www.efire.cz\">www.efire.cz<\/a><\/p>\n<p>MHZ Praha, hasi\u010dsk\u00e9 zbo\u017e\u00ed &#8211; <a href=\"http:\/\/www.mhz.cz\" target=\"_blank\" rel=\"noopener\">www.mhz.cz<\/a><\/p>\n<p>Pavli\u0161 a Hartman, hasi\u010dsk\u00e9 zbo\u017e\u00ed &#8211; <a href=\"http:\/\/www.phhp.cz\" target=\"_blank\" rel=\"noopener\">www.phhp.cz<\/a><\/p>\n<p>Perspekta, hasi\u010dsk\u00e9 zbo\u017e\u00ed &#8211; <a href=\"http:\/\/www.perspekta.cz\" target=\"_blank\" rel=\"noopener\">www.<strong>perspekta<\/strong>.cz<\/a><\/p>\n<p>Po\u017e\u00e1ry, hasi\u010dsk\u00fd server &#8211; <a href=\"http:\/\/www.pozary.cz\" target=\"_blank\" rel=\"noopener\">www.pozary.cz<\/a><\/p>\n<p>Po\u017e\u00e1rn\u00ed bezpe\u010dnost, hasi\u010dsk\u00e9 zbo\u017e\u00ed &#8211; <a href=\"http:\/\/www.po-bp.cz\" target=\"_blank\" rel=\"noopener\">www.po-bp.cz<\/a><\/p>\n<p>Pyrodon, hasi\u010dsk\u00e9 zbo\u017e\u00ed &#8211; <a href=\"http:\/\/www.pyrodon.com\" target=\"_blank\" rel=\"noopener\">www.pyrodon.com<\/a><\/p>\n<p>Sdru\u017een\u00ed hasi\u010d\u016f \u010cech, Moravy a Slezska &#8211; <a href=\"http:\/\/www.dh.cz\" target=\"_blank\" rel=\"noopener\">www.dh.cz<\/a><\/p>\n<p>SDH, republikov\u00fd katalog www str\u00e1nek\u00a0 SDH &#8211; <a href=\"http:\/\/katalog-sdh.ic.cz\/\" target=\"_blank\" rel=\"noopener\">http:\/\/katalog-sdh.ic.cz\/<\/a><\/p>\n<p><strong>SDH okresu Olomouc<\/strong><\/p>\n<p>SDH Benkov &#8211; <strong><a href=\"http:\/\/www.sdhbenkov.tym.cz\/\" target=\"_blank\" rel=\"noopener\">www.sdhbenkov.tym.cz <\/a><\/strong><\/p>\n<p>SDH B\u011blkovice-La\u0161\u0165any &#8211; <a href=\"http:\/\/www.hasicibl.webgarden.cz\/\">www.hasicibl.webgarden.cz\/<\/a><\/p>\n<p>SDH B\u0159evenec &#8211; <a href=\"http:\/\/www.sdhbrevenec.com\" target=\"_blank\" rel=\"noopener\">www.sdhbrevenec.com<\/a><\/p>\n<p>SDH \u010cernov\u00edr &#8211; <a href=\"http:\/\/sdhcernovir.own.cz\" target=\"_blank\" rel=\"noopener\">sdhcernovir.own.cz<\/a><\/p>\n<p>SDH \u010cervenka &#8211; <a href=\"http:\/\/www.sdhcervenka.wz.cz\/\" target=\"_blank\" rel=\"noopener\">www.sdhcervenka.wz.cz<\/a><\/p>\n<p>SDH Dlouh\u00e1 Lou\u010dka &#8211; <a href=\"http:\/\/www.hasiciloucka.wbs.cz\" target=\"_blank\" rel=\"noopener\">www.hasiciloucka.wbs.cz<\/a><\/p>\n<p>SDH Dolany &#8211; <strong><span style=\"font-size: x-small;\"><a href=\"http:\/\/www.sdh-dolany.webgarden.cz\/\" target=\"_blank\" rel=\"noopener\">www.sdh-dolany.webgarden.cz<\/a><\/span><\/strong><\/p>\n<p>SDH Dro\u017ed\u00edn &#8211; <a href=\"http:\/\/sdh-drozdin.blog.cz\/\" target=\"_blank\" rel=\"noopener\">sdh-drozdin.blog.cz\/<\/a><\/p>\n<p>SDH Ha\u0148ovice &#8211; <strong><span style=\"font-size: x-small;\"><a href=\"http:\/\/www.sdhhanovice.wbs.cz\/\" target=\"_blank\" rel=\"noopener\">www.sdhhanovice.wbs.cz<\/a><\/span><\/strong><\/p>\n<p>SDH Hlubo\u010dky &#8211; <a href=\"http:\/\/hasici.hlubocky.cz\" target=\"_blank\" rel=\"noopener\">hasici.<strong>hlubocky<\/strong>.cz<\/a><\/p>\n<p>SDH Holice &#8211; <a href=\"http:\/\/sdhholice.ic.cz\" target=\"_blank\" rel=\"noopener\">sdhholice.ic.cz<\/a><\/p>\n<p>SDH Hrab\u00ed &#8211; <a href=\"http:\/\/hrabi.kx.cz\" target=\"_blank\" rel=\"noopener\">http:\/\/hrabi.kx.cz<\/a><\/p>\n<p>SDH Hrade\u010dn\u00e1 &#8211; <a href=\"http:\/\/gotiskovo.webnode.cz\/\" target=\"_blank\" rel=\"noopener\">www.gotiskovo.webnode.cz<\/a><\/p>\n<p>SDH Hynkov &#8211; <a href=\"http:\/\/hynkov-hasici.blog.cz\" target=\"_blank\" rel=\"noopener\">hynkov-hasici.blog.cz<\/a><\/p>\n<p>SDH Cho\u0159elice &#8211; <strong><span style=\"font-size: small;\"><span style=\"color: #ffffff;\"><a href=\"http:\/\/www.sdh-chorelice.wgz.cz\/\" target=\"_blank\" rel=\"noopener\">http:\/\/www.sdh-chorelice.wgz.cz\/<\/a><\/span><\/span><\/strong><\/p>\n<p>SDH Lou\u010dany &#8211; <strong><a href=\"http:\/\/www.hasiciloucany.banda.cz\/\" target=\"_blank\" rel=\"noopener\"><strong>www.hasiciloucany.banda.cz<\/strong><\/a><\/strong><\/p>\n<p>SDH Luk\u00e1 &#8211; <strong><a href=\"http:\/\/www.hasiciluka.cz\/\" target=\"_self\">www.hasiciluka.cz<\/a><\/strong><\/p>\n<p>SDH Medlov &#8211; <a href=\"http:\/\/www.sdhmedlov.websnadno.cz\" target=\"_blank\" rel=\"noopener\">www.sdhmedlov.websnadno.cz<\/a><\/p>\n<p>SDH M\u011brot\u00edn &#8211;<a href=\"http:\/\/www.merotin.cz\/_hasici\" target=\"_blank\" rel=\"noopener\">www.merotin.cz\/hasici<\/a><\/p>\n<p>SDH N\u00e1m\u011b\u0161\u0165 na Han\u00e9 &#8211; <strong><a href=\"http:\/\/sdh-namestnahane.wz.cz\/\" target=\"_blank\" rel=\"noopener\">www.sdh-namestnahane.wz.cz<\/a><\/strong><\/p>\n<p>SDH N\u00e1klo &#8211; <a href=\"http:\/\/www.sdhnaklo.estranky.cz\/\" target=\"_blank\" rel=\"noopener\">www.sdhnaklo.estranky.cz<\/a><\/p>\n<p>SDH Nasob\u016frky &#8211; <a href=\"http:\/\/sdh-nasoburky.wgz.cz\">sdh-nasoburky.wgz.cz<\/a><\/p>\n<p>SDH Nenakonice &#8211; <a href=\"http:\/\/www.volny.cz\/hasne\/\" target=\"_blank\" rel=\"noopener\">http:\/\/www.volny.cz\/hasne\/<\/a><\/p>\n<p>SDH Nov\u00e1 Hrade\u010dn\u00e1 &#8211; <strong><span style=\"font-size: x-small;\"><a href=\"http:\/\/www.sdhnh.sblog.cz\/\" target=\"_blank\" rel=\"noopener\">www.sdhnh.sblog.cz<\/a><\/span><\/strong><\/p>\n<p>SDH Odrlice &#8211; <strong><a href=\"http:\/\/sdh-odrlice.webnode.cz\/\" target=\"_blank\" rel=\"noopener\">www.sdh-odrlice.webnode.cz<\/a><\/strong><\/p>\n<p>SDH Ole\u0161nice &#8211; <strong><a href=\"http:\/\/sdh-olesnice-x.webnode.cz\/\" target=\"_blank\" rel=\"noopener\">sdh-olesnice-x.webnode.cz\/<\/a><\/strong><\/p>\n<p>SDH P\u00edskov &#8211; <a href=\"http:\/\/piskov.cz\/sdh\" target=\"_blank\" rel=\"noopener\">http:\/\/piskov.cz\/sdh<\/a><\/p>\n<p>SDH Plinkout &#8211; <a href=\"http:\/\/www.sdhplinkout.cz\/home\" target=\"_blank\" rel=\"noopener\">www.sdhplinkout.cz\/home<\/a><\/p>\n<p>SDH P\u0148ovice &#8211; <a href=\"http:\/\/sdhpnovice.webnode.cz\" target=\"_blank\" rel=\"noopener\">sdhpnovice.webnode.cz<\/a><\/p>\n<p>SDH P\u0159\u00e1slavice &#8211; <a href=\"http:\/\/www.praslavice.com\/index.php?nid=6934&amp;lid=CZ&amp;oid=1141207\" target=\"_blank\" rel=\"noopener\">www.praslavice.com\/index.php?nid=6934&amp;lid=CZ&amp;oid=1141207<\/a><\/p>\n<p>SDH P\u0159\u00edkazy &#8211; <a href=\"http:\/\/www.hasiciprikazy.estranky.cz\" target=\"_blank\" rel=\"noopener\">www.hasiciprikazy.estranky.cz<\/a><\/p>\n<p>SDH Rozvadovice &#8211; <a href=\"http:\/\/www.sdhrozvadovice.estranky.cz\/\" target=\"_blank\" rel=\"noopener\">www.sdhrozvadovice.estranky.cz\/<\/a><\/p>\n<p>SDH \u0158imice &#8211; <a href=\"http:\/\/webgate.cz\/sdhrimice\/\" target=\"_blank\" rel=\"noopener\">webgate.cz\/<strong>sdhrimice<\/strong>\/<\/a><\/p>\n<p><a href=\"https:\/\/www.facebook.com\/sdhridec\/\" target=\"_blank\" rel=\"noopener\">SDH \u0158\u00edde\u010d<\/a><\/p>\n<p>SDH Sav\u00edn &#8211; <a href=\"http:\/\/sdhsavin.cz\/\">http:\/\/sdhsavin.cz\/<\/a><\/p>\n<p>SDH Senice na Han\u00e9 &#8211; <strong><a href=\"http:\/\/www.sdhsenicenahane.estranky.cz\/\" target=\"_blank\" rel=\"noopener\">www.sdhsenicenahane.estranky.cz<\/a><\/strong><\/p>\n<p>SDH Skrbe\u0148 &#8211; <a href=\"http:\/\/www.sdhskrben.ic.cz\" target=\"_blank\" rel=\"noopener\">www.sdhskrben.ic.cz<\/a><\/p>\n<p>SDH Slatinice &#8211; <a href=\"http:\/\/sdhslatinice.webnode.cz\" target=\"_blank\" rel=\"noopener\">sdhslatinice.webnode.cz<\/a><\/p>\n<p>SDH Slav\u011bt\u00edn &#8211; <strong><span style=\"font-size: x-small;\"><a href=\"http:\/\/www.sdhslavetin.webpark.cz\/\" target=\"_blank\" rel=\"noopener\">www.sdhslavetin.webpark.cz<\/a><\/span><\/strong><\/p>\n<p>SDH St\u0159elice &#8211; <strong><span style=\"font-size: x-small;\"><a href=\"http:\/\/www.hasici-strelice.cz\/\" target=\"_blank\" rel=\"noopener\">www.hasici-strelice.cz<\/a><\/span><\/strong><\/p>\n<p>&nbsp;<\/p>\n<p>SDH Sv\u00e9sedlice &#8211; <a href=\"http:\/\/sdhsvesedlice.webnode.cz\/\" target=\"_blank\" rel=\"noopener\">sdhsvesedlice.cz<\/a> , <a href=\"https:\/\/www.facebook.com\/sdhsvesedlice\/\" target=\"_blank\" rel=\"noopener\">facebook profil<\/a><\/p>\n<p>SDH Topolany &#8211; <a href=\"http:\/\/www.sdhtopolany.estranky.cz\/\" target=\"_blank\" rel=\"noopener\">http:\/\/www.sdhtopolany.estranky.cz\/<\/a><\/p>\n<p>SDH Troubelice &#8211; <a href=\"http:\/\/www.troubelice.cz\/sdh\/index.php\" target=\"_blank\" rel=\"noopener\">http:\/\/www.troubelice.cz\/sdh\/index.php<\/a><\/p>\n<p>SDH Tr\u0161ice &#8211; <a href=\"http:\/\/www.hasicitrsice.cz\" target=\"_blank\" rel=\"noopener\">www.hasicitrsice.cz<\/a><\/p>\n<p>SDH T\u0159eb\u010d\u00edn &#8211; <a href=\"http:\/\/sdh-trebcin.blog.cz\" target=\"_blank\" rel=\"noopener\">sdh-trebcin.blog.cz<\/a><\/p>\n<p>SDH T\u0159i Dvory &#8211;\u00a0<a href=\"http:\/\/ www.sdhtridvory.wz.cz\" target=\"_blank\" rel=\"noopener\"> www.sdhtridvory.wz.cz<\/a><\/p>\n<p>SDH Trusovice &#8211; <a href=\"http:\/\/www.sdhtrusovice.estranky.cz\" target=\"_blank\" rel=\"noopener\">www.sdhtrusovice.estranky.cz<\/a><\/p>\n<p>SDH Uni\u010dov &#8211;<a href=\"http:\/\/www.jsdhunicov.cz\" target=\"_blank\" rel=\"noopener\"> www.jsdhunicov.cz<\/a><\/p>\n<p>SDH Velk\u00e1 Byst\u0159ice &#8211; <a href=\"http:\/\/www.sdhvelkabystrice.cz\" target=\"_blank\" rel=\"noopener\">www.sdhvelkabystrice.cz<\/a><\/p>\n<p>SDH Velk\u00fd T\u00fdnec &#8211; <a href=\"http:\/\/www.hasici-velkytynec.estranky.cz\" target=\"_blank\" rel=\"noopener\">www.hasici-velkytynec.estranky.cz<\/a><\/p>\n<p>SDH Velk\u00fd \u00dajezd &#8211; <a href=\"http:\/\/sdhvelkyujezd.wz.cz\" target=\"_blank\" rel=\"noopener\">sdhvelkyujezd.wz.cz<\/a><\/p>\n<p>SDH V\u011brovany &#8211; <a href=\"http:\/\/sdhverovany.jex.cz\/\" target=\"_blank\" rel=\"noopener\">http:\/\/sdhverovany.jex.cz\/<\/a><\/p>\n<p>SDH Vil\u00e9mov &#8211; <strong><span style=\"font-size: x-small;\"><a href=\"http:\/\/%20www.sdh-vilemov.wz.cz\/\" target=\"_blank\" rel=\"noopener\">www.sdh-vilemov.wz.cz<\/a><\/span><\/strong><\/p>\n","protected":false},"excerpt":{"rendered":"<p>Samospr\u00e1va Olomouck\u00fd kraj &#8211; www.kr-olomoucky.cz Unie nest\u00e1tn\u00edch neziskov\u00fdch organizac\u00ed &#8211; www.uno-ok.cz Hasi\u010dsk\u00e1 t\u00e9matika HZS Olomouck\u00e9ho kraje &#8211; http:\/\/www.hzscr.cz\/hzs-olomouckeho-kraje.aspx Odborov\u00fd svaz hasi\u010d\u016f &#8211; www.osh.cz X-flame, internetov\u00fd obchod &#8211; www.x-flame.cz DEVA, hasi\u010dsk\u00e1 v\u00fdstroj &#8211; www.deva-fm.cz Han\u00e1ck\u00e1 extraliga &hellip;<\/p>\n","protected":false},"author":1,"featured_media":0,"parent":0,"menu_order":12,"comment_status":"closed","ping_status":"closed","template":"","meta":{"ngg_post_thumbnail":0,"footnotes":""},"class_list":["post-63","page","type-page","status-publish","hentry"],"_links":{"self":[{"href":"https:\/\/oshol.hasici-ol.cz\/index.php?rest_route=\/wp\/v2\/pages\/63","targetHints":{"allow":["GET"]}}],"collection":[{"href":"https:\/\/oshol.hasici-ol.cz\/index.php?rest_route=\/wp\/v2\/pages"}],"about":[{"href":"https:\/\/oshol.hasici-ol.cz\/index.php?rest_route=\/wp\/v2\/types\/page"}],"author":[{"embeddable":true,"href":"https:\/\/oshol.hasici-ol.cz\/index.php?rest_route=\/wp\/v2\/users\/1"}],"replies":[{"embeddable":true,"href":"https:\/\/oshol.hasici-ol.cz\/index.php?rest_route=%2Fwp%2Fv2%2Fcomments&post=63"}],"version-history":[{"count":82,"href":"https:\/\/oshol.hasici-ol.cz\/index.php?rest_route=\/wp\/v2\/pages\/63\/revisions"}],"predecessor-version":[{"id":5291,"href":"https:\/\/oshol.hasici-ol.cz\/index.php?rest_route=\/wp\/v2\/pages\/63\/revisions\/5291"}],"wp:attachment":[{"href":"https:\/\/oshol.hasici-ol.cz\/index.php?rest_route=%2Fwp%2Fv2%2Fmedia&parent=63"}],"curies":[{"name":"wp","href":"https:\/\/api.w.org\/{rel}","templated":true}]}}