{"id":6746,"date":"2022-05-24T08:01:01","date_gmt":"2022-05-24T08:01:01","guid":{"rendered":"https:\/\/oshol.hasici-ol.cz\/?page_id=6746"},"modified":"2025-05-12T08:44:30","modified_gmt":"2025-05-12T08:44:30","slug":"dorost","status":"publish","type":"page","link":"https:\/\/oshol.hasici-ol.cz\/?page_id=6746","title":{"rendered":"Dorost"},"content":{"rendered":"<p><strong>2025<\/strong><\/p>\n<p><a href=\"https:\/\/oshol.hasici-ol.cz\/wp-content\/uploads\/2025\/05\/OZ-okresni_kolo_dorost-2025.pdf\">OZ-okresn\u00ed_kolo_dorost-2025<\/a><\/p>\n<p><strong>2024<\/strong><\/p>\n<p>Foto + videa Okresn\u00ed kolo dorost + PS <a href=\"https:\/\/www.rajce.idnes.cz\/osh-olomouc\/album\/dorost-ps-26-5-2024\">https:\/\/www.rajce.idnes.cz\/osh-olomouc\/album\/dorost-ps-26-5-2024<\/a><\/p>\n<p><a href=\"https:\/\/oshol.hasici-ol.cz\/wp-content\/uploads\/2024\/05\/OZ-okresni_kolo_dorost-2024.pdf\">OZ-okresn\u00ed_kolo_dorost<\/a><\/p>\n<p><strong>2023<\/strong><\/p>\n<p><a href=\"https:\/\/oshol.hasici-ol.cz\/wp-content\/uploads\/2023\/06\/Vysledky-krajske-kolo-dorostu.pdf\">V\u00fdsledky krajsk\u00e9 kolo dorostu<\/a><\/p>\n<p><a href=\"https:\/\/oshol.hasici-ol.cz\/wp-content\/uploads\/2023\/05\/pdf24_merged.pdf\">V\u00fdsledky okresn\u00ed kolo<\/a><\/p>\n<p><a href=\"https:\/\/oshol.hasici-ol.cz\/wp-content\/uploads\/2023\/04\/OZ-dorost-2023-1.pdf\">OZ okresn\u00edho kola dorostu<\/a><\/p>\n<p><strong>2022<\/strong><\/p>\n<p><a href=\"https:\/\/oshol.hasici-ol.cz\/wp-content\/uploads\/2022\/05\/Vysledky-okresni-kolo.pdf\">V\u00fdsledky okresn\u00ed kolo<\/a><\/p>\n<p><a href=\"https:\/\/oshol.hasici-ol.cz\/wp-content\/uploads\/2022\/05\/OZ-okresniho-kola-dorostu.pdf\">OZ okresn\u00edho kola dorostu<\/a><\/p>\n","protected":false},"excerpt":{"rendered":"<p>2025 OZ-okresn\u00ed_kolo_dorost-2025 2024 Foto + videa Okresn\u00ed kolo dorost + PS https:\/\/www.rajce.idnes.cz\/osh-olomouc\/album\/dorost-ps-26-5-2024 OZ-okresn\u00ed_kolo_dorost 2023 V\u00fdsledky krajsk\u00e9 kolo dorostu V\u00fdsledky okresn\u00ed kolo OZ okresn\u00edho kola dorostu 2022 V\u00fdsledky okresn\u00ed kolo OZ okresn\u00edho kola dorostu<\/p>\n","protected":false},"author":2,"featured_media":0,"parent":22,"menu_order":8,"comment_status":"closed","ping_status":"closed","template":"","meta":{"ngg_post_thumbnail":0,"footnotes":""},"class_list":["post-6746","page","type-page","status-publish","hentry"],"_links":{"self":[{"href":"https:\/\/oshol.hasici-ol.cz\/index.php?rest_route=\/wp\/v2\/pages\/6746","targetHints":{"allow":["GET"]}}],"collection":[{"href":"https:\/\/oshol.hasici-ol.cz\/index.php?rest_route=\/wp\/v2\/pages"}],"about":[{"href":"https:\/\/oshol.hasici-ol.cz\/index.php?rest_route=\/wp\/v2\/types\/page"}],"author":[{"embeddable":true,"href":"https:\/\/oshol.hasici-ol.cz\/index.php?rest_route=\/wp\/v2\/users\/2"}],"replies":[{"embeddable":true,"href":"https:\/\/oshol.hasici-ol.cz\/index.php?rest_route=%2Fwp%2Fv2%2Fcomments&post=6746"}],"version-history":[{"count":11,"href":"https:\/\/oshol.hasici-ol.cz\/index.php?rest_route=\/wp\/v2\/pages\/6746\/revisions"}],"predecessor-version":[{"id":7765,"href":"https:\/\/oshol.hasici-ol.cz\/index.php?rest_route=\/wp\/v2\/pages\/6746\/revisions\/7765"}],"up":[{"embeddable":true,"href":"https:\/\/oshol.hasici-ol.cz\/index.php?rest_route=\/wp\/v2\/pages\/22"}],"wp:attachment":[{"href":"https:\/\/oshol.hasici-ol.cz\/index.php?rest_route=%2Fwp%2Fv2%2Fmedia&parent=6746"}],"curies":[{"name":"wp","href":"https:\/\/api.w.org\/{rel}","templated":true}]}}