{"id":8,"date":"2010-03-22T18:36:09","date_gmt":"2010-03-22T18:36:09","guid":{"rendered":"http:\/\/192.168.13.234\/?page_id=8"},"modified":"2017-09-27T14:19:55","modified_gmt":"2017-09-27T14:19:55","slug":"organy-osh","status":"publish","type":"page","link":"https:\/\/oshol.hasici-ol.cz\/?page_id=8","title":{"rendered":"Org\u00e1ny OSH"},"content":{"rendered":"<p>V sekci &#8222;Org\u00e1ny OSH&#8220; jsou podrobn\u011b v jednotliv\u00fdch pododd\u00edlech p\u0159edstaveny okresn\u00ed odborn\u00e9 rady a to jejich slo\u017een\u00ed, z\u00e1pisy z jejich jedn\u00e1n\u00ed a ro\u010dn\u00ed zpr\u00e1vy rad. Je zde i seznam zaslou\u017e\u00edl\u00fdch hasi\u010d\u016f OSH Olomouc a pop\u0159\u00edpad\u011b i popis jejich \u010dinnosti. Dan\u00e9 zkratky p\u0159edstavuj\u00ed:<\/p>\n<p>OKRR &#8211; okresn\u00ed kontroln\u00ed a revizn\u00ed rada<\/p>\n<p>OORR &#8211; okresn\u00ed odborn\u00e1 rada represe<\/p>\n<p>OORM &#8211; okresn\u00ed odborn\u00e1 rada ml\u00e1de\u017ee<\/p>\n<p>OORP &#8211; okresn\u00ed odborn\u00e1 rada prevence<\/p>\n<p>Aktiv ZH &#8211; aktiv zaslou\u017eil\u00fdch hasi\u010d\u016f OSH Olomouc<\/p>\n","protected":false},"excerpt":{"rendered":"<p>V sekci &#8222;Org\u00e1ny OSH&#8220; jsou podrobn\u011b v jednotliv\u00fdch pododd\u00edlech p\u0159edstaveny okresn\u00ed odborn\u00e9 rady a to jejich slo\u017een\u00ed, z\u00e1pisy z jejich jedn\u00e1n\u00ed a ro\u010dn\u00ed zpr\u00e1vy rad. Je zde i seznam zaslou\u017e\u00edl\u00fdch hasi\u010d\u016f OSH Olomouc a pop\u0159\u00edpad\u011b &hellip;<\/p>\n","protected":false},"author":1,"featured_media":0,"parent":0,"menu_order":3,"comment_status":"closed","ping_status":"closed","template":"","meta":{"ngg_post_thumbnail":0,"footnotes":""},"class_list":["post-8","page","type-page","status-publish","hentry"],"_links":{"self":[{"href":"https:\/\/oshol.hasici-ol.cz\/index.php?rest_route=\/wp\/v2\/pages\/8","targetHints":{"allow":["GET"]}}],"collection":[{"href":"https:\/\/oshol.hasici-ol.cz\/index.php?rest_route=\/wp\/v2\/pages"}],"about":[{"href":"https:\/\/oshol.hasici-ol.cz\/index.php?rest_route=\/wp\/v2\/types\/page"}],"author":[{"embeddable":true,"href":"https:\/\/oshol.hasici-ol.cz\/index.php?rest_route=\/wp\/v2\/users\/1"}],"replies":[{"embeddable":true,"href":"https:\/\/oshol.hasici-ol.cz\/index.php?rest_route=%2Fwp%2Fv2%2Fcomments&post=8"}],"version-history":[{"count":4,"href":"https:\/\/oshol.hasici-ol.cz\/index.php?rest_route=\/wp\/v2\/pages\/8\/revisions"}],"predecessor-version":[{"id":5036,"href":"https:\/\/oshol.hasici-ol.cz\/index.php?rest_route=\/wp\/v2\/pages\/8\/revisions\/5036"}],"wp:attachment":[{"href":"https:\/\/oshol.hasici-ol.cz\/index.php?rest_route=%2Fwp%2Fv2%2Fmedia&parent=8"}],"curies":[{"name":"wp","href":"https:\/\/api.w.org\/{rel}","templated":true}]}}